{"id":772,"date":"2022-10-25T17:30:26","date_gmt":"2022-10-25T15:30:26","guid":{"rendered":"https:\/\/skuteczna-terapia.eu\/?page_id=772"},"modified":"2026-01-02T18:56:37","modified_gmt":"2026-01-02T17:56:37","slug":"sesje-indywidualne-%f0%9f%98%8a","status":"publish","type":"page","link":"https:\/\/skuteczna-terapia.eu\/?page_id=772","title":{"rendered":"TERAPIA \u2022 SESJE<!-- MailerLite Universal --> <script>     (function(w,d,e,u,f,l,n){w[f]=w[f]||function(){(w[f].q=w[f].q||[])     .push(arguments);},l=d.createElement(e),l.async=1,l.src=u,     n=d.getElementsByTagName(e)[0],n.parentNode.insertBefore(l,n);})     (window,document,'script','https:\/\/assets.mailerlite.com\/js\/universal.js','ml');     ml('account', '1537250'); <\/script> <!-- End MailerLite Universal -->"},"content":{"rendered":"\t\t<div data-elementor-type=\"wp-page\" data-elementor-id=\"772\" class=\"elementor elementor-772\">\n\t\t\t\t\t\t<section class=\"elementor-section elementor-top-section elementor-element elementor-element-4b3061c elementor-section-boxed elementor-section-height-default elementor-section-height-default wpr-particle-no wpr-jarallax-no wpr-parallax-no wpr-sticky-section-no\" data-id=\"4b3061c\" data-element_type=\"section\" data-e-type=\"section\">\n\t\t\t\t\t\t<div class=\"elementor-container elementor-column-gap-default\">\n\t\t\t\t\t<div class=\"elementor-column elementor-col-100 elementor-top-column elementor-element elementor-element-dd27115\" data-id=\"dd27115\" data-element_type=\"column\" data-e-type=\"column\">\n\t\t\t<div class=\"elementor-widget-wrap elementor-element-populated\">\n\t\t\t\t\t\t<div class=\"elementor-element elementor-element-c3e0a46 animated-slow elementor-invisible elementor-widget elementor-widget-text-editor\" data-id=\"c3e0a46\" data-element_type=\"widget\" data-e-type=\"widget\" data-settings=\"{&quot;_animation&quot;:&quot;zoomIn&quot;,&quot;_animation_delay&quot;:500}\" data-widget_type=\"text-editor.default\">\n\t\t\t\t<div class=\"elementor-widget-container\">\n\t\t\t\t\t\t\t\t\t<p><b>Mam ponad 25-letnie do\u015bwiadczenie i wykszta\u0142cenie<\/b> <span style=\"font-weight: normal;\">w sferze r\u00f3\u017cnych form terapii. Studiowa\u0142am <strong>Psychologi\u0119 Transpersonaln\u0105<\/strong> i <strong>Psychosyntez\u0119<\/strong> <span style=\"letter-spacing: 0px;\">oraz <strong>Hipnoterapi\u0119 Regresyjn\u0105<\/strong>. Ponadto <\/span>uczy\u0142am si\u0119 i pracowa\u0142am metodami: Ustawie\u0144 Rodzinnych Berta Hellingera, EFT-Tapping, The Compassion Key<span style=\"letter-spacing: 0px;\">\u00ae\ufe0f, Soul Realignment\u00ae\ufe0f.<\/span>\u00a0Dodatkowo uczy\u0142am si\u0119, praktykowa\u0142am i stosowa\u0142am w mojej pracy z klientami terapi\u0119 oddechem, tzw. Rebirthing i ta\u0144cem, oraz Jog\u0119 i medytacj\u0119. Mam te\u017c za sob\u0105 wiele lat praktyki i do\u015bwiadcze\u0144 poprzez \u015bcie\u017ck\u0119 duchow\u0105.<\/span><\/p><p><strong>Pracuj\u0105c z klientami \u0142\u0105cz\u0119 r\u00f3\u017cne elementy wymienionych metod, \u00a0skupiaj\u0105c si\u0119 na tych metodach, kt\u00f3re uznaj\u0119 za najbardziej efektywne:<span style=\"letter-spacing: 0px;\">\u00a0<\/span><\/strong><\/p><p><b style=\"letter-spacing: 0px;\">Metoda The Compassion Key<\/b><span style=\"letter-spacing: 0px;\">\u00ae\ufe0f oraz <strong>Hipnoterapia Regresyjna<\/strong> s\u0105<\/span><span style=\"letter-spacing: 0px;\"> moim zdaniem najbardziej skutecznymi metodami ze wszystkich, jakie do tej pory stosowa\u0142am. Jestem ich certyfikowanym terapeut\u0105. \u0141\u0105cz\u0119 je cz\u0119sto z<strong> elementami metody Ustawie\u0144 Rodzinnych <\/strong>w odniesieniu do ka\u017cdej formy problemu, dolegliwo\u015bci, czy zaburzenia. Moim g\u0142\u00f3wnym punktem skupienia i celem jest dobro klienta, jego poczucie bezpiecze\u0144stwa, zaufanie i skuteczno\u015b\u0107 procesu, poprzez kt\u00f3ry go prowadz\u0119.<\/span><\/p><p><b style=\"letter-spacing: 0px;\"><img fetchpriority=\"high\" decoding=\"async\" class=\"alignleft wp-image-3289 size-full\" src=\"https:\/\/skuteczna-terapia.eu\/wp-content\/uploads\/2025\/04\/images-1-e1763592054571.jpeg\" alt=\"\" width=\"314\" height=\"176\" \/><\/b><\/p><p><span style=\"text-decoration: underline;\"><strong>Sesja<\/strong><b style=\"letter-spacing: 0px;\"> indywidualna online <\/b><\/span>rozpoczyna si\u0119 rozmow\u0105 wst\u0119pn\u0105, aby okre\u015bli\u0107 problem oraz cel klienta. Nast\u0119pnie<span style=\"letter-spacing: 0px;\">\u00a0<\/span><span style=\"letter-spacing: 0px;\">bezpiecznie i skutecznie <span style=\"font-weight: normal;\">prowadz\u0119 go poprzez proces uwalniania emocjonalnie trudnych lub wr\u0119cz traumatycznych wspomnie\u0144 i do\u015bwiadcze\u0144 &#8211; maj\u0105cych korzenie w okresie dzieci\u0144stwa, w tym prenatalnym &#8211; oraz zwi\u0105zanych z nimi emocji, obraz\u00f3w\/my\u015bli\/przekona\u0144 i dozna\u0144 zapisanych na poziomie fizycznym, emocjonalnym i mentalnym, kt\u00f3re le\u017c\u0105 u podstaw \u00a0obecnych problem\u00f3w, trudno\u015bci, czy zmaga\u0144 w \u017cyciu doros\u0142ym klienta. A mog\u0105 nimi by\u0107:<\/span><\/span><\/p><ul style=\"list-style-position: outside; list-style-type: disc;\"><li><p><span style=\"font-weight: normal;\">l\u0119ki, gniew, wstyd, wina, bezsilno\u015b\u0107 oraz inne negatywne emocje i powi\u0105zany z nimi <\/span><span style=\"font-weight: normal;\">brak poczucia w\u0142asnej warto\u015bci,<\/span><\/p><\/li><\/ul><ul style=\"list-style-position: outside; list-style-type: disc;\"><li><p><span style=\"font-weight: normal;\">depresje i wszelkie <span style=\"letter-spacing: 0px;\">na\u0142ogi, <\/span><\/span><span style=\"letter-spacing: 0px; font-weight: normal;\">zaburzenia od\u017cywiania, oty\u0142o\u015b\u0107 <\/span><span style=\"font-weight: normal;\">i powi\u0105zane z nimi poczucie odrzucenia i porzucenia.<\/span><\/p><\/li><\/ul><ul style=\"list-style-position: outside; list-style-type: disc;\"><li><p><span style=\"font-weight: normal;\">problemy w relacjach, wsp\u00f3\u0142uzale\u017cnienie, przemoc emocjonalna i fizyczna, chroniczny stres, niepok\u00f3j, nerwice\u00a0<span style=\"letter-spacing: 0px; font-weight: normal;\">i powi\u0105zana z nimi auto-agresja i agresja wobec innych.<\/span><\/span><\/p><\/li><\/ul><ul style=\"list-style-position: outside; list-style-type: disc;\"><li><p><span style=\"font-weight: normal;\">k\u0142opoty finansowe i zawodowe, niemo\u017cno\u015b\u0107 realizacji siebie i swoich potrzeb i marze\u0144, <\/span><span style=\"font-weight: normal;\">niepowodzenia, pora\u017cki, straty i powi\u0105zany z nimi brak poczucia w\u0142asnej warto\u015bci, wiary w siebie i prawa do istnienia.\u00a0<\/span><\/p><\/li><li><p><span style=\"font-weight: normal;\">objawy psychosomatyczne, dolegliwo\u015bci fizyczne, choroby.<\/span><\/p><\/li><\/ul><p><strong>Proces ka\u017cdej pojedynczej sesji jest zawsze dope\u0142niony i zako\u0144czony.<\/strong><\/p>\t\t\t\t\t\t\t\t<\/div>\n\t\t\t\t<\/div>\n\t\t\t\t\t<\/div>\n\t\t<\/div>\n\t\t\t\t\t<\/div>\n\t\t<\/section>\n\t\t\t\t<section class=\"elementor-section elementor-top-section elementor-element elementor-element-393194a5 elementor-section-full_width elementor-section-height-default elementor-section-height-default wpr-particle-no wpr-jarallax-no wpr-parallax-no wpr-sticky-section-no\" data-id=\"393194a5\" data-element_type=\"section\" data-e-type=\"section\">\n\t\t\t\t\t\t<div class=\"elementor-container elementor-column-gap-default\">\n\t\t\t\t\t<div class=\"elementor-column elementor-col-100 elementor-top-column elementor-element elementor-element-6349d28\" data-id=\"6349d28\" data-element_type=\"column\" data-e-type=\"column\">\n\t\t\t<div class=\"elementor-widget-wrap elementor-element-populated\">\n\t\t\t\t\t\t<div class=\"elementor-element elementor-element-f266b94 elementor-align-center elementor-widget elementor-widget-button\" data-id=\"f266b94\" data-element_type=\"widget\" data-e-type=\"widget\" data-widget_type=\"button.default\">\n\t\t\t\t<div class=\"elementor-widget-container\">\n\t\t\t\t\t\t\t\t\t<div class=\"elementor-button-wrapper\">\n\t\t\t\t\t<a class=\"elementor-button elementor-button-link elementor-size-lg elementor-animation-pulse\" href=\"https:\/\/skuteczna-terapia.eu\/?page_id=1699\">\n\t\t\t\t\t\t<span class=\"elementor-button-content-wrapper\">\n\t\t\t\t\t\t\t\t\t<span class=\"elementor-button-text\">ZAM\u00d3W SESJ\u0118<\/span>\n\t\t\t\t\t<\/span>\n\t\t\t\t\t<\/a>\n\t\t\t\t<\/div>\n\t\t\t\t\t\t\t\t<\/div>\n\t\t\t\t<\/div>\n\t\t\t\t<div class=\"elementor-element elementor-element-4e825c7 elementor-align-center elementor-widget elementor-widget-button\" data-id=\"4e825c7\" data-element_type=\"widget\" data-e-type=\"widget\" data-widget_type=\"button.default\">\n\t\t\t\t<div class=\"elementor-widget-container\">\n\t\t\t\t\t\t\t\t\t<div class=\"elementor-button-wrapper\">\n\t\t\t\t\t<a class=\"elementor-button elementor-button-link elementor-size-lg elementor-animation-pulse\" href=\"https:\/\/skuteczna-terapia.eu\/?page_id=3633&#038;preview_id=3633&#038;\">\n\t\t\t\t\t\t<span class=\"elementor-button-content-wrapper\">\n\t\t\t\t\t\t\t\t\t<span class=\"elementor-button-text\">KONSULTACJA WST\u0118PNA<\/span>\n\t\t\t\t\t<\/span>\n\t\t\t\t\t<\/a>\n\t\t\t\t<\/div>\n\t\t\t\t\t\t\t\t<\/div>\n\t\t\t\t<\/div>\n\t\t\t\t<div class=\"elementor-element elementor-element-16212f0 elementor-align-center elementor-button-info elementor-widget__width-initial elementor-widget elementor-widget-button\" data-id=\"16212f0\" data-element_type=\"widget\" data-e-type=\"widget\" data-widget_type=\"button.default\">\n\t\t\t\t<div class=\"elementor-widget-container\">\n\t\t\t\t\t\t\t\t\t<div class=\"elementor-button-wrapper\">\n\t\t\t\t\t<a class=\"elementor-button elementor-button-link elementor-size-lg elementor-animation-pulse\" href=\"https:\/\/skuteczna-terapia.eu\/?page_id=1764\">\n\t\t\t\t\t\t<span class=\"elementor-button-content-wrapper\">\n\t\t\t\t\t\t\t\t\t<span class=\"elementor-button-text\">CZYM JEST THE COMPASSION KEY\u00ae?<\/span>\n\t\t\t\t\t<\/span>\n\t\t\t\t\t<\/a>\n\t\t\t\t<\/div>\n\t\t\t\t\t\t\t\t<\/div>\n\t\t\t\t<\/div>\n\t\t\t\t<div class=\"elementor-element elementor-element-68b7d7d elementor-align-center elementor-widget elementor-widget-button\" data-id=\"68b7d7d\" data-element_type=\"widget\" data-e-type=\"widget\" data-widget_type=\"button.default\">\n\t\t\t\t<div class=\"elementor-widget-container\">\n\t\t\t\t\t\t\t\t\t<div class=\"elementor-button-wrapper\">\n\t\t\t\t\t<a class=\"elementor-button elementor-button-link elementor-size-lg elementor-animation-pulse\" href=\"https:\/\/skuteczna-terapia.eu\/?page_id=3701\">\n\t\t\t\t\t\t<span class=\"elementor-button-content-wrapper\">\n\t\t\t\t\t\t\t\t\t<span class=\"elementor-button-text\">CZYM JEST HIPNOTERAPIA REGRESYJNA?<\/span>\n\t\t\t\t\t<\/span>\n\t\t\t\t\t<\/a>\n\t\t\t\t<\/div>\n\t\t\t\t\t\t\t\t<\/div>\n\t\t\t\t<\/div>\n\t\t\t\t\t<\/div>\n\t\t<\/div>\n\t\t\t\t\t<\/div>\n\t\t<\/section>\n\t\t\t\t<section class=\"elementor-section elementor-top-section elementor-element elementor-element-ef5c795 elementor-section-full_width elementor-section-height-default elementor-section-height-default wpr-particle-no wpr-jarallax-no wpr-parallax-no wpr-sticky-section-no\" data-id=\"ef5c795\" data-element_type=\"section\" data-e-type=\"section\">\n\t\t\t\t\t\t<div class=\"elementor-container elementor-column-gap-extended\">\n\t\t\t\t\t<div class=\"elementor-column elementor-col-100 elementor-top-column elementor-element elementor-element-01aa10b\" data-id=\"01aa10b\" data-element_type=\"column\" data-e-type=\"column\">\n\t\t\t<div class=\"elementor-widget-wrap elementor-element-populated\">\n\t\t\t\t\t\t<div class=\"elementor-element elementor-element-c066acf elementor-widget elementor-widget-text-editor\" data-id=\"c066acf\" data-element_type=\"widget\" data-e-type=\"widget\" data-widget_type=\"text-editor.default\">\n\t\t\t\t<div class=\"elementor-widget-container\">\n\t\t\t\t\t\t\t\t\t<h5>\u00a0<\/h5><h5 style=\"text-align: center;\"><b style=\"letter-spacing: 0px;\">CO M\u00d3WI\u0104 KLIENCI I UCZESTNICY&#8230;<\/b><\/h5><blockquote><p>\u201eSesja z Isabell\u0105 jest naprawd\u0119 czym\u015b bardzo niezwyk\u0142ym. Do\u015b\u0107 sceptycznie i z du\u017c\u0105 rezerw\u0105 podchodzi\u0142am do tego spotkania, ale pewne \u017cyciowe sytuacje wymagaly podj\u0119cia kolejnej pr\u00f3by uporania si\u0119 z nimi. Dlatego w ko\u0144cu zdecydowa\u0142am si\u0119 spr\u00f3bowa\u0107. Mog\u0119 powiedzie\u0107, \u017ce trzeba by\u0142o zrobi\u0107 to szybciej, ale mo\u017ce tak mia\u0142o by\u0107? A mo\u017ce jednak dopiero teraz by\u0142 dla mnie w\u0142a\u015bciwy moment w \u017cyciu, \u017ceby pozamyka\u0107 pewne sprawy, odci\u0105\u0107 przys\u0142owiow\u0105 p\u0119powin\u0119, kt\u00f3r\u0105 notabene przecina\u0142am podczas pierwszej sesji! Pierwsza sesja by\u0142a trudna i d\u0142uga ale zako\u0144czona sukcesem! Intencja drugiej sesji by\u0142a dla mnie bardzo, bardzo osobista, dotyka\u0142a mnie jako matki i zagubionej mi\u0142o\u015bci do w\u0142asnej c\u00f3rki, z jakiego\u015b powodu, trudno mi si\u0119 z tym \u017cy\u0142o, co te\u017c mia\u0142o wp\u0142yw na moich najbli\u017cszych. Natomiast ta sesja by\u0142a wyj\u0105tkowa, magiczna i przepe\u0142niona ogromn\u0105 ilo\u015bci\u0105 \u015bwiat\u0142a, podczas kt\u00f3rej czu\u0142am, jak do mojego cia\u0142a i serca wraca to pi\u0119kne uczucie, kiedy po raz pierwszy zobaczy\u0142am swoj\u0105 c\u00f3rk\u0119 po porodzie. Tak mi tego brakowa\u0142o, \u017ce \u0142zy same lecia\u0142y z oczu, nawet teraz kiedy to pisze, r\u00f3wnie\u017c nap\u0142ywaj\u0105. Sesja by\u0142a wyj\u0105tkowo oczyszczaj\u0105ca z przesz\u0142o\u015bci, jak si\u0119 okaza\u0142o nie tylko mojej, ale te\u017c ta pustka zosta\u0142a wype\u0142niona mi\u0142o\u015bci\u0105, prawdziw\u0105, bezwarunkow\u0105. Efekt na codzie\u0144 jest bardzo subtelny ale ja go czuj\u0119 w sobie, ale najwa\u017cniejsze, \u017ce moi bliscy r\u00f3wnie\u017c to czuj\u0105, relacja z c\u00f3rk\u0105 jest teraz zdecydowanie bardziej prawdziwsza, g\u0142\u0119bsza i bezwarunkow\u0105, jestem te\u017c cierpliwsza i spokojniejsza. Przebieg sesji by\u0142 zawsze dla mnie du\u017cym zaskoczeniem, ale dzi\u0119ki Isabelli czu\u0142am si\u0119 bezpiecznie, prowadzi\u0142a mnie z du\u017cym wyczuciem moment\u00f3w w kt\u00f3rych tego potrzebowa\u0142am. Niesamowite prze\u017cycie wewn\u0119trzne, ale z realnymi efektami widocznymi na zewn\u0105trz. \u017badne sesje z psychologami nie da\u0142y mi tego co osi\u0105gn\u0119\u0142am dzi\u0119ki 2 sesjom z Isabell\u0105. Jestem jej bardzo wdzi\u0119czna za wsparcie oraz znajomej kt\u00f3ra mnie do niej zaprowadzi\u0142a.\u201d \u00a0Lidia<\/p><\/blockquote>\t\t\t\t\t\t\t\t<\/div>\n\t\t\t\t<\/div>\n\t\t\t\t<div class=\"elementor-element elementor-element-c1db0bd elementor-align-center elementor-widget elementor-widget-button\" data-id=\"c1db0bd\" data-element_type=\"widget\" data-e-type=\"widget\" data-widget_type=\"button.default\">\n\t\t\t\t<div class=\"elementor-widget-container\">\n\t\t\t\t\t\t\t\t\t<div class=\"elementor-button-wrapper\">\n\t\t\t\t\t<a class=\"elementor-button elementor-button-link elementor-size-lg elementor-animation-pulse\" href=\"https:\/\/skuteczna-terapia.eu\/?page_id=2737(otworzy%20si\u0119%20w%20nowej%20karcie)\">\n\t\t\t\t\t\t<span class=\"elementor-button-content-wrapper\">\n\t\t\t\t\t\t\t\t\t<span class=\"elementor-button-text\">WI\u0118CEJ OPINII KLIENT\u00d3W<\/span>\n\t\t\t\t\t<\/span>\n\t\t\t\t\t<\/a>\n\t\t\t\t<\/div>\n\t\t\t\t\t\t\t\t<\/div>\n\t\t\t\t<\/div>\n\t\t\t\t\t<\/div>\n\t\t<\/div>\n\t\t\t\t\t<\/div>\n\t\t<\/section>\n\t\t\t\t<\/div>\n\t\t","protected":false},"excerpt":{"rendered":"<p>Mam ponad 25-letnie do\u015bwiadczenie i wykszta\u0142cenie w sferze r\u00f3\u017cnych form terapii. Studiowa\u0142am Psychologi\u0119 Transpersonaln\u0105 i Psychosyntez\u0119 oraz Hipnoterapi\u0119 Regresyjn\u0105. Ponadto uczy\u0142am si\u0119 i pracowa\u0142am metodami: Ustawie\u0144 Rodzinnych Berta Hellingera, EFT-Tapping, The Compassion Key\u00ae\ufe0f, Soul Realignment\u00ae\ufe0f.\u00a0Dodatkowo uczy\u0142am si\u0119, praktykowa\u0142am i stosowa\u0142am w mojej pracy z klientami terapi\u0119 oddechem, tzw. Rebirthing i ta\u0144cem, oraz Jog\u0119 i medytacj\u0119. Mam te\u017c za sob\u0105 wiele lat praktyki i do\u015bwiadcze\u0144 poprzez \u015bcie\u017ck\u0119 duchow\u0105. Pracuj\u0105c z klientami \u0142\u0105cz\u0119 r\u00f3\u017cne elementy wymienionych metod, \u00a0skupiaj\u0105c si\u0119 na tych metodach, kt\u00f3re uznaj\u0119 za najbardziej efektywne:\u00a0 Metoda The Compassion Key\u00ae\ufe0f oraz Hipnoterapia Regresyjna s\u0105 moim zdaniem najbardziej skutecznymi metodami ze wszystkich, jakie do tej pory stosowa\u0142am. Jestem ich certyfikowanym terapeut\u0105. \u0141\u0105cz\u0119 je cz\u0119sto z elementami metody Ustawie\u0144 Rodzinnych w odniesieniu do ka\u017cdej formy problemu, dolegliwo\u015bci, czy zaburzenia. Moim g\u0142\u00f3wnym punktem skupienia i celem jest dobro klienta, jego poczucie bezpiecze\u0144stwa, zaufanie i skuteczno\u015b\u0107 procesu, poprzez kt\u00f3ry go prowadz\u0119. Sesja indywidualna online rozpoczyna si\u0119 rozmow\u0105 wst\u0119pn\u0105, aby okre\u015bli\u0107 problem oraz cel klienta. Nast\u0119pnie\u00a0bezpiecznie i skutecznie prowadz\u0119 go poprzez proces uwalniania emocjonalnie trudnych lub wr\u0119cz traumatycznych wspomnie\u0144 i do\u015bwiadcze\u0144 &#8211; maj\u0105cych korzenie w okresie dzieci\u0144stwa, w tym prenatalnym &#8211; oraz zwi\u0105zanych z nimi emocji, obraz\u00f3w\/my\u015bli\/przekona\u0144 i dozna\u0144 zapisanych na poziomie fizycznym, emocjonalnym i mentalnym, kt\u00f3re le\u017c\u0105 u podstaw \u00a0obecnych problem\u00f3w, trudno\u015bci, czy zmaga\u0144 w \u017cyciu doros\u0142ym klienta. A mog\u0105 nimi by\u0107: l\u0119ki, gniew, wstyd, wina, bezsilno\u015b\u0107 oraz inne negatywne emocje i powi\u0105zany z nimi brak poczucia w\u0142asnej warto\u015bci, depresje i wszelkie na\u0142ogi, zaburzenia od\u017cywiania, oty\u0142o\u015b\u0107 i powi\u0105zane z nimi poczucie odrzucenia i porzucenia. problemy w relacjach, wsp\u00f3\u0142uzale\u017cnienie, przemoc emocjonalna i fizyczna, chroniczny stres, niepok\u00f3j, nerwice\u00a0i powi\u0105zana z nimi auto-agresja i agresja wobec innych. k\u0142opoty finansowe i zawodowe, niemo\u017cno\u015b\u0107 realizacji siebie i swoich potrzeb i marze\u0144, niepowodzenia, pora\u017cki, straty i powi\u0105zany z nimi brak poczucia w\u0142asnej warto\u015bci, wiary w siebie i prawa do istnienia.\u00a0 objawy psychosomatyczne, dolegliwo\u015bci fizyczne, choroby. Proces ka\u017cdej pojedynczej sesji jest zawsze dope\u0142niony i zako\u0144czony. ZAM\u00d3W SESJ\u0118 KONSULTACJA WST\u0118PNA CZYM JEST THE COMPASSION KEY\u00ae? CZYM JEST HIPNOTERAPIA REGRESYJNA? \u00a0 CO M\u00d3WI\u0104 KLIENCI I UCZESTNICY&#8230; \u201eSesja z Isabell\u0105 jest naprawd\u0119 czym\u015b bardzo niezwyk\u0142ym. Do\u015b\u0107 sceptycznie i z du\u017c\u0105 rezerw\u0105 podchodzi\u0142am do tego spotkania, ale pewne \u017cyciowe sytuacje wymagaly podj\u0119cia kolejnej pr\u00f3by uporania si\u0119 z nimi. Dlatego w ko\u0144cu zdecydowa\u0142am si\u0119 spr\u00f3bowa\u0107. Mog\u0119 powiedzie\u0107, \u017ce trzeba by\u0142o zrobi\u0107 to szybciej, ale mo\u017ce tak mia\u0142o by\u0107? A mo\u017ce jednak dopiero teraz by\u0142 dla mnie w\u0142a\u015bciwy moment w \u017cyciu, \u017ceby pozamyka\u0107 pewne sprawy, odci\u0105\u0107 przys\u0142owiow\u0105 p\u0119powin\u0119, kt\u00f3r\u0105 notabene przecina\u0142am podczas pierwszej sesji! Pierwsza sesja by\u0142a trudna i d\u0142uga ale zako\u0144czona sukcesem! Intencja drugiej sesji by\u0142a dla mnie bardzo, bardzo osobista, dotyka\u0142a mnie jako matki i zagubionej mi\u0142o\u015bci do w\u0142asnej c\u00f3rki, z jakiego\u015b powodu, trudno mi si\u0119 z tym \u017cy\u0142o, co te\u017c mia\u0142o wp\u0142yw na moich najbli\u017cszych. Natomiast ta sesja by\u0142a wyj\u0105tkowa, magiczna i przepe\u0142niona ogromn\u0105 ilo\u015bci\u0105 \u015bwiat\u0142a, podczas kt\u00f3rej czu\u0142am, jak do mojego cia\u0142a i serca wraca to pi\u0119kne uczucie, kiedy po raz pierwszy zobaczy\u0142am swoj\u0105 c\u00f3rk\u0119 po porodzie. Tak mi tego brakowa\u0142o, \u017ce \u0142zy same lecia\u0142y z oczu, nawet teraz kiedy to pisze, r\u00f3wnie\u017c nap\u0142ywaj\u0105. Sesja by\u0142a wyj\u0105tkowo oczyszczaj\u0105ca z przesz\u0142o\u015bci, jak si\u0119 okaza\u0142o nie tylko mojej, ale te\u017c ta pustka zosta\u0142a wype\u0142niona mi\u0142o\u015bci\u0105, prawdziw\u0105, bezwarunkow\u0105. Efekt na codzie\u0144 jest bardzo subtelny ale ja go czuj\u0119 w sobie, ale najwa\u017cniejsze, \u017ce moi bliscy r\u00f3wnie\u017c to czuj\u0105, relacja z c\u00f3rk\u0105 jest teraz zdecydowanie bardziej prawdziwsza, g\u0142\u0119bsza i bezwarunkow\u0105, jestem te\u017c cierpliwsza i spokojniejsza. Przebieg sesji by\u0142 zawsze dla mnie du\u017cym zaskoczeniem, ale dzi\u0119ki Isabelli czu\u0142am si\u0119 bezpiecznie, prowadzi\u0142a mnie z du\u017cym wyczuciem moment\u00f3w w kt\u00f3rych tego potrzebowa\u0142am. Niesamowite prze\u017cycie wewn\u0119trzne, ale z realnymi efektami widocznymi na zewn\u0105trz. \u017badne sesje z psychologami nie da\u0142y mi tego co osi\u0105gn\u0119\u0142am dzi\u0119ki 2 sesjom z Isabell\u0105. Jestem jej bardzo wdzi\u0119czna za wsparcie oraz znajomej kt\u00f3ra mnie do niej zaprowadzi\u0142a.\u201d \u00a0Lidia WI\u0118CEJ OPINII KLIENT\u00d3W<\/p>\n","protected":false},"author":1,"featured_media":0,"parent":0,"menu_order":0,"comment_status":"closed","ping_status":"closed","template":"","meta":{"footnotes":""},"class_list":["post-772","page","type-page","status-publish","hentry"],"_links":{"self":[{"href":"https:\/\/skuteczna-terapia.eu\/index.php?rest_route=\/wp\/v2\/pages\/772","targetHints":{"allow":["GET"]}}],"collection":[{"href":"https:\/\/skuteczna-terapia.eu\/index.php?rest_route=\/wp\/v2\/pages"}],"about":[{"href":"https:\/\/skuteczna-terapia.eu\/index.php?rest_route=\/wp\/v2\/types\/page"}],"author":[{"embeddable":true,"href":"https:\/\/skuteczna-terapia.eu\/index.php?rest_route=\/wp\/v2\/users\/1"}],"replies":[{"embeddable":true,"href":"https:\/\/skuteczna-terapia.eu\/index.php?rest_route=%2Fwp%2Fv2%2Fcomments&post=772"}],"version-history":[{"count":371,"href":"https:\/\/skuteczna-terapia.eu\/index.php?rest_route=\/wp\/v2\/pages\/772\/revisions"}],"predecessor-version":[{"id":3714,"href":"https:\/\/skuteczna-terapia.eu\/index.php?rest_route=\/wp\/v2\/pages\/772\/revisions\/3714"}],"wp:attachment":[{"href":"https:\/\/skuteczna-terapia.eu\/index.php?rest_route=%2Fwp%2Fv2%2Fmedia&parent=772"}],"curies":[{"name":"wp","href":"https:\/\/api.w.org\/{rel}","templated":true}]}}