{"id":715,"date":"2022-10-12T18:48:46","date_gmt":"2022-10-12T16:48:46","guid":{"rendered":"https:\/\/skuteczna-terapia.eu\/?page_id=715"},"modified":"2026-01-02T19:15:33","modified_gmt":"2026-01-02T18:15:33","slug":"spolecznosc-%f0%9f%98%8a%f0%9f%98%8a%f0%9f%98%8a","status":"publish","type":"page","link":"https:\/\/skuteczna-terapia.eu\/?page_id=715","title":{"rendered":"TWORZYMY SPO\u0141ECZNO\u015a\u0106\u00a0"},"content":{"rendered":"\t\t<div data-elementor-type=\"wp-page\" data-elementor-id=\"715\" class=\"elementor elementor-715\">\n\t\t\t\t\t\t<section class=\"elementor-section elementor-top-section elementor-element elementor-element-6c4a7dcf elementor-section-boxed elementor-section-height-default elementor-section-height-default wpr-particle-no wpr-jarallax-no wpr-parallax-no wpr-sticky-section-no\" data-id=\"6c4a7dcf\" data-element_type=\"section\" data-e-type=\"section\">\n\t\t\t\t\t\t<div class=\"elementor-container elementor-column-gap-default\">\n\t\t\t\t\t<div class=\"elementor-column elementor-col-100 elementor-top-column elementor-element elementor-element-13f70afb\" data-id=\"13f70afb\" data-element_type=\"column\" data-e-type=\"column\">\n\t\t\t<div class=\"elementor-widget-wrap elementor-element-populated\">\n\t\t\t\t\t\t<div class=\"elementor-element elementor-element-1472b506 elementor-widget__width-initial elementor-widget elementor-widget-text-editor\" data-id=\"1472b506\" data-element_type=\"widget\" data-e-type=\"widget\" data-widget_type=\"text-editor.default\">\n\t\t\t\t<div class=\"elementor-widget-container\">\n\t\t\t\t\t\t\t\t\t<h5 style=\"text-align: center;\">WITAJ!\u00a0<\/h5>\n<p style=\"text-align: center;\">Zapraszam serdecznie przy\u0142\u0105cz si\u0119 do nas, aby wsp\u00f3lnie tworzy\u0107,\u00a0<span style=\"letter-spacing: 0px;\">wspiera\u0107 si\u0119,\u00a0<\/span><span style=\"letter-spacing: 0px;\">pomaga\u0107 sobie i inspirowa\u0107. Stworzy\u0142am w tym celu grup\u0119 na Facebooku,\u00a0<\/span><\/p>\n<h5 style=\"text-align: center;\"><strong>T<img decoding=\"async\" class=\"emoji\" role=\"img\" draggable=\"false\" src=\"https:\/\/s.w.org\/images\/core\/emoji\/15.0.3\/svg\/1f60a.svg\" alt=\"\ud83d\ude0a\" \/>TALNA OD\u2022N<img decoding=\"async\" class=\"emoji\" role=\"img\" draggable=\"false\" src=\"https:\/\/s.w.org\/images\/core\/emoji\/15.0.3\/svg\/1f60a.svg\" alt=\"\ud83d\ude0a\" \/>WA<\/strong><\/h5>\n<p style=\"text-align: center;\">oraz moj\u0105 biznespage<\/p>\n<h5 style=\"text-align: center;\"><img decoding=\"async\" class=\"emoji aligncenter\" role=\"img\" draggable=\"false\" src=\"https:\/\/s.w.org\/images\/core\/emoji\/15.0.3\/svg\/2600.svg\" alt=\"\u2600\ufe0f\" \/><strong>SKUTECZNA TERAPIA &#8211; TOTALNA ODNOWA<img decoding=\"async\" class=\"emoji aligncenter\" role=\"img\" draggable=\"false\" src=\"https:\/\/s.w.org\/images\/core\/emoji\/15.0.3\/svg\/2600.svg\" alt=\"\u2600\ufe0f\" \/><\/strong><\/h5>\n<p style=\"text-align: center;\">Zapraszam do odwiedzenia ich, kto wie mo\u017ce ci si\u0119 spodobaj\u0105 i z nami zostaniesz. B\u0119d\u0119 tam sukcesywnie dzieli\u0107 si\u0119 moimi do\u015bwiadczeniami i wiedz\u0105, organizowa\u0107 wydarzenia i lajwy, podczas kt\u00f3rych b\u0119d\u0119 prezentowa\u0107 metody, kt\u00f3rymi pracuj\u0119 i prowadzi\u0107 grupowe procesy uzdrawiania.<\/p>\n<p style=\"text-align: center;\"><span style=\"letter-spacing: 0px; color: #030303; font-family: Montserrat; font-size: 18px; font-weight: 600;\">Serdecznie zapraszam!<\/span><span style=\"letter-spacing: 0px; font-size: 18px; font-weight: 600; font-family: 'Open Sans';\"><span style=\"font-size: 15px; letter-spacing: 0px;\"><img decoding=\"async\" class=\"emoji\" style=\"letter-spacing: 0px;\" role=\"img\" draggable=\"false\" src=\"https:\/\/s.w.org\/images\/core\/emoji\/15.0.3\/svg\/2600.svg\" alt=\"\u2600\ufe0f\" \/><\/span><\/span><\/p>\n<p><!-- \/wp:paragraph --><\/p>\n<p><!-- wp:paragraph --><\/p>\n<p><!-- \/wp:paragraph --><\/p>\t\t\t\t\t\t\t\t<\/div>\n\t\t\t\t<\/div>\n\t\t\t\t\t<\/div>\n\t\t<\/div>\n\t\t\t\t\t<\/div>\n\t\t<\/section>\n\t\t\t\t<section class=\"elementor-section elementor-top-section elementor-element elementor-element-738aea9 elementor-section-full_width elementor-section-height-default elementor-section-height-default wpr-particle-no wpr-jarallax-no wpr-parallax-no wpr-sticky-section-no\" data-id=\"738aea9\" data-element_type=\"section\" data-e-type=\"section\">\n\t\t\t\t\t\t<div class=\"elementor-container elementor-column-gap-default\">\n\t\t\t\t\t<div class=\"elementor-column elementor-col-100 elementor-top-column elementor-element elementor-element-ad772b1\" data-id=\"ad772b1\" data-element_type=\"column\" data-e-type=\"column\">\n\t\t\t<div class=\"elementor-widget-wrap elementor-element-populated\">\n\t\t\t\t\t\t<div class=\"elementor-element elementor-element-a3288df elementor-align-center animated-slow elementor-invisible elementor-widget elementor-widget-button\" data-id=\"a3288df\" data-element_type=\"widget\" data-e-type=\"widget\" data-settings=\"{&quot;_animation&quot;:&quot;pulse&quot;}\" data-widget_type=\"button.default\">\n\t\t\t\t<div class=\"elementor-widget-container\">\n\t\t\t\t\t\t\t\t\t<div class=\"elementor-button-wrapper\">\n\t\t\t\t\t<a class=\"elementor-button elementor-button-link elementor-size-sm\" href=\"https:\/\/www.facebook.com\/profile.php?id=100090138883381\">\n\t\t\t\t\t\t<span class=\"elementor-button-content-wrapper\">\n\t\t\t\t\t\t\t\t\t<span class=\"elementor-button-text\">ODWIED\u0179 SKUTECZNA TERAPIA<\/span>\n\t\t\t\t\t<\/span>\n\t\t\t\t\t<\/a>\n\t\t\t\t<\/div>\n\t\t\t\t\t\t\t\t<\/div>\n\t\t\t\t<\/div>\n\t\t\t\t<div class=\"elementor-element elementor-element-2e8fa7b elementor-align-center elementor-invisible elementor-widget elementor-widget-button\" data-id=\"2e8fa7b\" data-element_type=\"widget\" data-e-type=\"widget\" data-settings=\"{&quot;_animation&quot;:&quot;pulse&quot;}\" data-widget_type=\"button.default\">\n\t\t\t\t<div class=\"elementor-widget-container\">\n\t\t\t\t\t\t\t\t\t<div class=\"elementor-button-wrapper\">\n\t\t\t\t\t<a class=\"elementor-button elementor-button-link elementor-size-sm\" href=\"https:\/\/www.facebook.com\/share\/s6ENJuWGZ3SHvAvA\/?mibextid=K35XfP\">\n\t\t\t\t\t\t<span class=\"elementor-button-content-wrapper\">\n\t\t\t\t\t\t\t\t\t<span class=\"elementor-button-text\">ODWIED\u0179 TOTALNA OD-NOWA<\/span>\n\t\t\t\t\t<\/span>\n\t\t\t\t\t<\/a>\n\t\t\t\t<\/div>\n\t\t\t\t\t\t\t\t<\/div>\n\t\t\t\t<\/div>\n\t\t\t\t\t<\/div>\n\t\t<\/div>\n\t\t\t\t\t<\/div>\n\t\t<\/section>\n\t\t\t\t<section class=\"elementor-section elementor-top-section elementor-element elementor-element-2af8f69 elementor-section-boxed elementor-section-height-default elementor-section-height-default wpr-particle-no wpr-jarallax-no wpr-parallax-no wpr-sticky-section-no\" data-id=\"2af8f69\" data-element_type=\"section\" data-e-type=\"section\">\n\t\t\t\t\t\t<div class=\"elementor-container elementor-column-gap-default\">\n\t\t\t\t\t<div class=\"elementor-column elementor-col-100 elementor-top-column elementor-element elementor-element-636105b\" data-id=\"636105b\" data-element_type=\"column\" data-e-type=\"column\">\n\t\t\t<div class=\"elementor-widget-wrap elementor-element-populated\">\n\t\t\t\t\t\t<div class=\"elementor-element elementor-element-f6f5bda elementor-widget elementor-widget-text-editor\" data-id=\"f6f5bda\" data-element_type=\"widget\" data-e-type=\"widget\" data-widget_type=\"text-editor.default\">\n\t\t\t\t<div class=\"elementor-widget-container\">\n\t\t\t\t\t\t\t\t\t<h5 style=\"text-align: center;\"><b style=\"letter-spacing: 0px;\">CO M\u00d3WI\u0104 KLIENCI I UCZESTNICY&#8230;<\/b><\/h5>\n<blockquote>\n<p>\u201eSesja z Isabell\u0105 jest naprawd\u0119 czym\u015b bardzo niezwyk\u0142ym. Do\u015b\u0107 sceptycznie i z du\u017c\u0105 rezerw\u0105 podchodzi\u0142am do tego spotkania, ale pewne \u017cyciowe sytuacje wymagaly podj\u0119cia kolejnej pr\u00f3by uporania si\u0119 z nimi. Dlatego w ko\u0144cu zdecydowa\u0142am si\u0119 spr\u00f3bowa\u0107. Mog\u0119 powiedzie\u0107, \u017ce trzeba by\u0142o zrobi\u0107 to szybciej, ale mo\u017ce tak mia\u0142o by\u0107? A mo\u017ce jednak dopiero teraz by\u0142 dla mnie w\u0142a\u015bciwy moment w \u017cyciu, \u017ceby pozamyka\u0107 pewne sprawy, odci\u0105\u0107 przys\u0142owiow\u0105 p\u0119powin\u0119, kt\u00f3r\u0105 notabene przecina\u0142am podczas pierwszej sesji! Pierwsza sesja by\u0142a trudna i d\u0142uga ale zako\u0144czona sukcesem! Intencja drugiej sesji by\u0142a dla mnie bardzo, bardzo osobista, dotyka\u0142a mnie jako matki i zagubionej mi\u0142o\u015bci do w\u0142asnej c\u00f3rki, z jakiego\u015b powodu, trudno mi si\u0119 z tym \u017cy\u0142o, co te\u017c mia\u0142o wp\u0142yw na moich najbli\u017cszych. Natomiast ta sesja by\u0142a wyj\u0105tkowa, magiczna i przepe\u0142niona ogromn\u0105 ilo\u015bci\u0105 \u015bwiat\u0142a, podczas kt\u00f3rej czu\u0142am, jak do mojego cia\u0142a i serca wraca to pi\u0119kne uczucie, kiedy po raz pierwszy zobaczy\u0142am swoj\u0105 c\u00f3rk\u0119 po porodzie. Tak mi tego brakowa\u0142o, \u017ce \u0142zy same lecia\u0142y z oczu, nawet teraz kiedy to pisze, r\u00f3wnie\u017c nap\u0142ywaj\u0105. Sesja by\u0142a wyj\u0105tkowo oczyszczaj\u0105ca z przesz\u0142o\u015bci, jak si\u0119 okaza\u0142o nie tylko mojej, ale te\u017c ta pustka zosta\u0142a wype\u0142niona mi\u0142o\u015bci\u0105, prawdziw\u0105, bezwarunkow\u0105. Efekt na codzie\u0144 jest bardzo subtelny ale ja go czuj\u0119 w sobie, ale najwa\u017cniejsze, \u017ce moi bliscy r\u00f3wnie\u017c to czuj\u0105, relacja z c\u00f3rk\u0105 jest teraz zdecydowanie bardziej prawdziwsza, g\u0142\u0119bsza i bezwarunkow\u0105, jestem te\u017c cierpliwsza i spokojniejsza. Przebieg sesji by\u0142 zawsze dla mnie du\u017cym zaskoczeniem, ale dzi\u0119ki Isabelli czu\u0142am si\u0119 bezpiecznie, prowadzi\u0142a mnie z du\u017cym wyczuciem moment\u00f3w w kt\u00f3rych tego potrzebowa\u0142am. Niesamowite prze\u017cycie wewn\u0119trzne, ale z realnymi efektami widocznymi na zewn\u0105trz. \u017badne sesje z psychologami nie da\u0142y mi tego co osi\u0105gn\u0119\u0142am dzi\u0119ki 2 sesjom z Isabell\u0105. Jestem jej bardzo wdzi\u0119czna za wsparcie oraz znajomej kt\u00f3ra mnie do niej zaprowadzi\u0142a.\u201d \u00a0Lidia<\/p>\n<\/blockquote>\t\t\t\t\t\t\t\t<\/div>\n\t\t\t\t<\/div>\n\t\t\t\t<div class=\"elementor-element elementor-element-2235c0f elementor-align-center elementor-widget elementor-widget-button\" data-id=\"2235c0f\" data-element_type=\"widget\" data-e-type=\"widget\" data-widget_type=\"button.default\">\n\t\t\t\t<div class=\"elementor-widget-container\">\n\t\t\t\t\t\t\t\t\t<div class=\"elementor-button-wrapper\">\n\t\t\t\t\t<a class=\"elementor-button elementor-button-link elementor-size-lg elementor-animation-pulse\" href=\"https:\/\/skuteczna-terapia.eu\/?page_id=2737(otworzy%20si\u0119%20w%20nowej%20karcie)\">\n\t\t\t\t\t\t<span class=\"elementor-button-content-wrapper\">\n\t\t\t\t\t\t\t\t\t<span class=\"elementor-button-text\">WI\u0118CEJ OPINII KLIENT\u00d3W<\/span>\n\t\t\t\t\t<\/span>\n\t\t\t\t\t<\/a>\n\t\t\t\t<\/div>\n\t\t\t\t\t\t\t\t<\/div>\n\t\t\t\t<\/div>\n\t\t\t\t\t<\/div>\n\t\t<\/div>\n\t\t\t\t\t<\/div>\n\t\t<\/section>\n\t\t\t\t<\/div>\n\t\t","protected":false},"excerpt":{"rendered":"<p>WITAJ!\u00a0 Zapraszam serdecznie przy\u0142\u0105cz si\u0119 do nas, aby wsp\u00f3lnie tworzy\u0107,\u00a0wspiera\u0107 si\u0119,\u00a0pomaga\u0107 sobie i inspirowa\u0107. Stworzy\u0142am w tym celu grup\u0119 na Facebooku,\u00a0 TTALNA OD\u2022NWA oraz moj\u0105 biznespage SKUTECZNA TERAPIA &#8211; TOTALNA ODNOWA Zapraszam do odwiedzenia ich, kto wie mo\u017ce ci si\u0119 spodobaj\u0105 i z nami zostaniesz. B\u0119d\u0119 tam sukcesywnie dzieli\u0107 si\u0119 moimi do\u015bwiadczeniami i wiedz\u0105, organizowa\u0107 wydarzenia i lajwy, podczas kt\u00f3rych b\u0119d\u0119 prezentowa\u0107 metody, kt\u00f3rymi pracuj\u0119 i prowadzi\u0107 grupowe procesy uzdrawiania. Serdecznie zapraszam! ODWIED\u0179 SKUTECZNA TERAPIA ODWIED\u0179 TOTALNA OD-NOWA CO M\u00d3WI\u0104 KLIENCI I UCZESTNICY&#8230; \u201eSesja z Isabell\u0105 jest naprawd\u0119 czym\u015b bardzo niezwyk\u0142ym. Do\u015b\u0107 sceptycznie i z du\u017c\u0105 rezerw\u0105 podchodzi\u0142am do tego spotkania, ale pewne \u017cyciowe sytuacje wymagaly podj\u0119cia kolejnej pr\u00f3by uporania si\u0119 z nimi. Dlatego w ko\u0144cu zdecydowa\u0142am si\u0119 spr\u00f3bowa\u0107. Mog\u0119 powiedzie\u0107, \u017ce trzeba by\u0142o zrobi\u0107 to szybciej, ale mo\u017ce tak mia\u0142o by\u0107? A mo\u017ce jednak dopiero teraz by\u0142 dla mnie w\u0142a\u015bciwy moment w \u017cyciu, \u017ceby pozamyka\u0107 pewne sprawy, odci\u0105\u0107 przys\u0142owiow\u0105 p\u0119powin\u0119, kt\u00f3r\u0105 notabene przecina\u0142am podczas pierwszej sesji! Pierwsza sesja by\u0142a trudna i d\u0142uga ale zako\u0144czona sukcesem! Intencja drugiej sesji by\u0142a dla mnie bardzo, bardzo osobista, dotyka\u0142a mnie jako matki i zagubionej mi\u0142o\u015bci do w\u0142asnej c\u00f3rki, z jakiego\u015b powodu, trudno mi si\u0119 z tym \u017cy\u0142o, co te\u017c mia\u0142o wp\u0142yw na moich najbli\u017cszych. Natomiast ta sesja by\u0142a wyj\u0105tkowa, magiczna i przepe\u0142niona ogromn\u0105 ilo\u015bci\u0105 \u015bwiat\u0142a, podczas kt\u00f3rej czu\u0142am, jak do mojego cia\u0142a i serca wraca to pi\u0119kne uczucie, kiedy po raz pierwszy zobaczy\u0142am swoj\u0105 c\u00f3rk\u0119 po porodzie. Tak mi tego brakowa\u0142o, \u017ce \u0142zy same lecia\u0142y z oczu, nawet teraz kiedy to pisze, r\u00f3wnie\u017c nap\u0142ywaj\u0105. Sesja by\u0142a wyj\u0105tkowo oczyszczaj\u0105ca z przesz\u0142o\u015bci, jak si\u0119 okaza\u0142o nie tylko mojej, ale te\u017c ta pustka zosta\u0142a wype\u0142niona mi\u0142o\u015bci\u0105, prawdziw\u0105, bezwarunkow\u0105. Efekt na codzie\u0144 jest bardzo subtelny ale ja go czuj\u0119 w sobie, ale najwa\u017cniejsze, \u017ce moi bliscy r\u00f3wnie\u017c to czuj\u0105, relacja z c\u00f3rk\u0105 jest teraz zdecydowanie bardziej prawdziwsza, g\u0142\u0119bsza i bezwarunkow\u0105, jestem te\u017c cierpliwsza i spokojniejsza. Przebieg sesji by\u0142 zawsze dla mnie du\u017cym zaskoczeniem, ale dzi\u0119ki Isabelli czu\u0142am si\u0119 bezpiecznie, prowadzi\u0142a mnie z du\u017cym wyczuciem moment\u00f3w w kt\u00f3rych tego potrzebowa\u0142am. Niesamowite prze\u017cycie wewn\u0119trzne, ale z realnymi efektami widocznymi na zewn\u0105trz. \u017badne sesje z psychologami nie da\u0142y mi tego co osi\u0105gn\u0119\u0142am dzi\u0119ki 2 sesjom z Isabell\u0105. Jestem jej bardzo wdzi\u0119czna za wsparcie oraz znajomej kt\u00f3ra mnie do niej zaprowadzi\u0142a.\u201d \u00a0Lidia WI\u0118CEJ OPINII KLIENT\u00d3W<\/p>\n","protected":false},"author":1,"featured_media":0,"parent":0,"menu_order":0,"comment_status":"closed","ping_status":"closed","template":"","meta":{"footnotes":""},"class_list":["post-715","page","type-page","status-publish","hentry"],"_links":{"self":[{"href":"https:\/\/skuteczna-terapia.eu\/index.php?rest_route=\/wp\/v2\/pages\/715","targetHints":{"allow":["GET"]}}],"collection":[{"href":"https:\/\/skuteczna-terapia.eu\/index.php?rest_route=\/wp\/v2\/pages"}],"about":[{"href":"https:\/\/skuteczna-terapia.eu\/index.php?rest_route=\/wp\/v2\/types\/page"}],"author":[{"embeddable":true,"href":"https:\/\/skuteczna-terapia.eu\/index.php?rest_route=\/wp\/v2\/users\/1"}],"replies":[{"embeddable":true,"href":"https:\/\/skuteczna-terapia.eu\/index.php?rest_route=%2Fwp%2Fv2%2Fcomments&post=715"}],"version-history":[{"count":61,"href":"https:\/\/skuteczna-terapia.eu\/index.php?rest_route=\/wp\/v2\/pages\/715\/revisions"}],"predecessor-version":[{"id":3726,"href":"https:\/\/skuteczna-terapia.eu\/index.php?rest_route=\/wp\/v2\/pages\/715\/revisions\/3726"}],"wp:attachment":[{"href":"https:\/\/skuteczna-terapia.eu\/index.php?rest_route=%2Fwp%2Fv2%2Fmedia&parent=715"}],"curies":[{"name":"wp","href":"https:\/\/api.w.org\/{rel}","templated":true}]}}