{"id":3701,"date":"2026-01-02T18:47:13","date_gmt":"2026-01-02T17:47:13","guid":{"rendered":"https:\/\/skuteczna-terapia.eu\/?page_id=3701"},"modified":"2026-01-02T19:01:59","modified_gmt":"2026-01-02T18:01:59","slug":"hipnoterapia-regresyjna","status":"publish","type":"page","link":"https:\/\/skuteczna-terapia.eu\/?page_id=3701","title":{"rendered":"Hipnoterapia Regresyjna"},"content":{"rendered":"\t\t<div data-elementor-type=\"wp-page\" data-elementor-id=\"3701\" class=\"elementor elementor-3701\">\n\t\t\t\t\t\t<section class=\"elementor-section elementor-top-section elementor-element elementor-element-ca81650 elementor-section-boxed elementor-section-height-default elementor-section-height-default wpr-particle-no wpr-jarallax-no wpr-parallax-no wpr-sticky-section-no\" data-id=\"ca81650\" data-element_type=\"section\" data-e-type=\"section\">\n\t\t\t\t\t\t<div class=\"elementor-container elementor-column-gap-default\">\n\t\t\t\t\t<div class=\"elementor-column elementor-col-100 elementor-top-column elementor-element elementor-element-6d191b6\" data-id=\"6d191b6\" data-element_type=\"column\" data-e-type=\"column\">\n\t\t\t<div class=\"elementor-widget-wrap elementor-element-populated\">\n\t\t\t\t\t\t<div class=\"elementor-element elementor-element-bf54e5e elementor-widget elementor-widget-text-editor\" data-id=\"bf54e5e\" data-element_type=\"widget\" data-e-type=\"widget\" data-widget_type=\"text-editor.default\">\n\t\t\t\t<div class=\"elementor-widget-container\">\n\t\t\t\t\t\t\t\t\t<p><b>Hipnoterapia Regresyjna <\/b>to podr\u00f3\u017c wstecz w czasie, w celu odnalezienia wspomnie\u0144 i przegl\u0105du wydarze\u0144 z przesz\u0142o\u015bci, kt\u00f3re s\u0105 pierwotn\u0105 przyczyn\u0105 obecnych problem\u00f3w i trudno\u015bci klienta. Jest to g\u0142\u0119boko transformuj\u0105ca i uzdrawiaj\u0105ca forma terapii. Wszystkie nasze do\u015bwiadczenia \u2014 od narodzin, a nawet te przed nimi \u2014 s\u0105 zapisane w naszych cia\u0142ach, umys\u0142ach i duszach.<span class=\"Apple-converted-space\">\u00a0<\/span><\/p><p><strong>Wsp\u00f3lnie z klientem<\/strong> poszukujemy w zwi\u0105zku z tym tzw. <b>Pierwotnego Wydarzenia Inicjuj\u0105cego Zaburzenie, <\/b>kt\u00f3re<b> <\/b>jest kluczowym wydarzeniem lub jednym z kluczowych wydarze\u0144 w \u017cyciu klienta, kt\u00f3re doprowadzi\u0142o do powstania okre\u015blonego wzorca emocji i reakcji, przekonania lub skojarzenia oraz powi\u0105zanych z nimi mechanizm\u00f3w obronnych, i kt\u00f3re s\u0105 g\u0142\u00f3wn\u0105 przyczyn\u0105 jego\/jej obecnych problem\u00f3w.<span class=\"Apple-converted-space\">\u00a0<\/span><\/p><p><strong>Wydarzenia te s\u0105 najcz\u0119\u015bciej zapomniane<\/strong> i wyparte ze \u015bwiadomo\u015bci na skutek silnych i trudnych emocji. Natomiast zdarza si\u0119 w niekt\u00f3rych przypadkach, \u017ce w momencie wyst\u0105pienia wydarzenia mog\u0142o ono wydawa\u0107 si\u0119 nieistotne. Jednak <b>Pierwotne Wydarzenie Inicjuj\u0105ce Zaburzenie <\/b>jest jak nasiono, kt\u00f3re z czasem mo\u017ce wykie\u0142kowa\u0107 i rozwija\u0107 si\u0119 na gruncie pod\u015bwiadomego umys\u0142u, a\u017c w ko\u0144cu stanie si\u0119 problemem w \u017cyciu danej osoby.<\/p><p><strong>Proces regresji ujawnia powtarzaj\u0105ce si\u0119 wzorce, <\/strong>percepcje i przekonania, a tak\u017ce wewn\u0119trzne decyzje i mechanizmy obronne, kt\u00f3re powsta\u0142y na poziomie nie\u015bwiadomym w wyniku do\u015bwiadcze\u0144 z obecnego \u017cycia. Cofanie si\u0119 w czasie poprzez regresj\u0119 hipnotyczn\u0105 mo\u017ce przynie\u015b\u0107 nowe, wolne od zniekszta\u0142ce\u0144 i zaburze\u0144 postrzeganie siebie i rzeczywisto\u015bci oraz uzdrowienie w spos\u00f3b, kt\u00f3rego nie jest w stanie osi\u0105gn\u0105\u0107 \u017cadna inna forma terapii. Regresja mo\u017ce by\u0107 i jest pot\u0119\u017cnym narz\u0119dziem uzdrawiania.<\/p><p><strong>Jako terapeuta Hipnoterapii Regresyjnej prowadz\u0119 klient\u00f3w<\/strong> w g\u0142\u0105b ich przesz\u0142o\u015bci, aby mogli eksplorowa\u0107 swoje dzieci\u0144stwo, a nawet do\u015bwiadczenia z okresu prenatalnego. Podczas sesji klient jest zawsze w pe\u0142ni \u015bwiadomy ka\u017cdego jej etapu i decyduje o ich ostatecznym przebiegu i wyniku.<span class=\"Apple-converted-space\">\u00a0<\/span><\/p>\t\t\t\t\t\t\t\t<\/div>\n\t\t\t\t<\/div>\n\t\t\t\t<div class=\"elementor-element elementor-element-94348fc elementor-align-center elementor-widget elementor-widget-button\" data-id=\"94348fc\" data-element_type=\"widget\" data-e-type=\"widget\" data-widget_type=\"button.default\">\n\t\t\t\t<div class=\"elementor-widget-container\">\n\t\t\t\t\t\t\t\t\t<div class=\"elementor-button-wrapper\">\n\t\t\t\t\t<a class=\"elementor-button elementor-button-link elementor-size-lg elementor-animation-pulse\" href=\"https:\/\/skuteczna-terapia.eu\/?page_id=1699\">\n\t\t\t\t\t\t<span class=\"elementor-button-content-wrapper\">\n\t\t\t\t\t\t\t\t\t<span class=\"elementor-button-text\">ZAM\u00d3W SESJ\u0118<\/span>\n\t\t\t\t\t<\/span>\n\t\t\t\t\t<\/a>\n\t\t\t\t<\/div>\n\t\t\t\t\t\t\t\t<\/div>\n\t\t\t\t<\/div>\n\t\t\t\t\t<\/div>\n\t\t<\/div>\n\t\t\t\t\t<\/div>\n\t\t<\/section>\n\t\t\t\t<section class=\"elementor-section elementor-top-section elementor-element elementor-element-75b4d0e elementor-section-boxed elementor-section-height-default elementor-section-height-default wpr-particle-no wpr-jarallax-no wpr-parallax-no wpr-sticky-section-no\" data-id=\"75b4d0e\" data-element_type=\"section\" data-e-type=\"section\">\n\t\t\t\t\t\t<div class=\"elementor-container elementor-column-gap-default\">\n\t\t\t\t\t<div class=\"elementor-column elementor-col-100 elementor-top-column elementor-element elementor-element-ddfd56e\" data-id=\"ddfd56e\" data-element_type=\"column\" data-e-type=\"column\">\n\t\t\t<div class=\"elementor-widget-wrap elementor-element-populated\">\n\t\t\t\t\t\t<div class=\"elementor-element elementor-element-4bed153 elementor-widget elementor-widget-text-editor\" data-id=\"4bed153\" data-element_type=\"widget\" data-e-type=\"widget\" data-widget_type=\"text-editor.default\">\n\t\t\t\t<div class=\"elementor-widget-container\">\n\t\t\t\t\t\t\t\t\t<h5 style=\"text-align: center;\"><b style=\"letter-spacing: 0px;\">CO M\u00d3WI\u0104 KLIENCI I UCZESTNICY&#8230;<\/b><\/h5><blockquote><p>\u201eSesja z Isabell\u0105 jest naprawd\u0119 czym\u015b bardzo niezwyk\u0142ym. Do\u015b\u0107 sceptycznie i z du\u017c\u0105 rezerw\u0105 podchodzi\u0142am do tego spotkania, ale pewne \u017cyciowe sytuacje wymagaly podj\u0119cia kolejnej pr\u00f3by uporania si\u0119 z nimi. Dlatego w ko\u0144cu zdecydowa\u0142am si\u0119 spr\u00f3bowa\u0107. Mog\u0119 powiedzie\u0107, \u017ce trzeba by\u0142o zrobi\u0107 to szybciej, ale mo\u017ce tak mia\u0142o by\u0107? A mo\u017ce jednak dopiero teraz by\u0142 dla mnie w\u0142a\u015bciwy moment w \u017cyciu, \u017ceby pozamyka\u0107 pewne sprawy, odci\u0105\u0107 przys\u0142owiow\u0105 p\u0119powin\u0119, kt\u00f3r\u0105 notabene przecina\u0142am podczas pierwszej sesji! Pierwsza sesja by\u0142a trudna i d\u0142uga ale zako\u0144czona sukcesem! Intencja drugiej sesji by\u0142a dla mnie bardzo, bardzo osobista, dotyka\u0142a mnie jako matki i zagubionej mi\u0142o\u015bci do w\u0142asnej c\u00f3rki, z jakiego\u015b powodu, trudno mi si\u0119 z tym \u017cy\u0142o, co te\u017c mia\u0142o wp\u0142yw na moich najbli\u017cszych. Natomiast ta sesja by\u0142a wyj\u0105tkowa, magiczna i przepe\u0142niona ogromn\u0105 ilo\u015bci\u0105 \u015bwiat\u0142a, podczas kt\u00f3rej czu\u0142am, jak do mojego cia\u0142a i serca wraca to pi\u0119kne uczucie, kiedy po raz pierwszy zobaczy\u0142am swoj\u0105 c\u00f3rk\u0119 po porodzie. Tak mi tego brakowa\u0142o, \u017ce \u0142zy same lecia\u0142y z oczu, nawet teraz kiedy to pisze, r\u00f3wnie\u017c nap\u0142ywaj\u0105. Sesja by\u0142a wyj\u0105tkowo oczyszczaj\u0105ca z przesz\u0142o\u015bci, jak si\u0119 okaza\u0142o nie tylko mojej, ale te\u017c ta pustka zosta\u0142a wype\u0142niona mi\u0142o\u015bci\u0105, prawdziw\u0105, bezwarunkow\u0105. Efekt na codzie\u0144 jest bardzo subtelny ale ja go czuj\u0119 w sobie, ale najwa\u017cniejsze, \u017ce moi bliscy r\u00f3wnie\u017c to czuj\u0105, relacja z c\u00f3rk\u0105 jest teraz zdecydowanie bardziej prawdziwsza, g\u0142\u0119bsza i bezwarunkow\u0105, jestem te\u017c cierpliwsza i spokojniejsza. Przebieg sesji by\u0142 zawsze dla mnie du\u017cym zaskoczeniem, ale dzi\u0119ki Isabelli czu\u0142am si\u0119 bezpiecznie, prowadzi\u0142a mnie z du\u017cym wyczuciem moment\u00f3w w kt\u00f3rych tego potrzebowa\u0142am. Niesamowite prze\u017cycie wewn\u0119trzne, ale z realnymi efektami widocznymi na zewn\u0105trz. \u017badne sesje z psychologami nie da\u0142y mi tego co osi\u0105gn\u0119\u0142am dzi\u0119ki 2 sesjom z Isabell\u0105. Jestem jej bardzo wdzi\u0119czna za wsparcie oraz znajomej kt\u00f3ra mnie do niej zaprowadzi\u0142a.\u201d \u00a0Lidia<\/p><\/blockquote>\t\t\t\t\t\t\t\t<\/div>\n\t\t\t\t<\/div>\n\t\t\t\t<div class=\"elementor-element elementor-element-2e89ad0 elementor-align-center elementor-widget elementor-widget-button\" data-id=\"2e89ad0\" data-element_type=\"widget\" data-e-type=\"widget\" data-widget_type=\"button.default\">\n\t\t\t\t<div class=\"elementor-widget-container\">\n\t\t\t\t\t\t\t\t\t<div class=\"elementor-button-wrapper\">\n\t\t\t\t\t<a class=\"elementor-button elementor-button-link elementor-size-lg elementor-animation-pulse\" href=\"https:\/\/skuteczna-terapia.eu\/?page_id=2737(otworzy%20si\u0119%20w%20nowej%20karcie)\">\n\t\t\t\t\t\t<span class=\"elementor-button-content-wrapper\">\n\t\t\t\t\t\t\t\t\t<span class=\"elementor-button-text\">WI\u0118CEJ OPINII KLIENT\u00d3W<\/span>\n\t\t\t\t\t<\/span>\n\t\t\t\t\t<\/a>\n\t\t\t\t<\/div>\n\t\t\t\t\t\t\t\t<\/div>\n\t\t\t\t<\/div>\n\t\t\t\t<div class=\"elementor-element elementor-element-cd919ee elementor-align-center elementor-widget elementor-widget-button\" data-id=\"cd919ee\" data-element_type=\"widget\" data-e-type=\"widget\" data-widget_type=\"button.default\">\n\t\t\t\t<div class=\"elementor-widget-container\">\n\t\t\t\t\t\t\t\t\t<div class=\"elementor-button-wrapper\">\n\t\t\t\t\t<a class=\"elementor-button elementor-button-link elementor-size-lg elementor-animation-pulse\" href=\"https:\/\/skuteczna-terapia.eu\/?page_id=1699\">\n\t\t\t\t\t\t<span class=\"elementor-button-content-wrapper\">\n\t\t\t\t\t\t\t\t\t<span class=\"elementor-button-text\">ZAM\u00d3W SESJ\u0118<\/span>\n\t\t\t\t\t<\/span>\n\t\t\t\t\t<\/a>\n\t\t\t\t<\/div>\n\t\t\t\t\t\t\t\t<\/div>\n\t\t\t\t<\/div>\n\t\t\t\t\t<\/div>\n\t\t<\/div>\n\t\t\t\t\t<\/div>\n\t\t<\/section>\n\t\t\t\t<\/div>\n\t\t","protected":false},"excerpt":{"rendered":"<p>Hipnoterapia Regresyjna to podr\u00f3\u017c wstecz w czasie, w celu odnalezienia wspomnie\u0144 i przegl\u0105du wydarze\u0144 z przesz\u0142o\u015bci, kt\u00f3re s\u0105 pierwotn\u0105 przyczyn\u0105 obecnych problem\u00f3w i trudno\u015bci klienta. Jest to g\u0142\u0119boko transformuj\u0105ca i uzdrawiaj\u0105ca forma terapii. Wszystkie nasze do\u015bwiadczenia \u2014 od narodzin, a nawet te przed nimi \u2014 s\u0105 zapisane w naszych cia\u0142ach, umys\u0142ach i duszach.\u00a0 Wsp\u00f3lnie z klientem poszukujemy w zwi\u0105zku z tym tzw. Pierwotnego Wydarzenia Inicjuj\u0105cego Zaburzenie, kt\u00f3re jest kluczowym wydarzeniem lub jednym z kluczowych wydarze\u0144 w \u017cyciu klienta, kt\u00f3re doprowadzi\u0142o do powstania okre\u015blonego wzorca emocji i reakcji, przekonania lub skojarzenia oraz powi\u0105zanych z nimi mechanizm\u00f3w obronnych, i kt\u00f3re s\u0105 g\u0142\u00f3wn\u0105 przyczyn\u0105 jego\/jej obecnych problem\u00f3w.\u00a0 Wydarzenia te s\u0105 najcz\u0119\u015bciej zapomniane i wyparte ze \u015bwiadomo\u015bci na skutek silnych i trudnych emocji. Natomiast zdarza si\u0119 w niekt\u00f3rych przypadkach, \u017ce w momencie wyst\u0105pienia wydarzenia mog\u0142o ono wydawa\u0107 si\u0119 nieistotne. Jednak Pierwotne Wydarzenie Inicjuj\u0105ce Zaburzenie jest jak nasiono, kt\u00f3re z czasem mo\u017ce wykie\u0142kowa\u0107 i rozwija\u0107 si\u0119 na gruncie pod\u015bwiadomego umys\u0142u, a\u017c w ko\u0144cu stanie si\u0119 problemem w \u017cyciu danej osoby. Proces regresji ujawnia powtarzaj\u0105ce si\u0119 wzorce, percepcje i przekonania, a tak\u017ce wewn\u0119trzne decyzje i mechanizmy obronne, kt\u00f3re powsta\u0142y na poziomie nie\u015bwiadomym w wyniku do\u015bwiadcze\u0144 z obecnego \u017cycia. Cofanie si\u0119 w czasie poprzez regresj\u0119 hipnotyczn\u0105 mo\u017ce przynie\u015b\u0107 nowe, wolne od zniekszta\u0142ce\u0144 i zaburze\u0144 postrzeganie siebie i rzeczywisto\u015bci oraz uzdrowienie w spos\u00f3b, kt\u00f3rego nie jest w stanie osi\u0105gn\u0105\u0107 \u017cadna inna forma terapii. Regresja mo\u017ce by\u0107 i jest pot\u0119\u017cnym narz\u0119dziem uzdrawiania. Jako terapeuta Hipnoterapii Regresyjnej prowadz\u0119 klient\u00f3w w g\u0142\u0105b ich przesz\u0142o\u015bci, aby mogli eksplorowa\u0107 swoje dzieci\u0144stwo, a nawet do\u015bwiadczenia z okresu prenatalnego. Podczas sesji klient jest zawsze w pe\u0142ni \u015bwiadomy ka\u017cdego jej etapu i decyduje o ich ostatecznym przebiegu i wyniku.\u00a0 ZAM\u00d3W SESJ\u0118 CO M\u00d3WI\u0104 KLIENCI I UCZESTNICY&#8230; \u201eSesja z Isabell\u0105 jest naprawd\u0119 czym\u015b bardzo niezwyk\u0142ym. Do\u015b\u0107 sceptycznie i z du\u017c\u0105 rezerw\u0105 podchodzi\u0142am do tego spotkania, ale pewne \u017cyciowe sytuacje wymagaly podj\u0119cia kolejnej pr\u00f3by uporania si\u0119 z nimi. Dlatego w ko\u0144cu zdecydowa\u0142am si\u0119 spr\u00f3bowa\u0107. Mog\u0119 powiedzie\u0107, \u017ce trzeba by\u0142o zrobi\u0107 to szybciej, ale mo\u017ce tak mia\u0142o by\u0107? A mo\u017ce jednak dopiero teraz by\u0142 dla mnie w\u0142a\u015bciwy moment w \u017cyciu, \u017ceby pozamyka\u0107 pewne sprawy, odci\u0105\u0107 przys\u0142owiow\u0105 p\u0119powin\u0119, kt\u00f3r\u0105 notabene przecina\u0142am podczas pierwszej sesji! Pierwsza sesja by\u0142a trudna i d\u0142uga ale zako\u0144czona sukcesem! Intencja drugiej sesji by\u0142a dla mnie bardzo, bardzo osobista, dotyka\u0142a mnie jako matki i zagubionej mi\u0142o\u015bci do w\u0142asnej c\u00f3rki, z jakiego\u015b powodu, trudno mi si\u0119 z tym \u017cy\u0142o, co te\u017c mia\u0142o wp\u0142yw na moich najbli\u017cszych. Natomiast ta sesja by\u0142a wyj\u0105tkowa, magiczna i przepe\u0142niona ogromn\u0105 ilo\u015bci\u0105 \u015bwiat\u0142a, podczas kt\u00f3rej czu\u0142am, jak do mojego cia\u0142a i serca wraca to pi\u0119kne uczucie, kiedy po raz pierwszy zobaczy\u0142am swoj\u0105 c\u00f3rk\u0119 po porodzie. Tak mi tego brakowa\u0142o, \u017ce \u0142zy same lecia\u0142y z oczu, nawet teraz kiedy to pisze, r\u00f3wnie\u017c nap\u0142ywaj\u0105. Sesja by\u0142a wyj\u0105tkowo oczyszczaj\u0105ca z przesz\u0142o\u015bci, jak si\u0119 okaza\u0142o nie tylko mojej, ale te\u017c ta pustka zosta\u0142a wype\u0142niona mi\u0142o\u015bci\u0105, prawdziw\u0105, bezwarunkow\u0105. Efekt na codzie\u0144 jest bardzo subtelny ale ja go czuj\u0119 w sobie, ale najwa\u017cniejsze, \u017ce moi bliscy r\u00f3wnie\u017c to czuj\u0105, relacja z c\u00f3rk\u0105 jest teraz zdecydowanie bardziej prawdziwsza, g\u0142\u0119bsza i bezwarunkow\u0105, jestem te\u017c cierpliwsza i spokojniejsza. Przebieg sesji by\u0142 zawsze dla mnie du\u017cym zaskoczeniem, ale dzi\u0119ki Isabelli czu\u0142am si\u0119 bezpiecznie, prowadzi\u0142a mnie z du\u017cym wyczuciem moment\u00f3w w kt\u00f3rych tego potrzebowa\u0142am. Niesamowite prze\u017cycie wewn\u0119trzne, ale z realnymi efektami widocznymi na zewn\u0105trz. \u017badne sesje z psychologami nie da\u0142y mi tego co osi\u0105gn\u0119\u0142am dzi\u0119ki 2 sesjom z Isabell\u0105. Jestem jej bardzo wdzi\u0119czna za wsparcie oraz znajomej kt\u00f3ra mnie do niej zaprowadzi\u0142a.\u201d \u00a0Lidia WI\u0118CEJ OPINII KLIENT\u00d3W ZAM\u00d3W SESJ\u0118<\/p>\n","protected":false},"author":1,"featured_media":3702,"parent":0,"menu_order":0,"comment_status":"closed","ping_status":"closed","template":"","meta":{"footnotes":""},"class_list":["post-3701","page","type-page","status-publish","has-post-thumbnail","hentry"],"_links":{"self":[{"href":"https:\/\/skuteczna-terapia.eu\/index.php?rest_route=\/wp\/v2\/pages\/3701","targetHints":{"allow":["GET"]}}],"collection":[{"href":"https:\/\/skuteczna-terapia.eu\/index.php?rest_route=\/wp\/v2\/pages"}],"about":[{"href":"https:\/\/skuteczna-terapia.eu\/index.php?rest_route=\/wp\/v2\/types\/page"}],"author":[{"embeddable":true,"href":"https:\/\/skuteczna-terapia.eu\/index.php?rest_route=\/wp\/v2\/users\/1"}],"replies":[{"embeddable":true,"href":"https:\/\/skuteczna-terapia.eu\/index.php?rest_route=%2Fwp%2Fv2%2Fcomments&post=3701"}],"version-history":[{"count":10,"href":"https:\/\/skuteczna-terapia.eu\/index.php?rest_route=\/wp\/v2\/pages\/3701\/revisions"}],"predecessor-version":[{"id":3717,"href":"https:\/\/skuteczna-terapia.eu\/index.php?rest_route=\/wp\/v2\/pages\/3701\/revisions\/3717"}],"wp:featuredmedia":[{"embeddable":true,"href":"https:\/\/skuteczna-terapia.eu\/index.php?rest_route=\/wp\/v2\/media\/3702"}],"wp:attachment":[{"href":"https:\/\/skuteczna-terapia.eu\/index.php?rest_route=%2Fwp%2Fv2%2Fmedia&parent=3701"}],"curies":[{"name":"wp","href":"https:\/\/api.w.org\/{rel}","templated":true}]}}