{"id":3633,"date":"2025-11-21T17:10:35","date_gmt":"2025-11-21T16:10:35","guid":{"rendered":"https:\/\/skuteczna-terapia.eu\/?page_id=3633"},"modified":"2025-11-21T18:34:38","modified_gmt":"2025-11-21T17:34:38","slug":"konsultacja-wstepna","status":"publish","type":"page","link":"https:\/\/skuteczna-terapia.eu\/?page_id=3633","title":{"rendered":"KONSULTACJA WST\u0118PNA"},"content":{"rendered":"\t\t<div data-elementor-type=\"wp-page\" data-elementor-id=\"3633\" class=\"elementor elementor-3633\">\n\t\t\t\t\t\t<section class=\"elementor-section elementor-top-section elementor-element elementor-element-7e68554 elementor-section-boxed elementor-section-height-default elementor-section-height-default wpr-particle-no wpr-jarallax-no wpr-parallax-no wpr-sticky-section-no\" data-id=\"7e68554\" data-element_type=\"section\" data-e-type=\"section\">\n\t\t\t\t\t\t<div class=\"elementor-container elementor-column-gap-default\">\n\t\t\t\t\t<div class=\"elementor-column elementor-col-100 elementor-top-column elementor-element elementor-element-1d837b7\" data-id=\"1d837b7\" data-element_type=\"column\" data-e-type=\"column\">\n\t\t\t<div class=\"elementor-widget-wrap elementor-element-populated\">\n\t\t\t\t\t\t<div class=\"elementor-element elementor-element-029c136 elementor-widget elementor-widget-text-editor\" data-id=\"029c136\" data-element_type=\"widget\" data-e-type=\"widget\" data-widget_type=\"text-editor.default\">\n\t\t\t\t<div class=\"elementor-widget-container\">\n\t\t\t\t\t\t\t\t\t<h6 style=\"text-align: center;\"><strong>DLA NOWYCH KLIENT\u00d3W OFERUJ\u0118 OPCJ\u0118 WST\u0118PNEJ ROZMOWY KONSULTACYJNEJ ONLINE.<\/strong><\/h6><p><strong>Podczas spotkania opowiadam<\/strong> w skr\u00f3cie, w jaki spos\u00f3b pracuj\u0119 z procesem terapeutycznym oraz jakich efekt\u00f3w i skutk\u00f3w mo\u017ce si\u0119 spodziewa\u0107 podczas i pomi\u0119dzy sesjami.\u00a0<\/p><p><strong>Poprzez seri\u0119 kluczowych pyta\u0144 ustalamy<\/strong> wsp\u00f3lnie z klientem, jaki jest charakter problemu, z powodu kt\u00f3rego szuka pomocy terapeutycznej i jakie s\u0105 oczekiwania klienta wobec terapii, oraz czy s\u0105 one realne do osi\u0105gni\u0119cia. Ustalamy realny cel i wst\u0119pny kierunek procesu, kt\u00f3ry mo\u017ce ulec niezb\u0119dnym fluktuacjom, je\u015bli \u00a0proces terapeutyczny b\u0119dzie tego wymaga\u0142.<\/p><p><strong>Konsultacja wst\u0119pna umo\u017cliwia zar\u00f3wno klientowi,<\/strong> jak i mnie poznanie siebie nawzajem i ustalenie, czy mo\u017cliwe s\u0105 zaufanie i wsp\u00f3\u0142praca mi\u0119dzy obiema stronami, albowiem proces terapeutyczny wymaga obecno\u015bci obu tych jako\u015bci. \u00a0<\/p><p><strong>Zapraszam serdecznie do kontaktu.\ud83d\ude0a \u00a0<\/strong>Kliknij na przycisk poni\u017cej aby um\u00f3wi\u0107 si\u0119 na konsultacj\u0119.\u00a0<\/p>\t\t\t\t\t\t\t\t<\/div>\n\t\t\t\t<\/div>\n\t\t\t\t\t<\/div>\n\t\t<\/div>\n\t\t\t\t\t<\/div>\n\t\t<\/section>\n\t\t\t\t<section class=\"elementor-section elementor-top-section elementor-element elementor-element-83c318b elementor-section-boxed elementor-section-height-default elementor-section-height-default wpr-particle-no wpr-jarallax-no wpr-parallax-no wpr-sticky-section-no\" data-id=\"83c318b\" data-element_type=\"section\" data-e-type=\"section\">\n\t\t\t\t\t\t<div class=\"elementor-container elementor-column-gap-default\">\n\t\t\t\t\t<div class=\"elementor-column elementor-col-100 elementor-top-column elementor-element elementor-element-b02a618\" data-id=\"b02a618\" data-element_type=\"column\" data-e-type=\"column\">\n\t\t\t<div class=\"elementor-widget-wrap elementor-element-populated\">\n\t\t\t\t\t\t<div class=\"elementor-element elementor-element-61c45fb elementor-align-center elementor-invisible elementor-widget elementor-widget-button\" data-id=\"61c45fb\" data-element_type=\"widget\" data-e-type=\"widget\" data-settings=\"{&quot;_animation&quot;:&quot;pulse&quot;}\" data-widget_type=\"button.default\">\n\t\t\t\t<div class=\"elementor-widget-container\">\n\t\t\t\t\t\t\t\t\t<div class=\"elementor-button-wrapper\">\n\t\t\t\t\t<a class=\"elementor-button elementor-button-link elementor-size-sm elementor-animation-pulse\" href=\"https:\/\/skuteczna-terapia.eu\/?page_id=1699\">\n\t\t\t\t\t\t<span class=\"elementor-button-content-wrapper\">\n\t\t\t\t\t\t\t\t\t<span class=\"elementor-button-text\">ZAM\u00d3W KONSULTACJ\u0118<\/span>\n\t\t\t\t\t<\/span>\n\t\t\t\t\t<\/a>\n\t\t\t\t<\/div>\n\t\t\t\t\t\t\t\t<\/div>\n\t\t\t\t<\/div>\n\t\t\t\t\t<\/div>\n\t\t<\/div>\n\t\t\t\t\t<\/div>\n\t\t<\/section>\n\t\t\t\t<section class=\"elementor-section elementor-top-section elementor-element elementor-element-889fd08 elementor-section-boxed elementor-section-height-default elementor-section-height-default wpr-particle-no wpr-jarallax-no wpr-parallax-no wpr-sticky-section-no\" data-id=\"889fd08\" data-element_type=\"section\" data-e-type=\"section\">\n\t\t\t\t\t\t<div class=\"elementor-container elementor-column-gap-default\">\n\t\t\t\t\t<div class=\"elementor-column elementor-col-100 elementor-top-column elementor-element elementor-element-8d02d6e\" data-id=\"8d02d6e\" data-element_type=\"column\" data-e-type=\"column\">\n\t\t\t<div class=\"elementor-widget-wrap\">\n\t\t\t\t\t\t\t<\/div>\n\t\t<\/div>\n\t\t\t\t\t<\/div>\n\t\t<\/section>\n\t\t\t\t<\/div>\n\t\t","protected":false},"excerpt":{"rendered":"<p>DLA NOWYCH KLIENT\u00d3W OFERUJ\u0118 OPCJ\u0118 WST\u0118PNEJ ROZMOWY KONSULTACYJNEJ ONLINE. Podczas spotkania opowiadam w skr\u00f3cie, w jaki spos\u00f3b pracuj\u0119 z procesem terapeutycznym oraz jakich efekt\u00f3w i skutk\u00f3w mo\u017ce si\u0119 spodziewa\u0107 podczas i pomi\u0119dzy sesjami.\u00a0 Poprzez seri\u0119 kluczowych pyta\u0144 ustalamy wsp\u00f3lnie z klientem, jaki jest charakter problemu, z powodu kt\u00f3rego szuka pomocy terapeutycznej i jakie s\u0105 oczekiwania klienta wobec terapii, oraz czy s\u0105 one realne do osi\u0105gni\u0119cia. Ustalamy realny cel i wst\u0119pny kierunek procesu, kt\u00f3ry mo\u017ce ulec niezb\u0119dnym fluktuacjom, je\u015bli \u00a0proces terapeutyczny b\u0119dzie tego wymaga\u0142. Konsultacja wst\u0119pna umo\u017cliwia zar\u00f3wno klientowi, jak i mnie poznanie siebie nawzajem i ustalenie, czy mo\u017cliwe s\u0105 zaufanie i wsp\u00f3\u0142praca mi\u0119dzy obiema stronami, albowiem proces terapeutyczny wymaga obecno\u015bci obu tych jako\u015bci. \u00a0 Zapraszam serdecznie do kontaktu.\ud83d\ude0a \u00a0Kliknij na przycisk poni\u017cej aby um\u00f3wi\u0107 si\u0119 na konsultacj\u0119.\u00a0 ZAM\u00d3W KONSULTACJ\u0118<\/p>\n","protected":false},"author":1,"featured_media":0,"parent":0,"menu_order":0,"comment_status":"closed","ping_status":"closed","template":"","meta":{"footnotes":""},"class_list":["post-3633","page","type-page","status-publish","hentry"],"_links":{"self":[{"href":"https:\/\/skuteczna-terapia.eu\/index.php?rest_route=\/wp\/v2\/pages\/3633","targetHints":{"allow":["GET"]}}],"collection":[{"href":"https:\/\/skuteczna-terapia.eu\/index.php?rest_route=\/wp\/v2\/pages"}],"about":[{"href":"https:\/\/skuteczna-terapia.eu\/index.php?rest_route=\/wp\/v2\/types\/page"}],"author":[{"embeddable":true,"href":"https:\/\/skuteczna-terapia.eu\/index.php?rest_route=\/wp\/v2\/users\/1"}],"replies":[{"embeddable":true,"href":"https:\/\/skuteczna-terapia.eu\/index.php?rest_route=%2Fwp%2Fv2%2Fcomments&post=3633"}],"version-history":[{"count":37,"href":"https:\/\/skuteczna-terapia.eu\/index.php?rest_route=\/wp\/v2\/pages\/3633\/revisions"}],"predecessor-version":[{"id":3674,"href":"https:\/\/skuteczna-terapia.eu\/index.php?rest_route=\/wp\/v2\/pages\/3633\/revisions\/3674"}],"wp:attachment":[{"href":"https:\/\/skuteczna-terapia.eu\/index.php?rest_route=%2Fwp%2Fv2%2Fmedia&parent=3633"}],"curies":[{"name":"wp","href":"https:\/\/api.w.org\/{rel}","templated":true}]}}