{"id":3101,"date":"2025-04-04T01:22:26","date_gmt":"2025-04-03T23:22:26","guid":{"rendered":"https:\/\/skuteczna-terapia.eu\/?page_id=3101"},"modified":"2025-05-24T23:49:10","modified_gmt":"2025-05-24T21:49:10","slug":"zapisy","status":"publish","type":"page","link":"https:\/\/skuteczna-terapia.eu\/?page_id=3101","title":{"rendered":"ZAPISY&#8230;"},"content":{"rendered":"\t\t<div data-elementor-type=\"wp-page\" data-elementor-id=\"3101\" class=\"elementor elementor-3101\">\n\t\t\t\t\t\t<section class=\"elementor-section elementor-top-section elementor-element elementor-element-607641e elementor-section-boxed elementor-section-height-default elementor-section-height-default wpr-particle-no wpr-jarallax-no wpr-parallax-no wpr-sticky-section-no\" data-id=\"607641e\" data-element_type=\"section\" data-e-type=\"section\">\n\t\t\t\t\t\t<div class=\"elementor-container elementor-column-gap-default\">\n\t\t\t\t\t<div class=\"elementor-column elementor-col-100 elementor-top-column elementor-element elementor-element-515a4c9\" data-id=\"515a4c9\" data-element_type=\"column\" data-e-type=\"column\">\n\t\t\t<div class=\"elementor-widget-wrap elementor-element-populated\">\n\t\t\t\t\t\t<div class=\"elementor-element elementor-element-ee36220 elementor-widget elementor-widget-text-editor\" data-id=\"ee36220\" data-element_type=\"widget\" data-e-type=\"widget\" data-widget_type=\"text-editor.default\">\n\t\t\t\t<div class=\"elementor-widget-container\">\n\t\t\t\t\t\t\t\t\t<h4 style=\"text-align: center;\"><span style=\"color: #f01d7c;\"><strong>&nbsp;<\/strong><\/span><\/h4>\n<h3><span style=\"color: #f01d7c;\"><strong>WYKLUCZENI &#8211; WARSZAT<\/strong><\/span><\/h3>\n<h4><strong>UCZESTNICTWO &#8211; 100 PLN<\/strong><\/h4>\n<h4 style=\"text-align: center;\"><span style=\"color: #000000;\">1. DOKONAJ WP\u0141ATY<strong>&nbsp;NA KONTO<\/strong><\/span><\/h4>\n<h4 style=\"text-align: center;\"><span style=\"font-weight: normal;\">Isabella Gosek<\/span>&nbsp;<\/h4>\n<h4 style=\"text-align: center;\"><strong>PL40 1140 2004 0000 3702 8547 4374<\/strong><\/h4>\n<h5 style=\"text-align: center;\">tytu\u0142em:&nbsp;<span style=\"font-size: 22px; letter-spacing: 0px;\">Wykluczeni&nbsp;<\/span><\/h5>\n<div>\n<h4 style=\"text-align: center;\">2. PRZE\u015aLIJ POTWIERDZENIE WP\u0141ATY NA:&nbsp;<\/h4>\n<h4><span style=\"text-decoration: underline;\"><a href=\"mailto:isa.skutecznaterapia@gmail.com\">isa.skutecznaterapia@gmail.com<\/a><\/span><\/h4>\n<\/div>\n<div>\n<h4>&nbsp;<\/h4>\n<h4 style=\"text-align: center;\">WP\u0141ATA<strong> PRZEZ PAYPAL&nbsp;<\/strong><\/h4>\n<h4 style=\"text-align: center;\"><span style=\"text-decoration: underline;\"><a href=\"https:\/\/www.paypal.com\/paypalme\/isabellagoldflame?v=1&amp;utm_source=unp&amp;utm_medium=email&amp;utm_campaign=RT000269&amp;utm_unptid=bd5e195c-28dd-11ee-97a8-3cecef6afd08&amp;ppid=RT000269&amp;cnac=SE&amp;rsta=sv_SE%28sv-SE%29&amp;cust=AR8JWLW2L3PME&amp;unptid=bd5e195c-28dd-11ee-97a8-3cecef6afd08&amp;calc=017055a305795&amp;unp_tpcid=ppme-social-user-profile-created&amp;page=main%3Aemail%3ART000269&amp;pgrp=main%3Aemail&amp;e=cl&amp;mchn=em&amp;s=ci&amp;mail=sys&amp;appVersion=1.187.0&amp;xt=104038%2C127632\">PayPal.Me\/isabellagoldflame<\/a><\/span><\/h4>\n<\/div>\n<h4 style=\"text-align: center;\"><span style=\"color: #f01d7c;\"><strong>&nbsp;<\/strong><\/span><\/h4>\n<h4 style=\"text-align: center;\"><span style=\"color: #f01d7c;\"><strong>USTAWIENIA RODZINNE W GRUPIE &#8211; ONLINE&nbsp;<\/strong><\/span><\/h4>\n<h4>USTAWIENIE INDYWIDUALNE &#8211; 390 PLN<br>REPREZENTANT &#8211; 30 PLN<\/h4>\n<div>&nbsp;<\/div>\n<h4 style=\"text-align: center;\"><span style=\"color: #000000;\">1. DOKONAJ WP\u0141ATY<strong>&nbsp;NA KONTO<\/strong><\/span><\/h4>\n<h4 style=\"text-align: center;\"><span style=\"font-weight: normal;\">Isabella Gosek<\/span>&nbsp;<\/h4>\n<h4 style=\"text-align: center;\"><strong>PL40 1140 2004 0000 3702 8547 4374<\/strong><\/h4>\n<h5 style=\"text-align: center;\">tytu\u0142em:&nbsp;<span style=\"font-size: 22px; letter-spacing: 0px;\">UST IND lub REP&nbsp;<\/span><\/h5>\n<h4 style=\"text-align: center;\">2. PRZE\u015aLIJ POTWIERDZENIE WP\u0141ATY NA:&nbsp;<\/h4>\n<h4><span style=\"text-decoration: underline;\"><a href=\"mailto:isa.skutecznaterapia@gmail.com\">isa.skutecznaterapia@gmail.com<\/a><\/span><\/h4>\n<div>\n<h4>&nbsp;<\/h4>\n<h4 style=\"text-align: center;\">WP\u0141ATA<strong> PRZEZ PAYPAL&nbsp;<\/strong><\/h4>\n<h4 style=\"text-align: center;\"><span style=\"text-decoration: underline;\"><a href=\"https:\/\/www.paypal.com\/paypalme\/isabellagoldflame?v=1&amp;utm_source=unp&amp;utm_medium=email&amp;utm_campaign=RT000269&amp;utm_unptid=bd5e195c-28dd-11ee-97a8-3cecef6afd08&amp;ppid=RT000269&amp;cnac=SE&amp;rsta=sv_SE%28sv-SE%29&amp;cust=AR8JWLW2L3PME&amp;unptid=bd5e195c-28dd-11ee-97a8-3cecef6afd08&amp;calc=017055a305795&amp;unp_tpcid=ppme-social-user-profile-created&amp;page=main%3Aemail%3ART000269&amp;pgrp=main%3Aemail&amp;e=cl&amp;mchn=em&amp;s=ci&amp;mail=sys&amp;appVersion=1.187.0&amp;xt=104038%2C127632\">PayPal.Me\/isabellagoldflame<\/a><\/span><\/h4>\n<\/div>\n<h4 style=\"text-align: center;\"><span style=\"color: #f01d7c;\"><strong>&nbsp;<\/strong><\/span><\/h4>\n<h4 style=\"text-align: center;\"><span style=\"color: #f01d7c;\"><strong>SESJE INDYWIDUALNE &#8211; ONLINE<\/strong><\/span><\/h4>\n<h4>USTAWIENIE INDYWIDUALNE &#8211; 360 PLN<\/h4>\n<h4><strong>ZAM\u00d3W SESJ\u0118:<\/strong> <strong><a href=\"https:\/\/calendly.com\/compassion-key-sessions\/sesje-indywidualne\">TUTAJ<\/a><\/strong><\/h4>\n<h5>WP\u0141ATA + POTWIERDZENIE JAK POWY\u017bEJ<\/h5>\n<div>&nbsp;<\/div>\n<p style=\"text-align: center;\">\n<\/p>\t\t\t\t\t\t\t\t<\/div>\n\t\t\t\t<\/div>\n\t\t\t\t\t<\/div>\n\t\t<\/div>\n\t\t\t\t\t<\/div>\n\t\t<\/section>\n\t\t\t\t<\/div>\n\t\t","protected":false},"excerpt":{"rendered":"<p>&nbsp; WYKLUCZENI &#8211; WARSZAT UCZESTNICTWO &#8211; 100 PLN 1. DOKONAJ WP\u0141ATY&nbsp;NA KONTO Isabella Gosek&nbsp; PL40 1140 2004 0000 3702 8547 4374 tytu\u0142em:&nbsp;Wykluczeni&nbsp; 2. PRZE\u015aLIJ POTWIERDZENIE WP\u0141ATY NA:&nbsp; isa.skutecznaterapia@gmail.com &nbsp; WP\u0141ATA PRZEZ PAYPAL&nbsp; PayPal.Me\/isabellagoldflame &nbsp; USTAWIENIA RODZINNE W GRUPIE &#8211; ONLINE&nbsp; USTAWIENIE INDYWIDUALNE &#8211; 390 PLNREPREZENTANT &#8211; 30 PLN &nbsp; 1. DOKONAJ WP\u0141ATY&nbsp;NA KONTO Isabella Gosek&nbsp; PL40 1140 2004 0000 3702 8547 4374 tytu\u0142em:&nbsp;UST IND lub REP&nbsp; 2. PRZE\u015aLIJ POTWIERDZENIE WP\u0141ATY NA:&nbsp; isa.skutecznaterapia@gmail.com &nbsp; WP\u0141ATA PRZEZ PAYPAL&nbsp; PayPal.Me\/isabellagoldflame &nbsp; SESJE INDYWIDUALNE &#8211; ONLINE USTAWIENIE INDYWIDUALNE &#8211; 360 PLN ZAM\u00d3W SESJ\u0118: TUTAJ WP\u0141ATA + POTWIERDZENIE JAK POWY\u017bEJ &nbsp;<\/p>\n","protected":false},"author":1,"featured_media":0,"parent":0,"menu_order":0,"comment_status":"closed","ping_status":"closed","template":"","meta":{"footnotes":""},"class_list":["post-3101","page","type-page","status-publish","hentry"],"_links":{"self":[{"href":"https:\/\/skuteczna-terapia.eu\/index.php?rest_route=\/wp\/v2\/pages\/3101","targetHints":{"allow":["GET"]}}],"collection":[{"href":"https:\/\/skuteczna-terapia.eu\/index.php?rest_route=\/wp\/v2\/pages"}],"about":[{"href":"https:\/\/skuteczna-terapia.eu\/index.php?rest_route=\/wp\/v2\/types\/page"}],"author":[{"embeddable":true,"href":"https:\/\/skuteczna-terapia.eu\/index.php?rest_route=\/wp\/v2\/users\/1"}],"replies":[{"embeddable":true,"href":"https:\/\/skuteczna-terapia.eu\/index.php?rest_route=%2Fwp%2Fv2%2Fcomments&post=3101"}],"version-history":[{"count":49,"href":"https:\/\/skuteczna-terapia.eu\/index.php?rest_route=\/wp\/v2\/pages\/3101\/revisions"}],"predecessor-version":[{"id":3534,"href":"https:\/\/skuteczna-terapia.eu\/index.php?rest_route=\/wp\/v2\/pages\/3101\/revisions\/3534"}],"wp:attachment":[{"href":"https:\/\/skuteczna-terapia.eu\/index.php?rest_route=%2Fwp%2Fv2%2Fmedia&parent=3101"}],"curies":[{"name":"wp","href":"https:\/\/api.w.org\/{rel}","templated":true}]}}