{"id":2737,"date":"2024-05-12T00:58:31","date_gmt":"2024-05-11T22:58:31","guid":{"rendered":"https:\/\/skuteczna-terapia.eu\/?page_id=2737"},"modified":"2026-01-02T19:04:18","modified_gmt":"2026-01-02T18:04:18","slug":"opinie-klientow","status":"publish","type":"page","link":"https:\/\/skuteczna-terapia.eu\/?page_id=2737","title":{"rendered":"OPINIE KLIENT\u00d3W"},"content":{"rendered":"\t\t<div data-elementor-type=\"wp-page\" data-elementor-id=\"2737\" class=\"elementor elementor-2737\">\n\t\t\t\t\t\t<section class=\"elementor-section elementor-top-section elementor-element elementor-element-5fe89db elementor-section-boxed elementor-section-height-default elementor-section-height-default wpr-particle-no wpr-jarallax-no wpr-parallax-no wpr-sticky-section-no\" data-id=\"5fe89db\" data-element_type=\"section\" data-e-type=\"section\">\n\t\t\t\t\t\t<div class=\"elementor-container elementor-column-gap-default\">\n\t\t\t\t\t<div class=\"elementor-column elementor-col-100 elementor-top-column elementor-element elementor-element-8a18885\" data-id=\"8a18885\" data-element_type=\"column\" data-e-type=\"column\">\n\t\t\t<div class=\"elementor-widget-wrap elementor-element-populated\">\n\t\t\t\t\t\t<div class=\"elementor-element elementor-element-8e44b70 elementor-widget elementor-widget-text-editor\" data-id=\"8e44b70\" data-element_type=\"widget\" data-e-type=\"widget\" data-widget_type=\"text-editor.default\">\n\t\t\t\t<div class=\"elementor-widget-container\">\n\t\t\t\t\t\t\t\t\t<blockquote><p>Szczerze i z serca polecam prac\u0119 z Iz\u0105 &lt;3 Podczas sesji dotar\u0142am do g\u0142\u0119bokiego wsp\u00f3\u0142czucia dla siebie oraz dosta\u0142am narz\u0119dzia, kt\u00f3re wreszcie pomog\u0142y mi nawi\u0105za\u0107 g\u0142\u0119bok\u0105 relacj\u0119 z wewn\u0119trznym dzieckiem. Od sesji min\u0119\u0142o kilka dni, a ja codziennie dotykam mojego wewn\u0119trznego dziecka i nareszcie realnie czuj\u0119 natychmiastowe uzdrawianie. Iza jest \u015bwietn\u0105 terapeutk\u0105, doskonale czyta Pole i ma pi\u0119kn\u0105 intuicj\u0119, a ka\u017cde wypowiedziane przez Ni\u0105 zdanie by\u0142o w 100% trafne. Wdzi\u0119czno\u015b\u0107 &lt;3<span class=\"Apple-converted-space\">\u00a0<\/span>Karolina<span class=\"Apple-converted-space\">\u00a0<\/span><\/p><p><img fetchpriority=\"high\" decoding=\"async\" class=\"alignnone size-medium wp-image-2740\" src=\"https:\/\/skuteczna-terapia.eu\/wp-content\/uploads\/2024\/05\/Karolinas-post-460x460.jpg\" alt=\"\" width=\"460\" height=\"460\" srcset=\"https:\/\/skuteczna-terapia.eu\/wp-content\/uploads\/2024\/05\/Karolinas-post-460x460.jpg 460w, https:\/\/skuteczna-terapia.eu\/wp-content\/uploads\/2024\/05\/Karolinas-post-1024x1024.jpg 1024w, https:\/\/skuteczna-terapia.eu\/wp-content\/uploads\/2024\/05\/Karolinas-post-150x150.jpg 150w, https:\/\/skuteczna-terapia.eu\/wp-content\/uploads\/2024\/05\/Karolinas-post-300x300.jpg 300w, https:\/\/skuteczna-terapia.eu\/wp-content\/uploads\/2024\/05\/Karolinas-post-75x75.jpg 75w\" sizes=\"(max-width: 460px) 100vw, 460px\" \/>\u00a0\u00a0<span style=\"letter-spacing: 0px;\">Przygoda z Izabell\u0105 zacz\u0119\u0142a si\u0119 dla mnie wiele lat temu, kiedy to wspiera\u0142a mnie w odpuszczeniu traum, w szerokim s\u0142owa znaczeniu. Polecam Iz\u0119 z ca\u0142ego serca. Ciep\u0142a, empatyczna, m\u0105dra, prowadzi sesj\u0119 intuicyjnie, wykorzystuj\u0105c ogromna wiedz\u0119, kt\u00f3r\u0105 posiada. Najwa\u017cniejsze to zaufa\u0107 sobie w do\u015bwiadczaniu tego co si\u0119 zadzieje podczas sesji i krok po kroku przyzwala\u0107 na odpuszczenie. Z mi\u0142o\u015bci\u0105. Marzena<\/span><\/p><p><img decoding=\"async\" class=\"alignnone size-medium wp-image-2741\" src=\"https:\/\/skuteczna-terapia.eu\/wp-content\/uploads\/2024\/05\/Turkusowes-post-460x460.jpg\" alt=\"\" width=\"460\" height=\"460\" srcset=\"https:\/\/skuteczna-terapia.eu\/wp-content\/uploads\/2024\/05\/Turkusowes-post-460x460.jpg 460w, https:\/\/skuteczna-terapia.eu\/wp-content\/uploads\/2024\/05\/Turkusowes-post-1024x1024.jpg 1024w, https:\/\/skuteczna-terapia.eu\/wp-content\/uploads\/2024\/05\/Turkusowes-post-150x150.jpg 150w, https:\/\/skuteczna-terapia.eu\/wp-content\/uploads\/2024\/05\/Turkusowes-post-300x300.jpg 300w, https:\/\/skuteczna-terapia.eu\/wp-content\/uploads\/2024\/05\/Turkusowes-post-75x75.jpg 75w\" sizes=\"(max-width: 460px) 100vw, 460px\" \/><\/p><p>Isabella jest wpisania\u0142\u0105 Istot\u0105, kt\u00f3ra pojawi\u0142a si\u0119 w moim \u017cyciu dzi\u0119ki &#8222;przypadkowej&#8221;sytuacji z moim w\u00f3wczas 4 letnim synkiem(dodam, \u017ce zacz\u0119\u0142o si\u0119 od trudnych emocji dziecka). Isabella nie tylko we wspania\u0142y, niecodzienny, niespotykany i empatyczny,ale jednocze\u015bnie asertywny spos\u00f3b rozmawia\u0142a z moim dzieckiem ale r\u00f3wnie\u017c ze mn\u0105, a by\u0142am wtedy w 6 m-cu ci\u0105\u017cy. Ostatnio pracowa\u0142am z Isabell\u0105 metod\u0105 Compassion Key,jest to pi\u0119kna i prosta metoda docieraj\u0105ca do naszego wewn\u0119trznego dziecka, do jego traum i historii poprzykrywanych iluzj\u0105 i czasem. Iza w spos\u00f3b nietuzinkowo czu\u0142y, delikatny i jednocze\u015bnie zdecydowany prowadzi\u0142a mnie podczas tej podr\u00f3\u017cy po wspomnieniach. Dotar\u0142y\u015bmy do sytuacji, kt\u00f3rych jako doros\u0142a kobieta nie pami\u0119ta\u0142am, odkry\u0142am dzi\u0119ki temu nowe aspekty siebie samej(kt\u00f3re czeka\u0142y na zauwa\u017cenie i przytulenie). Z wdzi\u0119czno\u015bci\u0105 z serca polecam wsp\u00f3\u0142prac\u0119\/wsp\u00f3\u0142tworzenie z Isabell\u0105!<span class=\"Apple-converted-space\">\u00a0\u00a0<\/span><span style=\"letter-spacing: 0px;\">Milena<\/span><\/p><p><img decoding=\"async\" class=\"alignnone size-medium wp-image-2743\" src=\"https:\/\/skuteczna-terapia.eu\/wp-content\/uploads\/2024\/05\/Terapeutyczne-i-Duchowe-1-460x460.jpg\" alt=\"\" width=\"460\" height=\"460\" srcset=\"https:\/\/skuteczna-terapia.eu\/wp-content\/uploads\/2024\/05\/Terapeutyczne-i-Duchowe-1-460x460.jpg 460w, https:\/\/skuteczna-terapia.eu\/wp-content\/uploads\/2024\/05\/Terapeutyczne-i-Duchowe-1-1024x1024.jpg 1024w, https:\/\/skuteczna-terapia.eu\/wp-content\/uploads\/2024\/05\/Terapeutyczne-i-Duchowe-1-150x150.jpg 150w, https:\/\/skuteczna-terapia.eu\/wp-content\/uploads\/2024\/05\/Terapeutyczne-i-Duchowe-1-300x300.jpg 300w, https:\/\/skuteczna-terapia.eu\/wp-content\/uploads\/2024\/05\/Terapeutyczne-i-Duchowe-1-75x75.jpg 75w\" sizes=\"(max-width: 460px) 100vw, 460px\" \/><\/p><p>Nios\u0105c ca\u0142e \u017cycie b\u00f3l zwiazany z moim rodzicem robi\u0142am z wieloma terapeutami r\u00f3\u017cne formy uzdrawiania. Niestety po jakim\u015b czasie trauma wraca\u0142a i by\u0142am w tym samym miejscu. Oferta pracy z Iz\u0105 pojawi\u0142a si\u0119 z potrzeby mojego b\u00f3lu. To co prze\u017cy\u0142am na sesji trudno opisa\u0107,ale mog\u0119 j\u0105 poleci\u0107 ka\u017cdemu kto chce si\u0119 uwolni\u0107 od wszystkiego co emocjonalnie boli i czego ca\u0142ymi latami nie uzdrowi\u0142 !!!!!! Nigdy nie do\u015bwiadczy\u0142am takiego wnikni\u0119cia w g\u0142\u0105b siebie. Nigdy nie poczu\u0142am za tak bardzo<span class=\"Apple-converted-space\">\u00a0 <\/span>jestem wewn\u0119trznie skulona. Proces kt\u00f3ry prowadzi Iza ,s\u0142owa wsp\u00f3\u0142czucia kt\u00f3re wypowiadam s\u0105 niewyobra\u017calnie uzdawiaj\u0105ce ,regeneruj\u0105ce i nape\u0142niaj\u0105ce Milosci\u0105. To dla mnie najpi\u0119kniejsza forma uzdrowienia Przez ca\u0142e \u017cycie nie powiedzia\u0142am do siebie tylu dobrych , uzdrawiaj\u0105cych s\u0142\u00f3w. Izo dzi\u0119kuj\u0119 za prowadzenie ,tak cudowne wsparcie i opiek\u0119 w trakcie. Jestem pod ogromnym wra\u017ceniem jako\u015bci ,mi\u0142o\u015bci i dobra \u2665\ufe0f\u2665\ufe0f\u2665\ufe0f\u2665\ufe0f\u2665\ufe0f\u2665\ufe0f\u2665\ufe0f \u00a0<span style=\"letter-spacing: 0px;\">Katarzyna<\/span>\u00a0<\/p><p><img loading=\"lazy\" decoding=\"async\" class=\"alignnone size-medium wp-image-2744\" src=\"https:\/\/skuteczna-terapia.eu\/wp-content\/uploads\/2024\/05\/Katarzynas-post-460x460.jpg\" alt=\"\" width=\"460\" height=\"460\" srcset=\"https:\/\/skuteczna-terapia.eu\/wp-content\/uploads\/2024\/05\/Katarzynas-post-460x460.jpg 460w, https:\/\/skuteczna-terapia.eu\/wp-content\/uploads\/2024\/05\/Katarzynas-post-1024x1024.jpg 1024w, https:\/\/skuteczna-terapia.eu\/wp-content\/uploads\/2024\/05\/Katarzynas-post-150x150.jpg 150w, https:\/\/skuteczna-terapia.eu\/wp-content\/uploads\/2024\/05\/Katarzynas-post-300x300.jpg 300w, https:\/\/skuteczna-terapia.eu\/wp-content\/uploads\/2024\/05\/Katarzynas-post-75x75.jpg 75w\" sizes=\"(max-width: 460px) 100vw, 460px\" \/><\/p><p>Kochane <img decoding=\"async\" class=\"emoji\" role=\"img\" draggable=\"false\" src=\"https:\/\/s.w.org\/images\/core\/emoji\/15.0.3\/svg\/1f496.svg\" alt=\"\ud83d\udc96\" \/>musz\u0119 si\u0119 z Wami podzieli\u0107&#8230;potrzebowa\u0142am ostatnio sesji poniewa\u017c by\u0142y my\u015bli w moim umy\u015ble, kt\u00f3re powraca\u0142y cyklicznie i zaczyna\u0142y objawia\u0107 si\u0119 jakimi\u015b dolegliwo\u015bciami w ciele.<span class=\"Apple-converted-space\">\u00a0<\/span>Pr\u00f3bowa\u0142am poradzi\u0107 sobie z tym na r\u00f3\u017cne sposoby, niestety po chwilowej uldze, tematy powraca\u0142y. Iz\u0119 wybra\u0142am dlatego \u017ce&#8230;mo\u017ce to dziwne dla niekt\u00f3rych ale ja codziennie rano prosz\u0119 o prowadzenie tzw G\u00f3ry, i sta\u0142o si\u0119 tak, \u017ce szukaj\u0105c pomocy i b\u0119d\u0105c otwart\u0105 na znaki, zobaczy\u0142am <span class=\"Apple-converted-space\">\u00a0 <\/span>Iz\u0119 i jej przes\u0142anie. To nie przypadek, tak wierz\u0119.Podczas sesji, prowadzona przez Iz\u0119, dotar\u0142am do bardzo g\u0142\u0119boko zakopanych prze\u017cy\u0107&#8230;Nie by\u0142y one \u0142atwe&#8230;ale wspieraj\u0105ca i kochaj\u0105ca obecno\u015b\u0107 Izy by\u0142a jak trzymaj\u0105ca w ramionach mama.<img decoding=\"async\" class=\"emoji\" role=\"img\" draggable=\"false\" src=\"https:\/\/s.w.org\/images\/core\/emoji\/15.0.3\/svg\/2764.svg\" alt=\"\u2764\ufe0f\" \/><span class=\"Apple-converted-space\">\u00a0<\/span>W sumie, to na przestrzeni lat, pierwsz\u0105 sesj\u0119 z Iz\u0105 mia\u0142am par\u0119 lat temu, teraz dwie sesje, wszystkie zawsze mi bardzo pomog\u0142y. Natomiast teraz Iza stosuje tak czu\u0142\u0105 i ciep\u0142\u0105 metod\u0119, kt\u00f3ra tak szybko trafia w sedno sprawy, \u017ce jeszcze nie raz si\u0119 zg\u0142osz\u0119 do Izy a ju\u017c na pewno bardzo polecam wszystkim, kt\u00f3rzy szukaj\u0105 dost\u0119pu do w\u0142asnych ukrytych miejsc przy pomocy konkretnego fachowca, jakim jest Iza. <img decoding=\"async\" class=\"emoji\" role=\"img\" draggable=\"false\" src=\"https:\/\/s.w.org\/images\/core\/emoji\/15.0.3\/svg\/2764.svg\" alt=\"\u2764\ufe0f\" \/>\u00a0 Magdalena<span class=\"Apple-converted-space\">\u00a0\u00a0<\/span><\/p><p><img loading=\"lazy\" decoding=\"async\" class=\"alignnone size-medium wp-image-2749\" src=\"https:\/\/skuteczna-terapia.eu\/wp-content\/uploads\/2024\/05\/podzielic.potrzebowalam-ostatnio-sesji-2-460x460.jpg\" alt=\"\" width=\"460\" height=\"460\" srcset=\"https:\/\/skuteczna-terapia.eu\/wp-content\/uploads\/2024\/05\/podzielic.potrzebowalam-ostatnio-sesji-2-460x460.jpg 460w, https:\/\/skuteczna-terapia.eu\/wp-content\/uploads\/2024\/05\/podzielic.potrzebowalam-ostatnio-sesji-2-150x150.jpg 150w, https:\/\/skuteczna-terapia.eu\/wp-content\/uploads\/2024\/05\/podzielic.potrzebowalam-ostatnio-sesji-2-300x300.jpg 300w, https:\/\/skuteczna-terapia.eu\/wp-content\/uploads\/2024\/05\/podzielic.potrzebowalam-ostatnio-sesji-2-75x75.jpg 75w\" sizes=\"(max-width: 460px) 100vw, 460px\" \/><\/p><p><img loading=\"lazy\" decoding=\"async\" class=\"alignnone size-medium wp-image-2751\" src=\"https:\/\/skuteczna-terapia.eu\/wp-content\/uploads\/2024\/05\/Terapeutyczne-i-Duchowe-2-460x460.jpg\" alt=\"\" width=\"460\" height=\"460\" srcset=\"https:\/\/skuteczna-terapia.eu\/wp-content\/uploads\/2024\/05\/Terapeutyczne-i-Duchowe-2-460x460.jpg 460w, https:\/\/skuteczna-terapia.eu\/wp-content\/uploads\/2024\/05\/Terapeutyczne-i-Duchowe-2-1024x1024.jpg 1024w, https:\/\/skuteczna-terapia.eu\/wp-content\/uploads\/2024\/05\/Terapeutyczne-i-Duchowe-2-150x150.jpg 150w, https:\/\/skuteczna-terapia.eu\/wp-content\/uploads\/2024\/05\/Terapeutyczne-i-Duchowe-2-300x300.jpg 300w, https:\/\/skuteczna-terapia.eu\/wp-content\/uploads\/2024\/05\/Terapeutyczne-i-Duchowe-2-75x75.jpg 75w\" sizes=\"(max-width: 460px) 100vw, 460px\" \/><\/p><p><img loading=\"lazy\" decoding=\"async\" class=\"alignnone size-medium wp-image-2750\" src=\"https:\/\/skuteczna-terapia.eu\/wp-content\/uploads\/2024\/05\/Terapeutyczne-i-Duchowe-3-460x460.jpg\" alt=\"\" width=\"460\" height=\"460\" srcset=\"https:\/\/skuteczna-terapia.eu\/wp-content\/uploads\/2024\/05\/Terapeutyczne-i-Duchowe-3-460x460.jpg 460w, https:\/\/skuteczna-terapia.eu\/wp-content\/uploads\/2024\/05\/Terapeutyczne-i-Duchowe-3-1024x1023.jpg 1024w, https:\/\/skuteczna-terapia.eu\/wp-content\/uploads\/2024\/05\/Terapeutyczne-i-Duchowe-3-150x150.jpg 150w, https:\/\/skuteczna-terapia.eu\/wp-content\/uploads\/2024\/05\/Terapeutyczne-i-Duchowe-3-300x300.jpg 300w, https:\/\/skuteczna-terapia.eu\/wp-content\/uploads\/2024\/05\/Terapeutyczne-i-Duchowe-3-75x75.jpg 75w\" sizes=\"(max-width: 460px) 100vw, 460px\" \/><\/p><p><img loading=\"lazy\" decoding=\"async\" class=\"alignnone size-medium wp-image-2752\" src=\"https:\/\/skuteczna-terapia.eu\/wp-content\/uploads\/2024\/05\/Igas-post-460x460.jpg\" alt=\"\" width=\"460\" height=\"460\" srcset=\"https:\/\/skuteczna-terapia.eu\/wp-content\/uploads\/2024\/05\/Igas-post-460x460.jpg 460w, https:\/\/skuteczna-terapia.eu\/wp-content\/uploads\/2024\/05\/Igas-post-1024x1024.jpg 1024w, https:\/\/skuteczna-terapia.eu\/wp-content\/uploads\/2024\/05\/Igas-post-150x150.jpg 150w, https:\/\/skuteczna-terapia.eu\/wp-content\/uploads\/2024\/05\/Igas-post-300x300.jpg 300w, https:\/\/skuteczna-terapia.eu\/wp-content\/uploads\/2024\/05\/Igas-post-75x75.jpg 75w\" sizes=\"(max-width: 460px) 100vw, 460px\" \/><\/p><p>Dzi\u0119kuj\u0119 Isabello za pi\u0119kn\u0105 wsp\u00f3\u0142prac\u0119. Isabello stworzy\u0142a\u015b dla mnie przestrze\u0144 do odpuszczenia w pe\u0142nej akceptacji. Czu\u0142am si\u0119 swobodnie i mog\u0142am skupi\u0107 si\u0119 na sobie i oddychaniu. Isabella bezpiecznie<span class=\"Apple-converted-space\">\u00a0 <\/span>poprowadzi\u0142a mnie w puszczaniu blokad w ciele spowodowanych traumami. Przep\u0142yw, uwa\u017cno\u015b\u0107 Isabelli i 100%<span class=\"Apple-converted-space\">\u00a0 <\/span>profesionalizmu towarzyszy\u0142 mi na ka\u017cdym kroku. Pi\u0119kne domkni\u0119cie procesu. \u00a0Monika<\/p><p>Isa, nie mog\u0119 pozostawi\u0107 wczorajszego spotkania bez s\u0142\u00f3w. Dzi\u0119kuj\u0119 Isa za przypomnienie, \u017ce to czyste \u015bwiat\u0142o, \u015bwiat\u0142o \u015bwiadomo\u015bci, kt\u00f3rym tak naprawd\u0119 jeste\u015bmy, znam to, czuj\u0119, wiem, do\u015bwiadczam, \u017ce to te \u015bwiat\u0142o uzdrawia sam\u0105 obecno\u015bci\u0105, uwag\u0105. Wczorajsz\u0105 medytacja by\u0142a dla mnie uzdrawiaj\u0105ca i jeszcze p\u00f3\u017aniej, gdy posz\u0142am do lasu czu\u0142am, jak uwalniaj\u0105 si\u0119 wkoj\u0105cym \u015bwietle emocje. Mam dla Ciebie du\u017co wdzi\u0119czno\u015bci Isa. I ode mnie dla Ciebie \u015bwiat\u0142o, kt\u00f3rejest te\u017c i przy mnie. Je\u015bli zechcesz wysy\u0142am. Pozdrawiam ciep\u0142o z lasu. Ania N.<\/p><p>Izo bardzo dzi\u0119kuj\u0119 za spotkanie. Stworzyli\u015bmy pi\u0119kn\u0105 przestrze\u0144. Do zobaczenia! \u00a0<\/p><p>Rafa\u0142 M.<\/p><p>Wi\u0119cej opinii znajdziesz na mojej stronie na <a href=\"https:\/\/www.facebook.com\/profile.php?id=100090138883381\"><b>Facebook.<\/b><\/a> (&lt;- kliknij\u00a0)<\/p><p>Aby powr\u00f3ci\u0107 do strony g\u0142\u00f3wnej kliknij napis <b>Skuteczna Terapia<\/b> na zdj\u0119ciu, na samej g\u00f3rze tej witryny.<\/p><p>Je\u015bli masz jakie\u015b pytania, zapraszam do<a href=\"https:\/\/skuteczna-terapia.eu\/?page_id=134\"> <b>kontaktu.<\/b><\/a> (&lt;- kliknij\u00a0)<\/p><\/blockquote>\t\t\t\t\t\t\t\t<\/div>\n\t\t\t\t<\/div>\n\t\t\t\t\t<\/div>\n\t\t<\/div>\n\t\t\t\t\t<\/div>\n\t\t<\/section>\n\t\t\t\t<\/div>\n\t\t","protected":false},"excerpt":{"rendered":"<p>Szczerze i z serca polecam prac\u0119 z Iz\u0105 &lt;3 Podczas sesji dotar\u0142am do g\u0142\u0119bokiego wsp\u00f3\u0142czucia dla siebie oraz dosta\u0142am narz\u0119dzia, kt\u00f3re wreszcie pomog\u0142y mi nawi\u0105za\u0107 g\u0142\u0119bok\u0105 relacj\u0119 z wewn\u0119trznym dzieckiem. Od sesji min\u0119\u0142o kilka dni, a ja codziennie dotykam mojego wewn\u0119trznego dziecka i nareszcie realnie czuj\u0119 natychmiastowe uzdrawianie. Iza jest \u015bwietn\u0105 terapeutk\u0105, doskonale czyta Pole i ma pi\u0119kn\u0105 intuicj\u0119, a ka\u017cde wypowiedziane przez Ni\u0105 zdanie by\u0142o w 100% trafne. Wdzi\u0119czno\u015b\u0107 &lt;3\u00a0Karolina\u00a0 \u00a0\u00a0Przygoda z Izabell\u0105 zacz\u0119\u0142a si\u0119 dla mnie wiele lat temu, kiedy to wspiera\u0142a mnie w odpuszczeniu traum, w szerokim s\u0142owa znaczeniu. Polecam Iz\u0119 z ca\u0142ego serca. Ciep\u0142a, empatyczna, m\u0105dra, prowadzi sesj\u0119 intuicyjnie, wykorzystuj\u0105c ogromna wiedz\u0119, kt\u00f3r\u0105 posiada. Najwa\u017cniejsze to zaufa\u0107 sobie w do\u015bwiadczaniu tego co si\u0119 zadzieje podczas sesji i krok po kroku przyzwala\u0107 na odpuszczenie. Z mi\u0142o\u015bci\u0105. Marzena Isabella jest wpisania\u0142\u0105 Istot\u0105, kt\u00f3ra pojawi\u0142a si\u0119 w moim \u017cyciu dzi\u0119ki &#8222;przypadkowej&#8221;sytuacji z moim w\u00f3wczas 4 letnim synkiem(dodam, \u017ce zacz\u0119\u0142o si\u0119 od trudnych emocji dziecka). Isabella nie tylko we wspania\u0142y, niecodzienny, niespotykany i empatyczny,ale jednocze\u015bnie asertywny spos\u00f3b rozmawia\u0142a z moim dzieckiem ale r\u00f3wnie\u017c ze mn\u0105, a by\u0142am wtedy w 6 m-cu ci\u0105\u017cy. Ostatnio pracowa\u0142am z Isabell\u0105 metod\u0105 Compassion Key,jest to pi\u0119kna i prosta metoda docieraj\u0105ca do naszego wewn\u0119trznego dziecka, do jego traum i historii poprzykrywanych iluzj\u0105 i czasem. Iza w spos\u00f3b nietuzinkowo czu\u0142y, delikatny i jednocze\u015bnie zdecydowany prowadzi\u0142a mnie podczas tej podr\u00f3\u017cy po wspomnieniach. Dotar\u0142y\u015bmy do sytuacji, kt\u00f3rych jako doros\u0142a kobieta nie pami\u0119ta\u0142am, odkry\u0142am dzi\u0119ki temu nowe aspekty siebie samej(kt\u00f3re czeka\u0142y na zauwa\u017cenie i przytulenie). Z wdzi\u0119czno\u015bci\u0105 z serca polecam wsp\u00f3\u0142prac\u0119\/wsp\u00f3\u0142tworzenie z Isabell\u0105!\u00a0\u00a0Milena Nios\u0105c ca\u0142e \u017cycie b\u00f3l zwiazany z moim rodzicem robi\u0142am z wieloma terapeutami r\u00f3\u017cne formy uzdrawiania. Niestety po jakim\u015b czasie trauma wraca\u0142a i by\u0142am w tym samym miejscu. Oferta pracy z Iz\u0105 pojawi\u0142a si\u0119 z potrzeby mojego b\u00f3lu. To co prze\u017cy\u0142am na sesji trudno opisa\u0107,ale mog\u0119 j\u0105 poleci\u0107 ka\u017cdemu kto chce si\u0119 uwolni\u0107 od wszystkiego co emocjonalnie boli i czego ca\u0142ymi latami nie uzdrowi\u0142 !!!!!! Nigdy nie do\u015bwiadczy\u0142am takiego wnikni\u0119cia w g\u0142\u0105b siebie. Nigdy nie poczu\u0142am za tak bardzo\u00a0 jestem wewn\u0119trznie skulona. Proces kt\u00f3ry prowadzi Iza ,s\u0142owa wsp\u00f3\u0142czucia kt\u00f3re wypowiadam s\u0105 niewyobra\u017calnie uzdawiaj\u0105ce ,regeneruj\u0105ce i nape\u0142niaj\u0105ce Milosci\u0105. To dla mnie najpi\u0119kniejsza forma uzdrowienia Przez ca\u0142e \u017cycie nie powiedzia\u0142am do siebie tylu dobrych , uzdrawiaj\u0105cych s\u0142\u00f3w. Izo dzi\u0119kuj\u0119 za prowadzenie ,tak cudowne wsparcie i opiek\u0119 w trakcie. Jestem pod ogromnym wra\u017ceniem jako\u015bci ,mi\u0142o\u015bci i dobra \u2665\ufe0f\u2665\ufe0f\u2665\ufe0f\u2665\ufe0f\u2665\ufe0f\u2665\ufe0f\u2665\ufe0f \u00a0Katarzyna\u00a0 Kochane musz\u0119 si\u0119 z Wami podzieli\u0107&#8230;potrzebowa\u0142am ostatnio sesji poniewa\u017c by\u0142y my\u015bli w moim umy\u015ble, kt\u00f3re powraca\u0142y cyklicznie i zaczyna\u0142y objawia\u0107 si\u0119 jakimi\u015b dolegliwo\u015bciami w ciele.\u00a0Pr\u00f3bowa\u0142am poradzi\u0107 sobie z tym na r\u00f3\u017cne sposoby, niestety po chwilowej uldze, tematy powraca\u0142y. Iz\u0119 wybra\u0142am dlatego \u017ce&#8230;mo\u017ce to dziwne dla niekt\u00f3rych ale ja codziennie rano prosz\u0119 o prowadzenie tzw G\u00f3ry, i sta\u0142o si\u0119 tak, \u017ce szukaj\u0105c pomocy i b\u0119d\u0105c otwart\u0105 na znaki, zobaczy\u0142am \u00a0 Iz\u0119 i jej przes\u0142anie. To nie przypadek, tak wierz\u0119.Podczas sesji, prowadzona przez Iz\u0119, dotar\u0142am do bardzo g\u0142\u0119boko zakopanych prze\u017cy\u0107&#8230;Nie by\u0142y one \u0142atwe&#8230;ale wspieraj\u0105ca i kochaj\u0105ca obecno\u015b\u0107 Izy by\u0142a jak trzymaj\u0105ca w ramionach mama.\u00a0W sumie, to na przestrzeni lat, pierwsz\u0105 sesj\u0119 z Iz\u0105 mia\u0142am par\u0119 lat temu, teraz dwie sesje, wszystkie zawsze mi bardzo pomog\u0142y. Natomiast teraz Iza stosuje tak czu\u0142\u0105 i ciep\u0142\u0105 metod\u0119, kt\u00f3ra tak szybko trafia w sedno sprawy, \u017ce jeszcze nie raz si\u0119 zg\u0142osz\u0119 do Izy a ju\u017c na pewno bardzo polecam wszystkim, kt\u00f3rzy szukaj\u0105 dost\u0119pu do w\u0142asnych ukrytych miejsc przy pomocy konkretnego fachowca, jakim jest Iza. \u00a0 Magdalena\u00a0\u00a0 Dzi\u0119kuj\u0119 Isabello za pi\u0119kn\u0105 wsp\u00f3\u0142prac\u0119. Isabello stworzy\u0142a\u015b dla mnie przestrze\u0144 do odpuszczenia w pe\u0142nej akceptacji. Czu\u0142am si\u0119 swobodnie i mog\u0142am skupi\u0107 si\u0119 na sobie i oddychaniu. Isabella bezpiecznie\u00a0 poprowadzi\u0142a mnie w puszczaniu blokad w ciele spowodowanych traumami. Przep\u0142yw, uwa\u017cno\u015b\u0107 Isabelli i 100%\u00a0 profesionalizmu towarzyszy\u0142 mi na ka\u017cdym kroku. Pi\u0119kne domkni\u0119cie procesu. \u00a0Monika Isa, nie mog\u0119 pozostawi\u0107 wczorajszego spotkania bez s\u0142\u00f3w. Dzi\u0119kuj\u0119 Isa za przypomnienie, \u017ce to czyste \u015bwiat\u0142o, \u015bwiat\u0142o \u015bwiadomo\u015bci, kt\u00f3rym tak naprawd\u0119 jeste\u015bmy, znam to, czuj\u0119, wiem, do\u015bwiadczam, \u017ce to te \u015bwiat\u0142o uzdrawia sam\u0105 obecno\u015bci\u0105, uwag\u0105. Wczorajsz\u0105 medytacja by\u0142a dla mnie uzdrawiaj\u0105ca i jeszcze p\u00f3\u017aniej, gdy posz\u0142am do lasu czu\u0142am, jak uwalniaj\u0105 si\u0119 wkoj\u0105cym \u015bwietle emocje. Mam dla Ciebie du\u017co wdzi\u0119czno\u015bci Isa. I ode mnie dla Ciebie \u015bwiat\u0142o, kt\u00f3rejest te\u017c i przy mnie. Je\u015bli zechcesz wysy\u0142am. Pozdrawiam ciep\u0142o z lasu. Ania N. Izo bardzo dzi\u0119kuj\u0119 za spotkanie. Stworzyli\u015bmy pi\u0119kn\u0105 przestrze\u0144. Do zobaczenia! \u00a0 Rafa\u0142 M. Wi\u0119cej opinii znajdziesz na mojej stronie na Facebook. (&lt;- kliknij\u00a0) Aby powr\u00f3ci\u0107 do strony g\u0142\u00f3wnej kliknij napis Skuteczna Terapia na zdj\u0119ciu, na samej g\u00f3rze tej witryny. Je\u015bli masz jakie\u015b pytania, zapraszam do kontaktu. (&lt;- kliknij\u00a0)<\/p>\n","protected":false},"author":1,"featured_media":0,"parent":0,"menu_order":0,"comment_status":"closed","ping_status":"closed","template":"","meta":{"footnotes":""},"class_list":["post-2737","page","type-page","status-publish","hentry"],"_links":{"self":[{"href":"https:\/\/skuteczna-terapia.eu\/index.php?rest_route=\/wp\/v2\/pages\/2737","targetHints":{"allow":["GET"]}}],"collection":[{"href":"https:\/\/skuteczna-terapia.eu\/index.php?rest_route=\/wp\/v2\/pages"}],"about":[{"href":"https:\/\/skuteczna-terapia.eu\/index.php?rest_route=\/wp\/v2\/types\/page"}],"author":[{"embeddable":true,"href":"https:\/\/skuteczna-terapia.eu\/index.php?rest_route=\/wp\/v2\/users\/1"}],"replies":[{"embeddable":true,"href":"https:\/\/skuteczna-terapia.eu\/index.php?rest_route=%2Fwp%2Fv2%2Fcomments&post=2737"}],"version-history":[{"count":13,"href":"https:\/\/skuteczna-terapia.eu\/index.php?rest_route=\/wp\/v2\/pages\/2737\/revisions"}],"predecessor-version":[{"id":3720,"href":"https:\/\/skuteczna-terapia.eu\/index.php?rest_route=\/wp\/v2\/pages\/2737\/revisions\/3720"}],"wp:attachment":[{"href":"https:\/\/skuteczna-terapia.eu\/index.php?rest_route=%2Fwp%2Fv2%2Fmedia&parent=2737"}],"curies":[{"name":"wp","href":"https:\/\/api.w.org\/{rel}","templated":true}]}}