{"id":2,"date":"2022-11-03T12:00:49","date_gmt":"2022-11-03T11:00:49","guid":{"rendered":"https:\/\/skuteczna-terapia.eu\/?page_id=2"},"modified":"2026-03-24T14:48:53","modified_gmt":"2026-03-24T13:48:53","slug":"troche-o-mnie","status":"publish","type":"page","link":"https:\/\/skuteczna-terapia.eu\/?page_id=2","title":{"rendered":"TROCH\u0118 O MNIE&#8230; <!-- MailerLite Universal --> <script>     (function(w,d,e,u,f,l,n){w[f]=w[f]||function(){(w[f].q=w[f].q||[])     .push(arguments);},l=d.createElement(e),l.async=1,l.src=u,     n=d.getElementsByTagName(e)[0],n.parentNode.insertBefore(l,n);})     (window,document,'script','https:\/\/assets.mailerlite.com\/js\/universal.js','ml');     ml('account', '1537250'); <\/script> <!-- End MailerLite Universal -->"},"content":{"rendered":"\t\t<div data-elementor-type=\"wp-page\" data-elementor-id=\"2\" class=\"elementor elementor-2\">\n\t\t\t\t\t\t<section class=\"elementor-section elementor-top-section elementor-element elementor-element-7c7f61f6 elementor-section-boxed elementor-section-height-default elementor-section-height-default wpr-particle-no wpr-jarallax-no wpr-parallax-no wpr-sticky-section-no\" data-id=\"7c7f61f6\" data-element_type=\"section\" data-e-type=\"section\">\n\t\t\t\t\t\t<div class=\"elementor-container elementor-column-gap-default\">\n\t\t\t\t\t<div class=\"elementor-column elementor-col-100 elementor-top-column elementor-element elementor-element-5183044c\" data-id=\"5183044c\" data-element_type=\"column\" data-e-type=\"column\">\n\t\t\t<div class=\"elementor-widget-wrap elementor-element-populated\">\n\t\t\t\t\t\t<div class=\"elementor-element elementor-element-45e1d905 animated-slow elementor-invisible elementor-widget elementor-widget-text-editor\" data-id=\"45e1d905\" data-element_type=\"widget\" data-e-type=\"widget\" data-settings=\"{&quot;_animation&quot;:&quot;zoomIn&quot;,&quot;_animation_delay&quot;:500}\" data-widget_type=\"text-editor.default\">\n\t\t\t\t<div class=\"elementor-widget-container\">\n\t\t\t\t\t\t\t\t\t<p>\u00a0<\/p><p><img fetchpriority=\"high\" decoding=\"async\" class=\"alignleft wp-image-3838\" src=\"https:\/\/skuteczna-terapia.eu\/wp-content\/uploads\/2026\/03\/PROFIL-FB-2-e1772893904413.png\" alt=\"\" width=\"240\" height=\"259\" \/><b style=\"letter-spacing: 0px;\">Witaj! <\/b><span style=\"letter-spacing: 0px;\">Mam na imi\u0119 Isabella.\u00a0<\/span><\/p><p>Moja <strong>g\u0142\u0119boko <\/strong><b>transformuj\u0105ca podr\u00f3\u017c <\/b>odkrywania, poznawania i uzdrawiania siebie rozpocz\u0119\u0142a si\u0119 prawie trzy dekady temu. Przez wiele lat <b>szuka\u0142am i uczy\u0142am si\u0119 metod, <\/b>kt\u00f3re mia\u0142y na celu pom\u00f3c mi uzdrowi\u0107 oraz w pe\u0142ni pozna\u0107, zaakceptowa\u0107 i wyrazi\u0107 siebie,<b>\u00a0<\/b>co ostatecznie zaowocowa\u0142o pasj\u0105 dzielenia si\u0119 z innymi efektami tego procesu, w postaci <strong>pracy terapeutycznej<\/strong>.<\/p><p>We wczesnych latach mojego \u017cycia by\u0142am z pasji i wykszta\u0142cenia <strong>plastykiem, grafikiem i projektantk\u0105 mody<\/strong>, uwielbia\u0142m moj\u0105 prac\u0119, odnosi\u0142am sukcesy, a jednak co\u015b wewn\u0105trz pcha\u0142o mnie ku mojej drugiej pasji, kt\u00f3r\u0105 by\u0142a ludzka <b>psychika, psychologia, terapia i duchowo\u015b\u0107<\/b>.<span class=\"Apple-converted-space\">\u00a0<\/span><\/p><p><b>Obecnie mam ponad 25-letnie do\u015bwiadczenie i wykszta\u0142cenie<\/b> <span style=\"font-weight: normal;\">w sferze r\u00f3\u017cnych form terapii. Studiowa\u0142am <strong>Psychologi\u0119 Transpersonaln\u0105<\/strong> i <strong>Psychosyntez\u0119<\/strong> <span style=\"letter-spacing: 0px;\">oraz <strong>Hipnoterapi\u0119 Regresyjn\u0105<\/strong>. Ponadto <\/span>uczy\u0142am si\u0119 i pracowa\u0142am metodami: Ustawie\u0144 Rodzinnych Berta Hellingera, EFT-Tapping, The Compassion Key<span style=\"letter-spacing: 0px;\">\u00ae\ufe0f, Soul Realignment\u00ae\ufe0f.<\/span>\u00a0Dodatkowo uczy\u0142am si\u0119, praktykowa\u0142am i stosowa\u0142am w mojej pracy z klientami terapi\u0119 oddechem, tzw. Rebirthing i ta\u0144cem, oraz Jog\u0119 i medytacj\u0119. <\/span><\/p><p><span style=\"font-weight: normal;\">Mam te\u017c za sob\u0105 wiele lat praktyki i do\u015bwiadcze\u0144 poprzez \u015bcie\u017ck\u0119 duchow\u0105, na kt\u00f3r\u0105 du\u017cy wp\u0142yw mia\u0142a moja <\/span><strong>wyprawa do Indii<\/strong>\u00a0<span style=\"color: var( --e-global-color-secondary ); letter-spacing: 0px;\">i g\u0142\u0119boko transformuj\u0105ce duchowe do\u015bwiadczenia z ni\u0105 zwi\u0105zane. Istotn\u0105 rol\u0119 w tym procesie mia\u0142y<\/span>\u00a0<span style=\"color: var( --e-global-color-secondary ); letter-spacing: 0px;\">wyjazdy edukacyjne i d\u0142u\u017csze pobyty w<\/span><strong style=\"color: var( --e-global-color-secondary ); letter-spacing: 0px;\"> Stanach, Hiszpanii, na Bali <\/strong>oraz podr\u00f3\u017ce, o charakterze zawodowym do wielu innych kraj\u00f3w.<\/p><p><strong>Od oko\u0142o 15 lat zajmuj\u0119 si\u0119 g\u0142\u00f3wnie prac\u0105 terapeutyczn\u0105, <\/strong>kt\u00f3ra jest moj\u0105 pasj\u0105 i daje mi wiele satysfakcji, poniewa\u017c przynosi moim klientom widoczne i odczuwalne efekty. Ca\u0142y czas ucz\u0119 si\u0119 nowych metod teraputycznych, stosuj\u0105c je najpierw na sobie. <strong>Prowadz\u0119 sesje indywidualne oraz tworz\u0119 kursy i prowadz\u0119 warsztaty terapeutyczne obejmuj\u0105ce tematyk\u0119 rozwoju osobistego i duchowego w j\u0119zyku polskim, angielskim i szwedzkim. \u00a0<\/strong><\/p><p><strong>\u0141\u0105cz\u0119 r\u00f3\u017cne metody, <\/strong>jednocze\u015bnie <strong>podchodz\u0105c<\/strong> <strong>indywidualnie<\/strong> do potrzeb ka\u017cdego klienta. Obecnie u\u017cywam g\u0142\u00f3wnie<strong> dw\u00f3ch bardzo skutecznych metod<\/strong>, kt\u00f3rych jestem <strong>certyfikowanym terapeut\u0105<\/strong>. Obie s\u0105 g\u0142\u0119bokim, skutecznym i szybkim procesem terapeutycznym &#8211; <strong>The Compassion Key\u00ae\ufe0f <\/strong>oraz<strong> Hipnoterapi\u0119 Regresyjn\u0105, <\/strong>kt\u00f3re \u0142\u0105cz\u0119 z elementami procesu <strong>Ustawie\u0144 Rodzinnych<\/strong>, wg Berta Hellingera.<\/p><p>Dodatkowo, w zale\u017cno\u015bci od potrzeb klienta u\u017cywam metody <strong>Soul Realignment\u00ae\ufe0f<\/strong>, kt\u00f3ra jest g\u0142\u0119boko terapeutyczna w kontek\u015bcie duchowym, jednocze\u015bnie przek\u0142adaj\u0105ca si\u0119<span class=\"Apple-converted-space\">\u00a0 <\/span>bezpo\u015brednio na fizyczne, ziemskie do\u015bwiadczenie.<span class=\"Apple-converted-space\">\u00a0<\/span><\/p><p>Jesieni\u0105 2024 roku wyda\u0142am na <strong>Amazonie kurs terapeutyczny w postaci ksi\u0105\u017cki papierowej i ebooka, <\/strong>w j\u0119zyku angielskim:<\/p><p><a href=\"https:\/\/www.amazon.com\/Course-Self-Love-Care-Authentic-Self-Help-ebook\/dp\/B0DHV5FFRD\/ref=sr_1_1?crid=A740OJLQ3A3K&amp;dib=eyJ2IjoiMSJ9.397GHll4m6b5mjdfQBXA3xwctP2nHN2Ut-3vFelvSnmFtgiD8n_mHEkpg-7J8uU7BnSIM81TGc79w0wFpy2igJlO9CDAI63d1ydLePt_B2JuvCNNDrjx4MtfV7SzvYzbyO6rumUX3o6S2pMfxuiQ8IQhTZC8PH3nLOiae11curvH9g05sgpl1y2fkkVDrSJ2qiqqMEnKTqrkE1hV2ASa2RSDTi0fIOI2WCLZFD5Dc00.VGplRnZiKTQixzw9WRO0VhPT8d4U46QG3h9cs-BRUuQ&amp;dib_tag=se&amp;keywords=A+Course+in+self+love+and+care&amp;qid=1738187460&amp;sprefix=a+course+in+self+love+and+care%2Caps%2C961&amp;sr=8-1\"><strong>A Course in Self-Love &amp; Care<\/strong><\/a><\/p><p>Zapraszam do kontaktu, je\u015bli masz jakie\u015b pytania.<span class=\"Apple-converted-space\">\u00a0<\/span><\/p><p>Zapraszam te\u017c serdecznie do odwiedzania mojego<b> <\/b><a href=\"https:\/\/skuteczna-terapia.eu\/?page_id=762\"><b>blog<\/b><\/a><a href=\"https:\/\/skuteczna-terapia.eu\/?page_id=762\"><b>a<\/b><\/a><a href=\"https:\/\/skuteczna-terapia.eu\/?page_id=762\">.<\/a><\/p><p>Dzi\u0119kuj\u0119, \u017ce po\u015bwi\u0119ci\u0142a\u015b\/e\u015b sw\u00f3j czas, odwiedzaj\u0105c t\u0105 stron\u0119.<span class=\"Apple-converted-space\">\u00a0<\/span><\/p><p>Miej si\u0119 dobrze!<\/p><p>Pozdrawiam ciep\u0142o<img decoding=\"async\" class=\"emoji\" role=\"img\" draggable=\"false\" src=\"https:\/\/s.w.org\/images\/core\/emoji\/15.0.3\/svg\/2600.svg\" alt=\"\u2600\ufe0f\" \/><img decoding=\"async\" class=\"emoji\" role=\"img\" draggable=\"false\" src=\"https:\/\/s.w.org\/images\/core\/emoji\/15.0.3\/svg\/1f49b.svg\" alt=\"\ud83d\udc9b\" \/><img decoding=\"async\" class=\"emoji\" role=\"img\" draggable=\"false\" src=\"https:\/\/s.w.org\/images\/core\/emoji\/15.0.3\/svg\/2600.svg\" alt=\"\u2600\ufe0f\" \/><\/p><p>Isabella<\/p><p><!-- \/wp:paragraph --><\/p>\t\t\t\t\t\t\t\t<\/div>\n\t\t\t\t<\/div>\n\t\t\t\t\t<\/div>\n\t\t<\/div>\n\t\t\t\t\t<\/div>\n\t\t<\/section>\n\t\t\t\t<section class=\"elementor-section elementor-top-section elementor-element elementor-element-65318f8 elementor-section-boxed elementor-section-height-default elementor-section-height-default wpr-particle-no wpr-jarallax-no wpr-parallax-no wpr-sticky-section-no\" data-id=\"65318f8\" data-element_type=\"section\" data-e-type=\"section\">\n\t\t\t\t\t\t<div class=\"elementor-container elementor-column-gap-default\">\n\t\t\t\t\t<div class=\"elementor-column elementor-col-100 elementor-top-column elementor-element elementor-element-c64f21a\" data-id=\"c64f21a\" data-element_type=\"column\" data-e-type=\"column\">\n\t\t\t<div class=\"elementor-widget-wrap elementor-element-populated\">\n\t\t\t\t\t\t<div class=\"elementor-element elementor-element-0b6b952 elementor-widget elementor-widget-text-editor\" data-id=\"0b6b952\" data-element_type=\"widget\" data-e-type=\"widget\" data-widget_type=\"text-editor.default\">\n\t\t\t\t<div class=\"elementor-widget-container\">\n\t\t\t\t\t\t\t\t\t<h5 style=\"text-align: center;\"><b style=\"letter-spacing: 0px;\">CO M\u00d3WI\u0104 KLIENCI I UCZESTNICY&#8230;<\/b><\/h5>\n<blockquote>\n<p>\u201eSesja z Isabell\u0105 jest naprawd\u0119 czym\u015b bardzo niezwyk\u0142ym. Do\u015b\u0107 sceptycznie i z du\u017c\u0105 rezerw\u0105 podchodzi\u0142am do tego spotkania, ale pewne \u017cyciowe sytuacje wymagaly podj\u0119cia kolejnej pr\u00f3by uporania si\u0119 z nimi. Dlatego w ko\u0144cu zdecydowa\u0142am si\u0119 spr\u00f3bowa\u0107. Mog\u0119 powiedzie\u0107, \u017ce trzeba by\u0142o zrobi\u0107 to szybciej, ale mo\u017ce tak mia\u0142o by\u0107? A mo\u017ce jednak dopiero teraz by\u0142 dla mnie w\u0142a\u015bciwy moment w \u017cyciu, \u017ceby pozamyka\u0107 pewne sprawy, odci\u0105\u0107 przys\u0142owiow\u0105 p\u0119powin\u0119, kt\u00f3r\u0105 notabene przecina\u0142am podczas pierwszej sesji! Pierwsza sesja by\u0142a trudna i d\u0142uga ale zako\u0144czona sukcesem! Intencja drugiej sesji by\u0142a dla mnie bardzo, bardzo osobista, dotyka\u0142a mnie jako matki i zagubionej mi\u0142o\u015bci do w\u0142asnej c\u00f3rki, z jakiego\u015b powodu, trudno mi si\u0119 z tym \u017cy\u0142o, co te\u017c mia\u0142o wp\u0142yw na moich najbli\u017cszych. Natomiast ta sesja by\u0142a wyj\u0105tkowa, magiczna i przepe\u0142niona ogromn\u0105 ilo\u015bci\u0105 \u015bwiat\u0142a, podczas kt\u00f3rej czu\u0142am, jak do mojego cia\u0142a i serca wraca to pi\u0119kne uczucie, kiedy po raz pierwszy zobaczy\u0142am swoj\u0105 c\u00f3rk\u0119 po porodzie. Tak mi tego brakowa\u0142o, \u017ce \u0142zy same lecia\u0142y z oczu, nawet teraz kiedy to pisze, r\u00f3wnie\u017c nap\u0142ywaj\u0105. Sesja by\u0142a wyj\u0105tkowo oczyszczaj\u0105ca z przesz\u0142o\u015bci, jak si\u0119 okaza\u0142o nie tylko mojej, ale te\u017c ta pustka zosta\u0142a wype\u0142niona mi\u0142o\u015bci\u0105, prawdziw\u0105, bezwarunkow\u0105. Efekt na codzie\u0144 jest bardzo subtelny ale ja go czuj\u0119 w sobie, ale najwa\u017cniejsze, \u017ce moi bliscy r\u00f3wnie\u017c to czuj\u0105, relacja z c\u00f3rk\u0105 jest teraz zdecydowanie bardziej prawdziwsza, g\u0142\u0119bsza i bezwarunkow\u0105, jestem te\u017c cierpliwsza i spokojniejsza. Przebieg sesji by\u0142 zawsze dla mnie du\u017cym zaskoczeniem, ale dzi\u0119ki Isabelli czu\u0142am si\u0119 bezpiecznie, prowadzi\u0142a mnie z du\u017cym wyczuciem moment\u00f3w w kt\u00f3rych tego potrzebowa\u0142am. Niesamowite prze\u017cycie wewn\u0119trzne, ale z realnymi efektami widocznymi na zewn\u0105trz. \u017badne sesje z psychologami nie da\u0142y mi tego co osi\u0105gn\u0119\u0142am dzi\u0119ki 2 sesjom z Isabell\u0105. Jestem jej bardzo wdzi\u0119czna za wsparcie oraz znajomej kt\u00f3ra mnie do niej zaprowadzi\u0142a.\u201d \u00a0Lidia<\/p>\n<\/blockquote>\t\t\t\t\t\t\t\t<\/div>\n\t\t\t\t<\/div>\n\t\t\t\t<div class=\"elementor-element elementor-element-50c4191 elementor-align-center elementor-widget elementor-widget-button\" data-id=\"50c4191\" data-element_type=\"widget\" data-e-type=\"widget\" data-widget_type=\"button.default\">\n\t\t\t\t<div class=\"elementor-widget-container\">\n\t\t\t\t\t\t\t\t\t<div class=\"elementor-button-wrapper\">\n\t\t\t\t\t<a class=\"elementor-button elementor-button-link elementor-size-lg elementor-animation-pulse\" href=\"https:\/\/skuteczna-terapia.eu\/?page_id=2737(otworzy%20si\u0119%20w%20nowej%20karcie)\">\n\t\t\t\t\t\t<span class=\"elementor-button-content-wrapper\">\n\t\t\t\t\t\t\t\t\t<span class=\"elementor-button-text\">WI\u0118CEJ OPINII KLIENT\u00d3W<\/span>\n\t\t\t\t\t<\/span>\n\t\t\t\t\t<\/a>\n\t\t\t\t<\/div>\n\t\t\t\t\t\t\t\t<\/div>\n\t\t\t\t<\/div>\n\t\t\t\t\t<\/div>\n\t\t<\/div>\n\t\t\t\t\t<\/div>\n\t\t<\/section>\n\t\t\t\t<\/div>\n\t\t","protected":false},"excerpt":{"rendered":"<p>\u00a0 Witaj! Mam na imi\u0119 Isabella.\u00a0 Moja g\u0142\u0119boko transformuj\u0105ca podr\u00f3\u017c odkrywania, poznawania i uzdrawiania siebie rozpocz\u0119\u0142a si\u0119 prawie trzy dekady temu. Przez wiele lat szuka\u0142am i uczy\u0142am si\u0119 metod, kt\u00f3re mia\u0142y na celu pom\u00f3c mi uzdrowi\u0107 oraz w pe\u0142ni pozna\u0107, zaakceptowa\u0107 i wyrazi\u0107 siebie,\u00a0co ostatecznie zaowocowa\u0142o pasj\u0105 dzielenia si\u0119 z innymi efektami tego procesu, w postaci pracy terapeutycznej. We wczesnych latach mojego \u017cycia by\u0142am z pasji i wykszta\u0142cenia plastykiem, grafikiem i projektantk\u0105 mody, uwielbia\u0142m moj\u0105 prac\u0119, odnosi\u0142am sukcesy, a jednak co\u015b wewn\u0105trz pcha\u0142o mnie ku mojej drugiej pasji, kt\u00f3r\u0105 by\u0142a ludzka psychika, psychologia, terapia i duchowo\u015b\u0107.\u00a0 Obecnie mam ponad 25-letnie do\u015bwiadczenie i wykszta\u0142cenie w sferze r\u00f3\u017cnych form terapii. Studiowa\u0142am Psychologi\u0119 Transpersonaln\u0105 i Psychosyntez\u0119 oraz Hipnoterapi\u0119 Regresyjn\u0105. Ponadto uczy\u0142am si\u0119 i pracowa\u0142am metodami: Ustawie\u0144 Rodzinnych Berta Hellingera, EFT-Tapping, The Compassion Key\u00ae\ufe0f, Soul Realignment\u00ae\ufe0f.\u00a0Dodatkowo uczy\u0142am si\u0119, praktykowa\u0142am i stosowa\u0142am w mojej pracy z klientami terapi\u0119 oddechem, tzw. Rebirthing i ta\u0144cem, oraz Jog\u0119 i medytacj\u0119. Mam te\u017c za sob\u0105 wiele lat praktyki i do\u015bwiadcze\u0144 poprzez \u015bcie\u017ck\u0119 duchow\u0105, na kt\u00f3r\u0105 du\u017cy wp\u0142yw mia\u0142a moja wyprawa do Indii\u00a0i g\u0142\u0119boko transformuj\u0105ce duchowe do\u015bwiadczenia z ni\u0105 zwi\u0105zane. Istotn\u0105 rol\u0119 w tym procesie mia\u0142y\u00a0wyjazdy edukacyjne i d\u0142u\u017csze pobyty w Stanach, Hiszpanii, na Bali oraz podr\u00f3\u017ce, o charakterze zawodowym do wielu innych kraj\u00f3w. Od oko\u0142o 15 lat zajmuj\u0119 si\u0119 g\u0142\u00f3wnie prac\u0105 terapeutyczn\u0105, kt\u00f3ra jest moj\u0105 pasj\u0105 i daje mi wiele satysfakcji, poniewa\u017c przynosi moim klientom widoczne i odczuwalne efekty. Ca\u0142y czas ucz\u0119 si\u0119 nowych metod teraputycznych, stosuj\u0105c je najpierw na sobie. Prowadz\u0119 sesje indywidualne oraz tworz\u0119 kursy i prowadz\u0119 warsztaty terapeutyczne obejmuj\u0105ce tematyk\u0119 rozwoju osobistego i duchowego w j\u0119zyku polskim, angielskim i szwedzkim. \u00a0 \u0141\u0105cz\u0119 r\u00f3\u017cne metody, jednocze\u015bnie podchodz\u0105c indywidualnie do potrzeb ka\u017cdego klienta. Obecnie u\u017cywam g\u0142\u00f3wnie dw\u00f3ch bardzo skutecznych metod, kt\u00f3rych jestem certyfikowanym terapeut\u0105. Obie s\u0105 g\u0142\u0119bokim, skutecznym i szybkim procesem terapeutycznym &#8211; The Compassion Key\u00ae\ufe0f oraz Hipnoterapi\u0119 Regresyjn\u0105, kt\u00f3re \u0142\u0105cz\u0119 z elementami procesu Ustawie\u0144 Rodzinnych, wg Berta Hellingera. Dodatkowo, w zale\u017cno\u015bci od potrzeb klienta u\u017cywam metody Soul Realignment\u00ae\ufe0f, kt\u00f3ra jest g\u0142\u0119boko terapeutyczna w kontek\u015bcie duchowym, jednocze\u015bnie przek\u0142adaj\u0105ca si\u0119\u00a0 bezpo\u015brednio na fizyczne, ziemskie do\u015bwiadczenie.\u00a0 Jesieni\u0105 2024 roku wyda\u0142am na Amazonie kurs terapeutyczny w postaci ksi\u0105\u017cki papierowej i ebooka, w j\u0119zyku angielskim: A Course in Self-Love &amp; Care Zapraszam do kontaktu, je\u015bli masz jakie\u015b pytania.\u00a0 Zapraszam te\u017c serdecznie do odwiedzania mojego bloga. Dzi\u0119kuj\u0119, \u017ce po\u015bwi\u0119ci\u0142a\u015b\/e\u015b sw\u00f3j czas, odwiedzaj\u0105c t\u0105 stron\u0119.\u00a0 Miej si\u0119 dobrze! Pozdrawiam ciep\u0142o Isabella CO M\u00d3WI\u0104 KLIENCI I UCZESTNICY&#8230; \u201eSesja z Isabell\u0105 jest naprawd\u0119 czym\u015b bardzo niezwyk\u0142ym. Do\u015b\u0107 sceptycznie i z du\u017c\u0105 rezerw\u0105 podchodzi\u0142am do tego spotkania, ale pewne \u017cyciowe sytuacje wymagaly podj\u0119cia kolejnej pr\u00f3by uporania si\u0119 z nimi. Dlatego w ko\u0144cu zdecydowa\u0142am si\u0119 spr\u00f3bowa\u0107. Mog\u0119 powiedzie\u0107, \u017ce trzeba by\u0142o zrobi\u0107 to szybciej, ale mo\u017ce tak mia\u0142o by\u0107? A mo\u017ce jednak dopiero teraz by\u0142 dla mnie w\u0142a\u015bciwy moment w \u017cyciu, \u017ceby pozamyka\u0107 pewne sprawy, odci\u0105\u0107 przys\u0142owiow\u0105 p\u0119powin\u0119, kt\u00f3r\u0105 notabene przecina\u0142am podczas pierwszej sesji! Pierwsza sesja by\u0142a trudna i d\u0142uga ale zako\u0144czona sukcesem! Intencja drugiej sesji by\u0142a dla mnie bardzo, bardzo osobista, dotyka\u0142a mnie jako matki i zagubionej mi\u0142o\u015bci do w\u0142asnej c\u00f3rki, z jakiego\u015b powodu, trudno mi si\u0119 z tym \u017cy\u0142o, co te\u017c mia\u0142o wp\u0142yw na moich najbli\u017cszych. Natomiast ta sesja by\u0142a wyj\u0105tkowa, magiczna i przepe\u0142niona ogromn\u0105 ilo\u015bci\u0105 \u015bwiat\u0142a, podczas kt\u00f3rej czu\u0142am, jak do mojego cia\u0142a i serca wraca to pi\u0119kne uczucie, kiedy po raz pierwszy zobaczy\u0142am swoj\u0105 c\u00f3rk\u0119 po porodzie. Tak mi tego brakowa\u0142o, \u017ce \u0142zy same lecia\u0142y z oczu, nawet teraz kiedy to pisze, r\u00f3wnie\u017c nap\u0142ywaj\u0105. Sesja by\u0142a wyj\u0105tkowo oczyszczaj\u0105ca z przesz\u0142o\u015bci, jak si\u0119 okaza\u0142o nie tylko mojej, ale te\u017c ta pustka zosta\u0142a wype\u0142niona mi\u0142o\u015bci\u0105, prawdziw\u0105, bezwarunkow\u0105. Efekt na codzie\u0144 jest bardzo subtelny ale ja go czuj\u0119 w sobie, ale najwa\u017cniejsze, \u017ce moi bliscy r\u00f3wnie\u017c to czuj\u0105, relacja z c\u00f3rk\u0105 jest teraz zdecydowanie bardziej prawdziwsza, g\u0142\u0119bsza i bezwarunkow\u0105, jestem te\u017c cierpliwsza i spokojniejsza. Przebieg sesji by\u0142 zawsze dla mnie du\u017cym zaskoczeniem, ale dzi\u0119ki Isabelli czu\u0142am si\u0119 bezpiecznie, prowadzi\u0142a mnie z du\u017cym wyczuciem moment\u00f3w w kt\u00f3rych tego potrzebowa\u0142am. Niesamowite prze\u017cycie wewn\u0119trzne, ale z realnymi efektami widocznymi na zewn\u0105trz. \u017badne sesje z psychologami nie da\u0142y mi tego co osi\u0105gn\u0119\u0142am dzi\u0119ki 2 sesjom z Isabell\u0105. Jestem jej bardzo wdzi\u0119czna za wsparcie oraz znajomej kt\u00f3ra mnie do niej zaprowadzi\u0142a.\u201d \u00a0Lidia WI\u0118CEJ OPINII KLIENT\u00d3W<\/p>\n","protected":false},"author":1,"featured_media":0,"parent":0,"menu_order":1,"comment_status":"closed","ping_status":"closed","template":"","meta":{"footnotes":""},"class_list":["post-2","page","type-page","status-publish","hentry"],"_links":{"self":[{"href":"https:\/\/skuteczna-terapia.eu\/index.php?rest_route=\/wp\/v2\/pages\/2","targetHints":{"allow":["GET"]}}],"collection":[{"href":"https:\/\/skuteczna-terapia.eu\/index.php?rest_route=\/wp\/v2\/pages"}],"about":[{"href":"https:\/\/skuteczna-terapia.eu\/index.php?rest_route=\/wp\/v2\/types\/page"}],"author":[{"embeddable":true,"href":"https:\/\/skuteczna-terapia.eu\/index.php?rest_route=\/wp\/v2\/users\/1"}],"replies":[{"embeddable":true,"href":"https:\/\/skuteczna-terapia.eu\/index.php?rest_route=%2Fwp%2Fv2%2Fcomments&post=2"}],"version-history":[{"count":203,"href":"https:\/\/skuteczna-terapia.eu\/index.php?rest_route=\/wp\/v2\/pages\/2\/revisions"}],"predecessor-version":[{"id":3900,"href":"https:\/\/skuteczna-terapia.eu\/index.php?rest_route=\/wp\/v2\/pages\/2\/revisions\/3900"}],"wp:attachment":[{"href":"https:\/\/skuteczna-terapia.eu\/index.php?rest_route=%2Fwp%2Fv2%2Fmedia&parent=2"}],"curies":[{"name":"wp","href":"https:\/\/api.w.org\/{rel}","templated":true}]}}