{"id":1764,"date":"2023-07-15T17:29:12","date_gmt":"2023-07-15T15:29:12","guid":{"rendered":"https:\/\/skuteczna-terapia.eu\/?page_id=1764"},"modified":"2025-04-08T22:51:40","modified_gmt":"2025-04-08T20:51:40","slug":"czym-jest-the-compassion-key%ef%b8%8f","status":"publish","type":"page","link":"https:\/\/skuteczna-terapia.eu\/?page_id=1764","title":{"rendered":"CZYM JEST THE COMPASSION KEY\u00ae\ufe0f?\u00a0"},"content":{"rendered":"\t\t<div data-elementor-type=\"wp-page\" data-elementor-id=\"1764\" class=\"elementor elementor-1764\">\n\t\t\t\t\t\t<section class=\"elementor-section elementor-top-section elementor-element elementor-element-71394890 elementor-section-boxed elementor-section-height-default elementor-section-height-default wpr-particle-no wpr-jarallax-no wpr-parallax-no wpr-sticky-section-no\" data-id=\"71394890\" data-element_type=\"section\" data-e-type=\"section\">\n\t\t\t\t\t\t<div class=\"elementor-container elementor-column-gap-default\">\n\t\t\t\t\t<div class=\"elementor-column elementor-col-100 elementor-top-column elementor-element elementor-element-717b3592\" data-id=\"717b3592\" data-element_type=\"column\" data-e-type=\"column\">\n\t\t\t<div class=\"elementor-widget-wrap elementor-element-populated\">\n\t\t\t\t\t\t<div class=\"elementor-element elementor-element-b904249 animated-slow elementor-invisible elementor-widget elementor-widget-image\" data-id=\"b904249\" data-element_type=\"widget\" data-e-type=\"widget\" data-settings=\"{&quot;_animation&quot;:&quot;fadeInDown&quot;}\" data-widget_type=\"image.default\">\n\t\t\t\t<div class=\"elementor-widget-container\">\n\t\t\t\t\t\t\t\t\t\t\t\t\t\t\t<img fetchpriority=\"high\" decoding=\"async\" width=\"900\" height=\"643\" src=\"https:\/\/skuteczna-terapia.eu\/wp-content\/uploads\/2023\/07\/Compassion-Key-1-e1715203997331.jpg\" class=\"attachment-full size-full wp-image-1765\" alt=\"\" \/>\t\t\t\t\t\t\t\t\t\t\t\t\t\t\t<\/div>\n\t\t\t\t<\/div>\n\t\t\t\t<div class=\"elementor-element elementor-element-6bfdcd2f elementor-widget__width-initial elementor-widget elementor-widget-text-editor\" data-id=\"6bfdcd2f\" data-element_type=\"widget\" data-e-type=\"widget\" data-widget_type=\"text-editor.default\">\n\t\t\t\t<div class=\"elementor-widget-container\">\n\t\t\t\t\t\t\t\t\t<p><b>The Compassion Key\u00ae\ufe0f<\/b>(Klucz Wsp\u00f3\u0142czucia), to metoda pracy terapeutycznej, kt\u00f3ra ma wiele form zastosowania, <span style=\"letter-spacing: 0px;\">u\u017cywaj\u0105c emocji wsp\u00f3\u0142czucia, jako kluczowego czynnika prowadz\u0105cego do ostatecznego rozwi\u0105zania problemu.<\/span><\/p>\n<p><strong>\u00a0\ud83d\udd38<\/strong><strong>Jej g\u0142\u00f3wnym celem<\/strong>, jest odkrycie, uwolnienie oraz przemiana negatywnych wzorc\u00f3w:\u00a0<\/p>\n<p>\u2022 emocji<\/p>\n<p>\u2022 przekona\u0144\u00a0<\/p>\n<p>\u2022 zachowa\u0144\u00a0<\/p>\n<p>\u2022 mechanizm\u00f3w obronnych\u00a0<\/p>\n<p>\u2022 do\u015bwiadcze\u0144, kt\u00f3re te wzorce wytworzy\u0142y.\u00a0<\/p>\n<p><strong>\u00a0\ud83d\udd38Si\u0119ga do samych \u201ekorzeni\u201d<\/strong> &#8211; czyli tego, co jest pierwotn\u0105 przyczyn\u0105 naszych obecnych problem\u00f3w, zmaga\u0144, trudno\u015bci, niepowodze\u0144, chor\u00f3b, na\u0142og\u00f3w, stresu, depresji, l\u0119k\u00f3w oraz wszelkich mo\u017cliwych powtarzaj\u0105cych si\u0119 negatywnych wzorc\u00f3w zachowa\u0144 i wydarze\u0144 &#8211; usuwaj\u0105c je, warstwa po warstwie na poziomie emocjonalnym, mentalnym i duchowym naszej psychiki oraz na poziomie pami\u0119ci kom\u00f3rkowej cia\u0142a.<\/p>\n<p><strong>\u00a0\ud83d\udd38Przynosi widoczne efekty <\/strong>w procesach z trudnymi relacjami, kt\u00f3re chcemy uzdrowi\u0107, lub od kt\u00f3rych potrzebujemy si\u0119 uwolni\u0107. Jest szczeg\u00f3lnie korzystna i skuteczna w uzdrawianiu i pog\u0142\u0119bianiu relacji z SAMYM SOB\u0104. \u00a0\u00a0<\/p>\n<p><strong>\u00a0\ud83d\udd38Dodatkowo,<\/strong> jest u\u017cywana do uwalniania i przemiany wytworzonego poprzez mechanizmy obronne zniekszta\u0142conego i nieprawdziwego wizerunku siebie, z kt\u00f3rym si\u0119 silnie uto\u017csamiamy oraz powi\u0105zanych z nimi negatywnych nawyk\u00f3w, emocji i zachowa\u0144, i ich destrukcyjnych skutk\u00f3w, takich jak mi\u0119dzy innymi:<\/p>\n<p>\u2022 brak poczucia w\u0142asnej warto\u015bci\/bezsilno\u015b\u0107\/niemoc<\/p>\n<p>\u2022 stany l\u0119kowe i depresyjne<\/p>\n<p>\u2022 wstyd\/poczucie winy<\/p>\n<p>\u2022 nerwice\/zachowania kompulsywne\/fobie<\/p>\n<p>\u2022 zaburzenia od\u017cywiania\/bulimia\/anoreksja\/oty\u0142o\u015b\u0107 \u00a0<\/p>\n<p>\u2022 wszelkie na\u0142ogi\u00a0\u00a0<\/p>\n<p>\u2022 agresja\/gniew\/przemoc emocjonalna i fizyczna<\/p>\n<p>\u2022 zaburzenia osobowo\u015bci<\/p>\n<p>\u2022 samo-okaleczanie\u00a0<\/p>\n<p>\u2022 wszelkie dolegliwo\u015bci zdrowotne<\/p>\n<p>\u2022 zagra\u017caj\u0105ce \u017cyciu\/przewlek\u0142e choroby<\/p>\n<p>\u2022 i wiele innych\u00a0<\/p>\n<p><strong>KLUCZEM, w tej metodzie<\/strong>, kt\u00f3ry przynosi rozwi\u0105zanie, uwolnienie, przemian\u0119 i uzdrowienie jest zastosowanie emocji\/energii WSP\u00d3\u0141CZUCIA, kt\u00f3re nie powinno by\u0107 mylone z u\u017calaniem si\u0119 nad sob\u0105, lito\u015bci\u0105, czy poczuciem bycia ofiar\u0105, poniewa\u017c prawdziwe wsp\u00f3\u0142czucie tym nie jest.\u00a0<\/p>\n<p><strong>PRAWDZIWE WSP\u00d3\u0141CZUCIE<\/strong> to uznanie z szacunkiem, zrozumieniem i mi\u0142o\u015bci\u0105 tego, co si\u0119 czuje i czego si\u0119 do\u015bwiadcza, to troska o siebie i danie sobie zrozumienia, wsparcia, akceptacji i mi\u0142o\u015bci, kt\u00f3rych nie dostali\u015bmy wtedy, kiedy najbardzej ich potrzebowali\u015bmy &#8211; szczeg\u00f3lnie traumatyczne w dzieci\u0144stwie &#8211; a co mia\u0142o i wci\u0105\u017c ma bezpo\u015bredni wp\u0142yw na to, jak postrzegamy i traktujemy siebie i innych.\u00a0<\/p>\n<p><!-- \/wp:paragraph --><!-- wp:paragraph --><\/p>\n<p><!-- \/wp:paragraph --><!-- wp:paragraph --><\/p>\n<p><strong>Zajmuj\u0119 si\u0119 terapi\u0105 od ponad 20 lat<\/strong>, <strong>uczy\u0142am si\u0119, pracowa\u0142am z i do\u015bwiadczy\u0142am wielu jej form<\/strong>, mi\u0119dzy innymi Psychosyntezy, Psychologii Alternatywnej i Ustawie\u0144 Systemowych Berta Hellingera. Praktykowa\u0142am i wypr\u00f3bowa\u0142am na sobie r\u00f3\u017cne formy psychoterapii, w\u0142\u0105cznie z jej najnowszymi odkryciami, takimi jak Coherent Therapy (Terapia Koherencji), Somatic Experiencing, oraz metody pomocnicze, jak np. EFT-Tapping.\u00a0<\/p>\n<p><span style=\"letter-spacing: 0px;\"><strong>Podczas procesu uczenia si\u0119, do\u015bwiadczania na sobie i praktykowania z klientami<\/strong> metody The Compassion Key\u00ae\ufe0f zrozumia\u0142am, \u017ce brakowa\u0142o mi we wcze\u015bniejszych formach terapii takiego w\u0142a\u015bnie podej\u015bcia do problemu, potrzeb klienta, oraz skutecznego i trwa\u0142ego rozwi\u0105zania i uwolnienia, jak\u0105 ona oferuje.<\/span><\/p>\n<p><!-- \/wp:paragraph --><!-- wp:paragraph --><\/p>\n<p>Osobi\u015bcie do\u015bwiadczy\u0142am na sobie oko\u0142o 50 takich sesji, a innych poprowadzi\u0142am w tym procesie, jak do tej pory w ponad stu.<\/p>\n<h5>Je\u015bli chcesz osobi\u015bcie do\u015bwiadczy\u0107 takiej sesji ze mn\u0105, mo\u017cesz si\u0119 um\u00f3wi\u0107 na wizyt\u0119 online, kliknij na przycisk poni\u017cej.\u00a0<\/h5>\n<p><!-- \/wp:paragraph --><!-- wp:paragraph --><\/p>\n<p><!-- \/wp:paragraph --><\/p>\t\t\t\t\t\t\t\t<\/div>\n\t\t\t\t<\/div>\n\t\t\t\t<div class=\"elementor-element elementor-element-6e5bcb2 elementor-align-center elementor-invisible elementor-widget elementor-widget-button\" data-id=\"6e5bcb2\" data-element_type=\"widget\" data-e-type=\"widget\" data-settings=\"{&quot;_animation&quot;:&quot;pulse&quot;}\" data-widget_type=\"button.default\">\n\t\t\t\t<div class=\"elementor-widget-container\">\n\t\t\t\t\t\t\t\t\t<div class=\"elementor-button-wrapper\">\n\t\t\t\t\t<a class=\"elementor-button elementor-button-link elementor-size-sm elementor-animation-pulse\" href=\"https:\/\/skuteczna-terapia.eu\/?page_id=1699\" target=\"_blank\">\n\t\t\t\t\t\t<span class=\"elementor-button-content-wrapper\">\n\t\t\t\t\t\t\t\t\t<span class=\"elementor-button-text\">ZAM\u00d3W SESJ\u0118<\/span>\n\t\t\t\t\t<\/span>\n\t\t\t\t\t<\/a>\n\t\t\t\t<\/div>\n\t\t\t\t\t\t\t\t<\/div>\n\t\t\t\t<\/div>\n\t\t\t\t\t<\/div>\n\t\t<\/div>\n\t\t\t\t\t<\/div>\n\t\t<\/section>\n\t\t\t\t<section class=\"elementor-section elementor-top-section elementor-element elementor-element-7fa05b4 elementor-section-boxed elementor-section-height-default elementor-section-height-default wpr-particle-no wpr-jarallax-no wpr-parallax-no wpr-sticky-section-no\" data-id=\"7fa05b4\" data-element_type=\"section\" data-e-type=\"section\">\n\t\t\t\t\t\t<div class=\"elementor-container elementor-column-gap-default\">\n\t\t\t\t\t<div class=\"elementor-column elementor-col-100 elementor-top-column elementor-element elementor-element-172545e\" data-id=\"172545e\" data-element_type=\"column\" data-e-type=\"column\">\n\t\t\t<div class=\"elementor-widget-wrap elementor-element-populated\">\n\t\t\t\t\t\t<div class=\"elementor-element elementor-element-1cec792 elementor-widget elementor-widget-text-editor\" data-id=\"1cec792\" data-element_type=\"widget\" data-e-type=\"widget\" data-widget_type=\"text-editor.default\">\n\t\t\t\t<div class=\"elementor-widget-container\">\n\t\t\t\t\t\t\t\t\t<h5 style=\"text-align: center;\"><b style=\"letter-spacing: 0px;\">CO M\u00d3WI\u0104 KLIENCI I UCZESTNICY&#8230;<\/b><\/h5>\n<blockquote>\n<p>\u201eSesja z Isabell\u0105 jest naprawd\u0119 czym\u015b bardzo niezwyk\u0142ym. Do\u015b\u0107 sceptycznie i z du\u017c\u0105 rezerw\u0105 podchodzi\u0142am do tego spotkania, ale pewne \u017cyciowe sytuacje wymagaly podj\u0119cia kolejnej pr\u00f3by uporania si\u0119 z nimi. Dlatego w ko\u0144cu zdecydowa\u0142am si\u0119 spr\u00f3bowa\u0107. Mog\u0119 powiedzie\u0107, \u017ce trzeba by\u0142o zrobi\u0107 to szybciej, ale mo\u017ce tak mia\u0142o by\u0107? A mo\u017ce jednak dopiero teraz by\u0142 dla mnie w\u0142a\u015bciwy moment w \u017cyciu, \u017ceby pozamyka\u0107 pewne sprawy, odci\u0105\u0107 przys\u0142owiow\u0105 p\u0119powin\u0119, kt\u00f3r\u0105 notabene przecina\u0142am podczas pierwszej sesji! Pierwsza sesja by\u0142a trudna i d\u0142uga ale zako\u0144czona sukcesem! Intencja drugiej sesji by\u0142a dla mnie bardzo, bardzo osobista, dotyka\u0142a mnie jako matki i zagubionej mi\u0142o\u015bci do w\u0142asnej c\u00f3rki, z jakiego\u015b powodu, trudno mi si\u0119 z tym \u017cy\u0142o, co te\u017c mia\u0142o wp\u0142yw na moich najbli\u017cszych. Natomiast ta sesja by\u0142a wyj\u0105tkowa, magiczna i przepe\u0142niona ogromn\u0105 ilo\u015bci\u0105 \u015bwiat\u0142a, podczas kt\u00f3rej czu\u0142am, jak do mojego cia\u0142a i serca wraca to pi\u0119kne uczucie, kiedy po raz pierwszy zobaczy\u0142am swoj\u0105 c\u00f3rk\u0119 po porodzie. Tak mi tego brakowa\u0142o, \u017ce \u0142zy same lecia\u0142y z oczu, nawet teraz kiedy to pisze, r\u00f3wnie\u017c nap\u0142ywaj\u0105. Sesja by\u0142a wyj\u0105tkowo oczyszczaj\u0105ca z przesz\u0142o\u015bci, jak si\u0119 okaza\u0142o nie tylko mojej, ale te\u017c ta pustka zosta\u0142a wype\u0142niona mi\u0142o\u015bci\u0105, prawdziw\u0105, bezwarunkow\u0105. Efekt na codzie\u0144 jest bardzo subtelny ale ja go czuj\u0119 w sobie, ale najwa\u017cniejsze, \u017ce moi bliscy r\u00f3wnie\u017c to czuj\u0105, relacja z c\u00f3rk\u0105 jest teraz zdecydowanie bardziej prawdziwsza, g\u0142\u0119bsza i bezwarunkow\u0105, jestem te\u017c cierpliwsza i spokojniejsza. Przebieg sesji by\u0142 zawsze dla mnie du\u017cym zaskoczeniem, ale dzi\u0119ki Isabelli czu\u0142am si\u0119 bezpiecznie, prowadzi\u0142a mnie z du\u017cym wyczuciem moment\u00f3w w kt\u00f3rych tego potrzebowa\u0142am. Niesamowite prze\u017cycie wewn\u0119trzne, ale z realnymi efektami widocznymi na zewn\u0105trz. \u017badne sesje z psychologami nie da\u0142y mi tego co osi\u0105gn\u0119\u0142am dzi\u0119ki 2 sesjom z Isabell\u0105. Jestem jej bardzo wdzi\u0119czna za wsparcie oraz znajomej kt\u00f3ra mnie do niej zaprowadzi\u0142a.\u201d \u00a0Lidia<\/p>\n<\/blockquote>\t\t\t\t\t\t\t\t<\/div>\n\t\t\t\t<\/div>\n\t\t\t\t<div class=\"elementor-element elementor-element-b010ce4 elementor-align-center elementor-widget elementor-widget-button\" data-id=\"b010ce4\" data-element_type=\"widget\" data-e-type=\"widget\" data-widget_type=\"button.default\">\n\t\t\t\t<div class=\"elementor-widget-container\">\n\t\t\t\t\t\t\t\t\t<div class=\"elementor-button-wrapper\">\n\t\t\t\t\t<a class=\"elementor-button elementor-button-link elementor-size-lg elementor-animation-pulse\" href=\"https:\/\/skuteczna-terapia.eu\/?page_id=2737(otworzy%20si\u0119%20w%20nowej%20karcie)\">\n\t\t\t\t\t\t<span class=\"elementor-button-content-wrapper\">\n\t\t\t\t\t\t\t\t\t<span class=\"elementor-button-text\">WI\u0118CEJ OPINII KLIENT\u00d3W<\/span>\n\t\t\t\t\t<\/span>\n\t\t\t\t\t<\/a>\n\t\t\t\t<\/div>\n\t\t\t\t\t\t\t\t<\/div>\n\t\t\t\t<\/div>\n\t\t\t\t<div class=\"elementor-element elementor-element-d8cb7a0 elementor-align-center elementor-widget elementor-widget-button\" data-id=\"d8cb7a0\" data-element_type=\"widget\" data-e-type=\"widget\" data-widget_type=\"button.default\">\n\t\t\t\t<div class=\"elementor-widget-container\">\n\t\t\t\t\t\t\t\t\t<div class=\"elementor-button-wrapper\">\n\t\t\t\t\t<a class=\"elementor-button elementor-button-link elementor-size-lg elementor-animation-pulse\" href=\"https:\/\/skuteczna-terapia.eu\/?page_id=1699\">\n\t\t\t\t\t\t<span class=\"elementor-button-content-wrapper\">\n\t\t\t\t\t\t\t\t\t<span class=\"elementor-button-text\">ZAM\u00d3W SESJ\u0118<\/span>\n\t\t\t\t\t<\/span>\n\t\t\t\t\t<\/a>\n\t\t\t\t<\/div>\n\t\t\t\t\t\t\t\t<\/div>\n\t\t\t\t<\/div>\n\t\t\t\t\t<\/div>\n\t\t<\/div>\n\t\t\t\t\t<\/div>\n\t\t<\/section>\n\t\t\t\t<\/div>\n\t\t","protected":false},"excerpt":{"rendered":"<p>The Compassion Key\u00ae\ufe0f(Klucz Wsp\u00f3\u0142czucia), to metoda pracy terapeutycznej, kt\u00f3ra ma wiele form zastosowania, u\u017cywaj\u0105c emocji wsp\u00f3\u0142czucia, jako kluczowego czynnika prowadz\u0105cego do ostatecznego rozwi\u0105zania problemu. \u00a0\ud83d\udd38Jej g\u0142\u00f3wnym celem, jest odkrycie, uwolnienie oraz przemiana negatywnych wzorc\u00f3w:\u00a0 \u2022 emocji \u2022 przekona\u0144\u00a0 \u2022 zachowa\u0144\u00a0 \u2022 mechanizm\u00f3w obronnych\u00a0 \u2022 do\u015bwiadcze\u0144, kt\u00f3re te wzorce wytworzy\u0142y.\u00a0 \u00a0\ud83d\udd38Si\u0119ga do samych \u201ekorzeni\u201d &#8211; czyli tego, co jest pierwotn\u0105 przyczyn\u0105 naszych obecnych problem\u00f3w, zmaga\u0144, trudno\u015bci, niepowodze\u0144, chor\u00f3b, na\u0142og\u00f3w, stresu, depresji, l\u0119k\u00f3w oraz wszelkich mo\u017cliwych powtarzaj\u0105cych si\u0119 negatywnych wzorc\u00f3w zachowa\u0144 i wydarze\u0144 &#8211; usuwaj\u0105c je, warstwa po warstwie na poziomie emocjonalnym, mentalnym i duchowym naszej psychiki oraz na poziomie pami\u0119ci kom\u00f3rkowej cia\u0142a. \u00a0\ud83d\udd38Przynosi widoczne efekty w procesach z trudnymi relacjami, kt\u00f3re chcemy uzdrowi\u0107, lub od kt\u00f3rych potrzebujemy si\u0119 uwolni\u0107. Jest szczeg\u00f3lnie korzystna i skuteczna w uzdrawianiu i pog\u0142\u0119bianiu relacji z SAMYM SOB\u0104. \u00a0\u00a0 \u00a0\ud83d\udd38Dodatkowo, jest u\u017cywana do uwalniania i przemiany wytworzonego poprzez mechanizmy obronne zniekszta\u0142conego i nieprawdziwego wizerunku siebie, z kt\u00f3rym si\u0119 silnie uto\u017csamiamy oraz powi\u0105zanych z nimi negatywnych nawyk\u00f3w, emocji i zachowa\u0144, i ich destrukcyjnych skutk\u00f3w, takich jak mi\u0119dzy innymi: \u2022 brak poczucia w\u0142asnej warto\u015bci\/bezsilno\u015b\u0107\/niemoc \u2022 stany l\u0119kowe i depresyjne \u2022 wstyd\/poczucie winy \u2022 nerwice\/zachowania kompulsywne\/fobie \u2022 zaburzenia od\u017cywiania\/bulimia\/anoreksja\/oty\u0142o\u015b\u0107 \u00a0 \u2022 wszelkie na\u0142ogi\u00a0\u00a0 \u2022 agresja\/gniew\/przemoc emocjonalna i fizyczna \u2022 zaburzenia osobowo\u015bci \u2022 samo-okaleczanie\u00a0 \u2022 wszelkie dolegliwo\u015bci zdrowotne \u2022 zagra\u017caj\u0105ce \u017cyciu\/przewlek\u0142e choroby \u2022 i wiele innych\u00a0 KLUCZEM, w tej metodzie, kt\u00f3ry przynosi rozwi\u0105zanie, uwolnienie, przemian\u0119 i uzdrowienie jest zastosowanie emocji\/energii WSP\u00d3\u0141CZUCIA, kt\u00f3re nie powinno by\u0107 mylone z u\u017calaniem si\u0119 nad sob\u0105, lito\u015bci\u0105, czy poczuciem bycia ofiar\u0105, poniewa\u017c prawdziwe wsp\u00f3\u0142czucie tym nie jest.\u00a0 PRAWDZIWE WSP\u00d3\u0141CZUCIE to uznanie z szacunkiem, zrozumieniem i mi\u0142o\u015bci\u0105 tego, co si\u0119 czuje i czego si\u0119 do\u015bwiadcza, to troska o siebie i danie sobie zrozumienia, wsparcia, akceptacji i mi\u0142o\u015bci, kt\u00f3rych nie dostali\u015bmy wtedy, kiedy najbardzej ich potrzebowali\u015bmy &#8211; szczeg\u00f3lnie traumatyczne w dzieci\u0144stwie &#8211; a co mia\u0142o i wci\u0105\u017c ma bezpo\u015bredni wp\u0142yw na to, jak postrzegamy i traktujemy siebie i innych.\u00a0 Zajmuj\u0119 si\u0119 terapi\u0105 od ponad 20 lat, uczy\u0142am si\u0119, pracowa\u0142am z i do\u015bwiadczy\u0142am wielu jej form, mi\u0119dzy innymi Psychosyntezy, Psychologii Alternatywnej i Ustawie\u0144 Systemowych Berta Hellingera. Praktykowa\u0142am i wypr\u00f3bowa\u0142am na sobie r\u00f3\u017cne formy psychoterapii, w\u0142\u0105cznie z jej najnowszymi odkryciami, takimi jak Coherent Therapy (Terapia Koherencji), Somatic Experiencing, oraz metody pomocnicze, jak np. EFT-Tapping.\u00a0 Podczas procesu uczenia si\u0119, do\u015bwiadczania na sobie i praktykowania z klientami metody The Compassion Key\u00ae\ufe0f zrozumia\u0142am, \u017ce brakowa\u0142o mi we wcze\u015bniejszych formach terapii takiego w\u0142a\u015bnie podej\u015bcia do problemu, potrzeb klienta, oraz skutecznego i trwa\u0142ego rozwi\u0105zania i uwolnienia, jak\u0105 ona oferuje. Osobi\u015bcie do\u015bwiadczy\u0142am na sobie oko\u0142o 50 takich sesji, a innych poprowadzi\u0142am w tym procesie, jak do tej pory w ponad stu. Je\u015bli chcesz osobi\u015bcie do\u015bwiadczy\u0107 takiej sesji ze mn\u0105, mo\u017cesz si\u0119 um\u00f3wi\u0107 na wizyt\u0119 online, kliknij na przycisk poni\u017cej.\u00a0 ZAM\u00d3W SESJ\u0118 CO M\u00d3WI\u0104 KLIENCI I UCZESTNICY&#8230; \u201eSesja z Isabell\u0105 jest naprawd\u0119 czym\u015b bardzo niezwyk\u0142ym. Do\u015b\u0107 sceptycznie i z du\u017c\u0105 rezerw\u0105 podchodzi\u0142am do tego spotkania, ale pewne \u017cyciowe sytuacje wymagaly podj\u0119cia kolejnej pr\u00f3by uporania si\u0119 z nimi. Dlatego w ko\u0144cu zdecydowa\u0142am si\u0119 spr\u00f3bowa\u0107. Mog\u0119 powiedzie\u0107, \u017ce trzeba by\u0142o zrobi\u0107 to szybciej, ale mo\u017ce tak mia\u0142o by\u0107? A mo\u017ce jednak dopiero teraz by\u0142 dla mnie w\u0142a\u015bciwy moment w \u017cyciu, \u017ceby pozamyka\u0107 pewne sprawy, odci\u0105\u0107 przys\u0142owiow\u0105 p\u0119powin\u0119, kt\u00f3r\u0105 notabene przecina\u0142am podczas pierwszej sesji! Pierwsza sesja by\u0142a trudna i d\u0142uga ale zako\u0144czona sukcesem! Intencja drugiej sesji by\u0142a dla mnie bardzo, bardzo osobista, dotyka\u0142a mnie jako matki i zagubionej mi\u0142o\u015bci do w\u0142asnej c\u00f3rki, z jakiego\u015b powodu, trudno mi si\u0119 z tym \u017cy\u0142o, co te\u017c mia\u0142o wp\u0142yw na moich najbli\u017cszych. Natomiast ta sesja by\u0142a wyj\u0105tkowa, magiczna i przepe\u0142niona ogromn\u0105 ilo\u015bci\u0105 \u015bwiat\u0142a, podczas kt\u00f3rej czu\u0142am, jak do mojego cia\u0142a i serca wraca to pi\u0119kne uczucie, kiedy po raz pierwszy zobaczy\u0142am swoj\u0105 c\u00f3rk\u0119 po porodzie. Tak mi tego brakowa\u0142o, \u017ce \u0142zy same lecia\u0142y z oczu, nawet teraz kiedy to pisze, r\u00f3wnie\u017c nap\u0142ywaj\u0105. Sesja by\u0142a wyj\u0105tkowo oczyszczaj\u0105ca z przesz\u0142o\u015bci, jak si\u0119 okaza\u0142o nie tylko mojej, ale te\u017c ta pustka zosta\u0142a wype\u0142niona mi\u0142o\u015bci\u0105, prawdziw\u0105, bezwarunkow\u0105. Efekt na codzie\u0144 jest bardzo subtelny ale ja go czuj\u0119 w sobie, ale najwa\u017cniejsze, \u017ce moi bliscy r\u00f3wnie\u017c to czuj\u0105, relacja z c\u00f3rk\u0105 jest teraz zdecydowanie bardziej prawdziwsza, g\u0142\u0119bsza i bezwarunkow\u0105, jestem te\u017c cierpliwsza i spokojniejsza. Przebieg sesji by\u0142 zawsze dla mnie du\u017cym zaskoczeniem, ale dzi\u0119ki Isabelli czu\u0142am si\u0119 bezpiecznie, prowadzi\u0142a mnie z du\u017cym wyczuciem moment\u00f3w w kt\u00f3rych tego potrzebowa\u0142am. Niesamowite prze\u017cycie wewn\u0119trzne, ale z realnymi efektami widocznymi na zewn\u0105trz. \u017badne sesje z psychologami nie da\u0142y mi tego co osi\u0105gn\u0119\u0142am dzi\u0119ki 2 sesjom z Isabell\u0105. Jestem jej bardzo wdzi\u0119czna za wsparcie oraz znajomej kt\u00f3ra mnie do niej zaprowadzi\u0142a.\u201d \u00a0Lidia WI\u0118CEJ OPINII KLIENT\u00d3W ZAM\u00d3W SESJ\u0118<\/p>\n","protected":false},"author":1,"featured_media":0,"parent":0,"menu_order":0,"comment_status":"closed","ping_status":"closed","template":"","meta":{"footnotes":""},"class_list":["post-1764","page","type-page","status-publish","hentry"],"_links":{"self":[{"href":"https:\/\/skuteczna-terapia.eu\/index.php?rest_route=\/wp\/v2\/pages\/1764","targetHints":{"allow":["GET"]}}],"collection":[{"href":"https:\/\/skuteczna-terapia.eu\/index.php?rest_route=\/wp\/v2\/pages"}],"about":[{"href":"https:\/\/skuteczna-terapia.eu\/index.php?rest_route=\/wp\/v2\/types\/page"}],"author":[{"embeddable":true,"href":"https:\/\/skuteczna-terapia.eu\/index.php?rest_route=\/wp\/v2\/users\/1"}],"replies":[{"embeddable":true,"href":"https:\/\/skuteczna-terapia.eu\/index.php?rest_route=%2Fwp%2Fv2%2Fcomments&post=1764"}],"version-history":[{"count":93,"href":"https:\/\/skuteczna-terapia.eu\/index.php?rest_route=\/wp\/v2\/pages\/1764\/revisions"}],"predecessor-version":[{"id":3302,"href":"https:\/\/skuteczna-terapia.eu\/index.php?rest_route=\/wp\/v2\/pages\/1764\/revisions\/3302"}],"wp:attachment":[{"href":"https:\/\/skuteczna-terapia.eu\/index.php?rest_route=%2Fwp%2Fv2%2Fmedia&parent=1764"}],"curies":[{"name":"wp","href":"https:\/\/api.w.org\/{rel}","templated":true}]}}