{"id":1699,"date":"2023-07-09T02:18:38","date_gmt":"2023-07-09T00:18:38","guid":{"rendered":"https:\/\/skuteczna-terapia.eu\/?page_id=1699"},"modified":"2026-03-24T14:17:46","modified_gmt":"2026-03-24T13:17:46","slug":"zamow-sesje","status":"publish","type":"page","link":"https:\/\/skuteczna-terapia.eu\/?page_id=1699","title":{"rendered":"Zam\u00f3w sesj\u0119"},"content":{"rendered":"\t\t<div data-elementor-type=\"wp-page\" data-elementor-id=\"1699\" class=\"elementor elementor-1699\">\n\t\t\t\t\t\t<section class=\"elementor-section elementor-top-section elementor-element elementor-element-1349c212 elementor-section-boxed elementor-section-height-default elementor-section-height-default wpr-particle-no wpr-jarallax-no wpr-parallax-no wpr-sticky-section-no\" data-id=\"1349c212\" data-element_type=\"section\" data-e-type=\"section\">\n\t\t\t\t\t\t<div class=\"elementor-container elementor-column-gap-default\">\n\t\t\t\t\t<div class=\"elementor-column elementor-col-100 elementor-top-column elementor-element elementor-element-7bd2a1e4\" data-id=\"7bd2a1e4\" data-element_type=\"column\" data-e-type=\"column\">\n\t\t\t<div class=\"elementor-widget-wrap elementor-element-populated\">\n\t\t\t\t\t\t<div class=\"elementor-element elementor-element-38eaac73 elementor-widget elementor-widget-text-editor\" data-id=\"38eaac73\" data-element_type=\"widget\" data-e-type=\"widget\" data-widget_type=\"text-editor.default\">\n\t\t\t\t<div class=\"elementor-widget-container\">\n\t\t\t\t\t\t\t\t\t<h4><span style=\"letter-spacing: 0px;\">&nbsp; &nbsp;<\/span><span style=\"letter-spacing: 0px;\">OFERUJ\u0118 DWIE OPCJE SESJI:<\/span><\/h4>\n<h5 style=\"text-align: center;\"><span style=\"letter-spacing: 0px;\">Sesja terapeutyczna &#8211; 60 minut &#8211; <span style=\"font-weight: normal;\">odbywa si\u0119 online przez platform\u0119 Google Meet lub WhatsApp.<\/span><\/span><\/h5>\n<h5 style=\"text-align: center;\">Sesja terapeutyczna z procesem &#8211; 90 minut &#8211; <span style=\"font-weight: normal;\">odbywa si\u0119 online przez platform\u0119 Google Meet lub WhatsApp.<\/span><\/h5>\n<h5 style=\"text-align: center;\">Konslultacja wst\u0119pna online trwa 45 minut &#8211; <span style=\"font-weight: normal;\">odbywa si\u0119 przezplatform\u0119 Google Meet&nbsp;<span style=\"letter-spacing: 0px;\">lub WhatsApp.<\/span><\/span><\/h5>\n<div><span style=\"font-weight: normal;\"><span style=\"letter-spacing: 0px;\">&nbsp;<\/span><\/span><\/div>\n<h4 style=\"text-align: center;\"><strong>PROCES REZERWACJI:<\/strong><\/h4>\n<h5 style=\"text-align: center;\"><span style=\"letter-spacing: 0px;\"><img decoding=\"async\" class=\"emoji\" role=\"img\" draggable=\"false\" src=\"https:\/\/s.w.org\/images\/core\/emoji\/17.0.2\/svg\/2763.svg\" alt=\"\u2763\ufe0f\"><\/span><span style=\"letter-spacing: 0px;\">Rezerwacja jest przyj\u0119ta i zapewniona dopiero po dokonaniu op\u0142aty.&nbsp;<\/span><\/h5>\n<h5 style=\"text-align: center;\">&nbsp;1. Wybierz dzie\u0144 i godzin\u0119 sesji\/konsultacji w <a href=\"https:\/\/calendly.com\/compassion-key-sessions\/one-on-one\">KALENDARZU REZERWACJI <\/a>\u261c<\/h5>\n<h5 style=\"text-align: center;\">2. Dokonaj op\u0142aty i prze\u015blij potwierdzenie <span style=\"font-weight: normal;\">&#8211; kliknij na przyciski poni\u017cej. <\/span>&nbsp; &nbsp; &nbsp; &nbsp; &nbsp;<\/h5>\n<p><!-- \/wp:paragraph --><!-- wp:paragraph --><\/p>\n<p><!-- \/wp:paragraph --><\/p>\t\t\t\t\t\t\t\t<\/div>\n\t\t\t\t<\/div>\n\t\t\t\t<div class=\"elementor-element elementor-element-02d306d elementor-align-center elementor-widget elementor-widget-button\" data-id=\"02d306d\" data-element_type=\"widget\" data-e-type=\"widget\" data-widget_type=\"button.default\">\n\t\t\t\t<div class=\"elementor-widget-container\">\n\t\t\t\t\t\t\t\t\t<div class=\"elementor-button-wrapper\">\n\t\t\t\t\t<a class=\"elementor-button elementor-button-link elementor-size-sm elementor-animation-pulse\" href=\"https:\/\/skuteczna-terapia.eu\/?page_id=1158\">\n\t\t\t\t\t\t<span class=\"elementor-button-content-wrapper\">\n\t\t\t\t\t\t\t\t\t<span class=\"elementor-button-text\"> DOKONAJ  OP\u0141ATY - CENNIK<\/span>\n\t\t\t\t\t<\/span>\n\t\t\t\t\t<\/a>\n\t\t\t\t<\/div>\n\t\t\t\t\t\t\t\t<\/div>\n\t\t\t\t<\/div>\n\t\t\t\t\t<\/div>\n\t\t<\/div>\n\t\t\t\t\t<\/div>\n\t\t<\/section>\n\t\t\t\t<section class=\"elementor-section elementor-top-section elementor-element elementor-element-fa49bcf elementor-section-boxed elementor-section-height-default elementor-section-height-default wpr-particle-no wpr-jarallax-no wpr-parallax-no wpr-sticky-section-no\" data-id=\"fa49bcf\" data-element_type=\"section\" data-e-type=\"section\">\n\t\t\t\t\t\t<div class=\"elementor-container elementor-column-gap-wider\">\n\t\t\t\t\t<div class=\"elementor-column elementor-col-100 elementor-top-column elementor-element elementor-element-db03ef7\" data-id=\"db03ef7\" data-element_type=\"column\" data-e-type=\"column\">\n\t\t\t<div class=\"elementor-widget-wrap elementor-element-populated\">\n\t\t\t\t\t\t<div class=\"elementor-element elementor-element-8d5d461 elementor-widget elementor-widget-text-editor\" data-id=\"8d5d461\" data-element_type=\"widget\" data-e-type=\"widget\" data-widget_type=\"text-editor.default\">\n\t\t\t\t<div class=\"elementor-widget-container\">\n\t\t\t\t\t\t\t\t\t<h5><strong> \u2763\ufe0fProces zapis\u00f3w jest w j\u0119zyku angielskim. Je\u015bli nie znasz angielskiego:\u00a0<\/strong><\/h5>\n<ul>\n<li>Musisz klikn\u0105\u0107 na dzie\u0144 w kalendarzu, a potem godzin\u0119. \u00a0<\/li>\n<li>Nast\u0119pnie wpisa\u0107 swoje imi\u0119 w rubryce (name) i e-mail w rubryce (email).<\/li>\n<li>Na ko\u0144cu klikn\u0105\u0107 na niebieski przycisk (Schedule Event).<\/li>\n<li>Chwil\u0119 p\u00f3\u017aniej dostaniesz e-mail potwierdzaj\u0105cy z linkiem do spotkania, w kolorze niebieskim. Wygl\u0105da to tak:<\/li>\n<\/ul>\n<p><strong>\u00a0 \u00a0 Location:<\/strong><strong style=\"letter-spacing: 0px;\">\u00a0<\/strong><\/p>\n<p>\u00a0 \u00a0 This is a Google Meet web conference. <span style=\"text-decoration: underline; color: #3366ff;\">Join now<\/span> <span style=\"color: #000000;\">\u2190 kliknij, \u017ceby si\u0119 po\u0142\u0105czy\u0107.\u00a0<\/span><\/p>\n<h5><strong>JE\u015aLI E-MAIL NIE DOSZED\u0141 TO NA PEWNO JEST W SPAMIE.<\/strong><\/h5>\n<ul>\n<li>\u2763\ufe0fProsz\u0119 zachowaj ten e-mail, tak \u017ceby mie\u0107 do niego \u0142atwy dost\u0119p.<\/li>\n<li>Prosz\u0119 zaloguj si\u0119 na spotkanie punktualnie o ustalonej godzinie.\u00a0<\/li>\n<\/ul>\t\t\t\t\t\t\t\t<\/div>\n\t\t\t\t<\/div>\n\t\t\t\t\t<\/div>\n\t\t<\/div>\n\t\t\t\t\t<\/div>\n\t\t<\/section>\n\t\t\t\t<\/div>\n\t\t","protected":false},"excerpt":{"rendered":"<p>&nbsp; &nbsp;OFERUJ\u0118 DWIE OPCJE SESJI: Sesja terapeutyczna &#8211; 60 minut &#8211; odbywa si\u0119 online przez platform\u0119 Google Meet lub WhatsApp. Sesja terapeutyczna z procesem &#8211; 90 minut &#8211; odbywa si\u0119 online przez platform\u0119 Google Meet lub WhatsApp. Konslultacja wst\u0119pna online trwa 45 minut &#8211; odbywa si\u0119 przezplatform\u0119 Google Meet&nbsp;lub WhatsApp. &nbsp; PROCES REZERWACJI: Rezerwacja jest przyj\u0119ta i zapewniona dopiero po dokonaniu op\u0142aty.&nbsp; &nbsp;1. Wybierz dzie\u0144 i godzin\u0119 sesji\/konsultacji w KALENDARZU REZERWACJI \u261c 2. Dokonaj op\u0142aty i prze\u015blij potwierdzenie &#8211; kliknij na przyciski poni\u017cej. &nbsp; &nbsp; &nbsp; &nbsp; &nbsp; DOKONAJ OP\u0141ATY &#8211; CENNIK \u2763\ufe0fProces zapis\u00f3w jest w j\u0119zyku angielskim. Je\u015bli nie znasz angielskiego:\u00a0 Musisz klikn\u0105\u0107 na dzie\u0144 w kalendarzu, a potem godzin\u0119. \u00a0 Nast\u0119pnie wpisa\u0107 swoje imi\u0119 w rubryce (name) i e-mail w rubryce (email). Na ko\u0144cu klikn\u0105\u0107 na niebieski przycisk (Schedule Event). Chwil\u0119 p\u00f3\u017aniej dostaniesz e-mail potwierdzaj\u0105cy z linkiem do spotkania, w kolorze niebieskim. Wygl\u0105da to tak: \u00a0 \u00a0 Location:\u00a0 \u00a0 \u00a0 This is a Google Meet web conference. Join now \u2190 kliknij, \u017ceby si\u0119 po\u0142\u0105czy\u0107.\u00a0 JE\u015aLI E-MAIL NIE DOSZED\u0141 TO NA PEWNO JEST W SPAMIE. \u2763\ufe0fProsz\u0119 zachowaj ten e-mail, tak \u017ceby mie\u0107 do niego \u0142atwy dost\u0119p. Prosz\u0119 zaloguj si\u0119 na spotkanie punktualnie o ustalonej godzinie.\u00a0<\/p>\n","protected":false},"author":1,"featured_media":0,"parent":0,"menu_order":0,"comment_status":"closed","ping_status":"closed","template":"","meta":{"footnotes":""},"class_list":["post-1699","page","type-page","status-publish","hentry"],"_links":{"self":[{"href":"https:\/\/skuteczna-terapia.eu\/index.php?rest_route=\/wp\/v2\/pages\/1699","targetHints":{"allow":["GET"]}}],"collection":[{"href":"https:\/\/skuteczna-terapia.eu\/index.php?rest_route=\/wp\/v2\/pages"}],"about":[{"href":"https:\/\/skuteczna-terapia.eu\/index.php?rest_route=\/wp\/v2\/types\/page"}],"author":[{"embeddable":true,"href":"https:\/\/skuteczna-terapia.eu\/index.php?rest_route=\/wp\/v2\/users\/1"}],"replies":[{"embeddable":true,"href":"https:\/\/skuteczna-terapia.eu\/index.php?rest_route=%2Fwp%2Fv2%2Fcomments&post=1699"}],"version-history":[{"count":118,"href":"https:\/\/skuteczna-terapia.eu\/index.php?rest_route=\/wp\/v2\/pages\/1699\/revisions"}],"predecessor-version":[{"id":3890,"href":"https:\/\/skuteczna-terapia.eu\/index.php?rest_route=\/wp\/v2\/pages\/1699\/revisions\/3890"}],"wp:attachment":[{"href":"https:\/\/skuteczna-terapia.eu\/index.php?rest_route=%2Fwp%2Fv2%2Fmedia&parent=1699"}],"curies":[{"name":"wp","href":"https:\/\/api.w.org\/{rel}","templated":true}]}}