{"id":1158,"date":"2022-10-31T22:02:42","date_gmt":"2022-10-31T21:02:42","guid":{"rendered":"https:\/\/skuteczna-terapia.eu\/?page_id=1158"},"modified":"2026-03-24T14:20:21","modified_gmt":"2026-03-24T13:20:21","slug":"koszt-sesji-warsztatow-spotkan","status":"publish","type":"page","link":"https:\/\/skuteczna-terapia.eu\/?page_id=1158","title":{"rendered":"OP\u0141ATY &#8211; CENNIK"},"content":{"rendered":"\t\t<div data-elementor-type=\"wp-page\" data-elementor-id=\"1158\" class=\"elementor elementor-1158\">\n\t\t\t\t\t\t<section class=\"elementor-section elementor-top-section elementor-element elementor-element-30e1ebf1 elementor-section-boxed elementor-section-height-default elementor-section-height-default wpr-particle-no wpr-jarallax-no wpr-parallax-no wpr-sticky-section-no\" data-id=\"30e1ebf1\" data-element_type=\"section\" data-e-type=\"section\">\n\t\t\t\t\t\t<div class=\"elementor-container elementor-column-gap-default\">\n\t\t\t\t\t<div class=\"elementor-column elementor-col-100 elementor-top-column elementor-element elementor-element-296aa68b\" data-id=\"296aa68b\" data-element_type=\"column\" data-e-type=\"column\">\n\t\t\t<div class=\"elementor-widget-wrap elementor-element-populated\">\n\t\t\t\t\t\t<div class=\"elementor-element elementor-element-212c14e6 elementor-widget elementor-widget-text-editor\" data-id=\"212c14e6\" data-element_type=\"widget\" data-e-type=\"widget\" data-widget_type=\"text-editor.default\">\n\t\t\t\t<div class=\"elementor-widget-container\">\n\t\t\t\t\t\t\t\t\t<h5 style=\"text-align: center;\"><b style=\"letter-spacing: 0px;\">DLA OS\u00d3B MIESZKAJ\u0104CYCH W POLSCE\u00a0<\/b><\/h5><h5 style=\"text-align: center;\"><span style=\"text-decoration: underline;\"><b>\u00a0<\/b><\/span><span style=\"text-decoration: underline;\"><b>Konsultacja wst\u0119pna online:<\/b><\/span><\/h5><h5 style=\"text-align: center;\"><span style=\"letter-spacing: 0px; font-weight: normal;\">45 min &#8211; 100 PLN<\/span><\/h5><h5 style=\"text-align: center;\"><span style=\"text-decoration: underline;\"><b>\u00a0Sesja terapeutyczna online:<\/b><\/span><\/h5><div><h5 style=\"text-align: center;\"><span style=\"font-weight: normal;\">Sesja terapeutyczna &#8211; 60 min &#8211; 189 PLN<\/span><\/h5><\/div><h5 style=\"text-align: center;\"><span style=\"font-weight: normal;\">\u00a0<\/span>Sesja\u00a0<span style=\"letter-spacing: 0px;\">terapeutyczna z\u00a0<\/span><span style=\"letter-spacing: 0px;\">procesem &#8211; 90 min<\/span><span style=\"font-weight: normal; letter-spacing: 0px;\"> &#8211; 369 PLN \u00a0<\/span><\/h5><h5 style=\"text-align: center;\"><span style=\"font-weight: normal;\">Pakiet 3 sesji z procesem &#8211; 969 PLN\u00a0<\/span><\/h5>\t\t\t\t\t\t\t\t<\/div>\n\t\t\t\t<\/div>\n\t\t\t\t\t<\/div>\n\t\t<\/div>\n\t\t\t\t\t<\/div>\n\t\t<\/section>\n\t\t\t\t<section class=\"elementor-section elementor-top-section elementor-element elementor-element-4220145 elementor-section-boxed elementor-section-height-default elementor-section-height-default wpr-particle-no wpr-jarallax-no wpr-parallax-no wpr-sticky-section-no\" data-id=\"4220145\" data-element_type=\"section\" data-e-type=\"section\">\n\t\t\t\t\t\t<div class=\"elementor-container elementor-column-gap-default\">\n\t\t\t\t\t<div class=\"elementor-column elementor-col-100 elementor-top-column elementor-element elementor-element-01a9572\" data-id=\"01a9572\" data-element_type=\"column\" data-e-type=\"column\">\n\t\t\t<div class=\"elementor-widget-wrap elementor-element-populated\">\n\t\t\t\t\t\t<div class=\"elementor-element elementor-element-087f317 elementor-align-center elementor-widget elementor-widget-button\" data-id=\"087f317\" data-element_type=\"widget\" data-e-type=\"widget\" data-widget_type=\"button.default\">\n\t\t\t\t<div class=\"elementor-widget-container\">\n\t\t\t\t\t\t\t\t\t<div class=\"elementor-button-wrapper\">\n\t\t\t\t\t<a class=\"elementor-button elementor-button-link elementor-size-md elementor-animation-pulse\" href=\"https:\/\/skuteczna-terapia.eu\/?page_id=2564\">\n\t\t\t\t\t\t<span class=\"elementor-button-content-wrapper\">\n\t\t\t\t\t\t\t\t\t<span class=\"elementor-button-text\">DOKONAJ OP\u0141ATY<\/span>\n\t\t\t\t\t<\/span>\n\t\t\t\t\t<\/a>\n\t\t\t\t<\/div>\n\t\t\t\t\t\t\t\t<\/div>\n\t\t\t\t<\/div>\n\t\t\t\t\t<\/div>\n\t\t<\/div>\n\t\t\t\t\t<\/div>\n\t\t<\/section>\n\t\t\t\t<section class=\"elementor-section elementor-top-section elementor-element elementor-element-1b4e9f4 elementor-section-boxed elementor-section-height-default elementor-section-height-default wpr-particle-no wpr-jarallax-no wpr-parallax-no wpr-sticky-section-no\" data-id=\"1b4e9f4\" data-element_type=\"section\" data-e-type=\"section\">\n\t\t\t\t\t\t<div class=\"elementor-container elementor-column-gap-wider\">\n\t\t\t\t\t<div class=\"elementor-column elementor-col-100 elementor-top-column elementor-element elementor-element-dfa28b6\" data-id=\"dfa28b6\" data-element_type=\"column\" data-e-type=\"column\">\n\t\t\t<div class=\"elementor-widget-wrap elementor-element-populated\">\n\t\t\t\t\t\t<div class=\"elementor-element elementor-element-34bb88c elementor-widget elementor-widget-text-editor\" data-id=\"34bb88c\" data-element_type=\"widget\" data-e-type=\"widget\" data-widget_type=\"text-editor.default\">\n\t\t\t\t<div class=\"elementor-widget-container\">\n\t\t\t\t\t\t\t\t\t<h5 style=\"text-align: center;\"><b>&nbsp;DLA OS\u00d3B MIESZKAJ\u0104CYCH ZA GRANIC\u0104&nbsp;<\/b><\/h5>\n<h5 style=\"text-align: center;\"><span style=\"text-decoration: underline;\"><b>Konsultacja wst\u0119pna online:<\/b><\/span><\/h5>\n<h5 style=\"text-align: center;\"><span style=\"font-weight: normal;\">&nbsp;<\/span><span style=\"letter-spacing: 0px;\"><span style=\"font-weight: normal;\">45 min<\/span> &#8211; <\/span><span style=\"font-weight: normal; letter-spacing: 0px;\">\u20ac30<\/span><\/h5>\n<h5 style=\"text-align: center;\"><span style=\"text-decoration: underline;\"><b>&nbsp;Sesja terapeutyczna online:<\/b><\/span><\/h5>\n<h5 style=\"text-align: center;\"><b>EUR<\/b><\/h5>\n<h5 style=\"text-align: center;\"><span style=\"font-weight: normal;\">Sesja terapeutyczna &#8211; 60 min &#8211;&nbsp;<\/span><span style=\"font-weight: normal; letter-spacing: 0px;\">\u20ac<\/span><span style=\"font-weight: normal; letter-spacing: 0px;\">69<\/span><\/h5>\n<h5 style=\"text-align: center;\"><span style=\"letter-spacing: 0px;\">Sesja&nbsp;<\/span><span style=\"letter-spacing: 0px;\">terapeutyczna z&nbsp;<\/span><span style=\"letter-spacing: 0px;\">procesem &#8211;&nbsp;<\/span><span style=\"letter-spacing: 0px;\">90 min<\/span><span style=\"font-weight: normal; letter-spacing: 0px;\"> &#8211; \u20ac109<\/span><\/h5>\n<h5 style=\"text-align: center;\"><span style=\"letter-spacing: 0px; font-weight: normal;\">Pakiet 3 sesji z procesem &#8211; \u20ac269<\/span><span style=\"letter-spacing: 0px; font-weight: normal;\">&nbsp;<\/span><\/h5>\n<h5 style=\"text-align: center;\"><b>GBP&nbsp;<\/b><\/h5>\n<h5 style=\"text-align: center;\"><span style=\"font-weight: normal; letter-spacing: 0px;\">Sesja terapeutyczna &#8211; 60 min<\/span><span style=\"font-weight: normal;\">&nbsp;&#8211; \u00a369<\/span><\/h5>\n<div>\n<h5 style=\"text-align: center;\"><span style=\"letter-spacing: 0px;\">Sesja&nbsp;<\/span><span style=\"letter-spacing: 0px;\">terapeutyczna z&nbsp;<\/span><span style=\"letter-spacing: 0px;\">procesem &#8211;&nbsp;<\/span><span style=\"letter-spacing: 0px;\">90 min<\/span><span style=\"font-weight: normal; letter-spacing: 0px;\"> &#8211;&nbsp;<\/span><span style=\"font-weight: normal; letter-spacing: 0px;\">\u00a3109<\/span><\/h5>\n<\/div>\n<h5 style=\"text-align: center;\"><span style=\"font-weight: normal;\">Pakiet 3 sesji z procesem &#8211; \u00a3269<\/span><\/h5>\n<h5 style=\"text-align: center;\"><b>USD&nbsp;<\/b><\/h5>\n<h5 style=\"text-align: center;\"><span style=\"font-weight: normal; letter-spacing: 0px;\">Sesja terapeutyczna &#8211; 60 min &#8211;&nbsp;<\/span><span style=\"font-weight: normal; letter-spacing: 0px;\">$69<\/span><\/h5>\n<h5 style=\"text-align: center;\"><span style=\"letter-spacing: 0px;\">Sesja&nbsp;<\/span><span style=\"letter-spacing: 0px;\">terapeutyczna z&nbsp;<\/span><span style=\"letter-spacing: 0px;\">procesem &#8211;&nbsp;<\/span><span style=\"letter-spacing: 0px;\">90 min<\/span><span style=\"font-weight: normal;\">&nbsp;&#8211; $129<\/span><\/h5>\n<h5 style=\"text-align: center;\"><span style=\"font-weight: normal;\">Pakiet 3 sesji z procesem &#8211; $ 289<\/span><\/h5>\t\t\t\t\t\t\t\t<\/div>\n\t\t\t\t<\/div>\n\t\t\t\t<div class=\"elementor-element elementor-element-f2d5d05 elementor-align-center elementor-widget elementor-widget-button\" data-id=\"f2d5d05\" data-element_type=\"widget\" data-e-type=\"widget\" data-widget_type=\"button.default\">\n\t\t\t\t<div class=\"elementor-widget-container\">\n\t\t\t\t\t\t\t\t\t<div class=\"elementor-button-wrapper\">\n\t\t\t\t\t<a class=\"elementor-button elementor-button-link elementor-size-lg elementor-animation-pulse\" href=\"https:\/\/skuteczna-terapia.eu\/?page_id=2564\">\n\t\t\t\t\t\t<span class=\"elementor-button-content-wrapper\">\n\t\t\t\t\t\t\t\t\t<span class=\"elementor-button-text\">DOKONAJ OP\u0141ATY<\/span>\n\t\t\t\t\t<\/span>\n\t\t\t\t\t<\/a>\n\t\t\t\t<\/div>\n\t\t\t\t\t\t\t\t<\/div>\n\t\t\t\t<\/div>\n\t\t\t\t\t<\/div>\n\t\t<\/div>\n\t\t\t\t\t<\/div>\n\t\t<\/section>\n\t\t\t\t<\/div>\n\t\t","protected":false},"excerpt":{"rendered":"<p>DLA OS\u00d3B MIESZKAJ\u0104CYCH W POLSCE\u00a0 \u00a0Konsultacja wst\u0119pna online: 45 min &#8211; 100 PLN \u00a0Sesja terapeutyczna online: Sesja terapeutyczna &#8211; 60 min &#8211; 189 PLN \u00a0Sesja\u00a0terapeutyczna z\u00a0procesem &#8211; 90 min &#8211; 369 PLN \u00a0 Pakiet 3 sesji z procesem &#8211; 969 PLN\u00a0 DOKONAJ OP\u0141ATY &nbsp;DLA OS\u00d3B MIESZKAJ\u0104CYCH ZA GRANIC\u0104&nbsp; Konsultacja wst\u0119pna online: &nbsp;45 min &#8211; \u20ac30 &nbsp;Sesja terapeutyczna online: EUR Sesja terapeutyczna &#8211; 60 min &#8211;&nbsp;\u20ac69 Sesja&nbsp;terapeutyczna z&nbsp;procesem &#8211;&nbsp;90 min &#8211; \u20ac109 Pakiet 3 sesji z procesem &#8211; \u20ac269&nbsp; GBP&nbsp; Sesja terapeutyczna &#8211; 60 min&nbsp;&#8211; \u00a369 Sesja&nbsp;terapeutyczna z&nbsp;procesem &#8211;&nbsp;90 min &#8211;&nbsp;\u00a3109 Pakiet 3 sesji z procesem &#8211; \u00a3269 USD&nbsp; Sesja terapeutyczna &#8211; 60 min &#8211;&nbsp;$69 Sesja&nbsp;terapeutyczna z&nbsp;procesem &#8211;&nbsp;90 min&nbsp;&#8211; $129 Pakiet 3 sesji z procesem &#8211; $ 289 DOKONAJ OP\u0141ATY<\/p>\n","protected":false},"author":1,"featured_media":0,"parent":0,"menu_order":0,"comment_status":"closed","ping_status":"closed","template":"","meta":{"footnotes":""},"class_list":["post-1158","page","type-page","status-publish","hentry"],"_links":{"self":[{"href":"https:\/\/skuteczna-terapia.eu\/index.php?rest_route=\/wp\/v2\/pages\/1158","targetHints":{"allow":["GET"]}}],"collection":[{"href":"https:\/\/skuteczna-terapia.eu\/index.php?rest_route=\/wp\/v2\/pages"}],"about":[{"href":"https:\/\/skuteczna-terapia.eu\/index.php?rest_route=\/wp\/v2\/types\/page"}],"author":[{"embeddable":true,"href":"https:\/\/skuteczna-terapia.eu\/index.php?rest_route=\/wp\/v2\/users\/1"}],"replies":[{"embeddable":true,"href":"https:\/\/skuteczna-terapia.eu\/index.php?rest_route=%2Fwp%2Fv2%2Fcomments&post=1158"}],"version-history":[{"count":87,"href":"https:\/\/skuteczna-terapia.eu\/index.php?rest_route=\/wp\/v2\/pages\/1158\/revisions"}],"predecessor-version":[{"id":3893,"href":"https:\/\/skuteczna-terapia.eu\/index.php?rest_route=\/wp\/v2\/pages\/1158\/revisions\/3893"}],"wp:attachment":[{"href":"https:\/\/skuteczna-terapia.eu\/index.php?rest_route=%2Fwp%2Fv2%2Fmedia&parent=1158"}],"curies":[{"name":"wp","href":"https:\/\/api.w.org\/{rel}","templated":true}]}}