{"id":1152,"date":"2022-10-31T15:09:41","date_gmt":"2022-10-31T14:09:41","guid":{"rendered":"https:\/\/skuteczna-terapia.eu\/?page_id=1152"},"modified":"2025-05-13T02:52:01","modified_gmt":"2025-05-13T00:52:01","slug":"wydarzenia","status":"publish","type":"page","link":"https:\/\/skuteczna-terapia.eu\/?page_id=1152","title":{"rendered":"Warsztaty &#8211; kursy &#8211; webinary"},"content":{"rendered":"\t\t<div data-elementor-type=\"wp-page\" data-elementor-id=\"1152\" class=\"elementor elementor-1152\">\n\t\t\t\t\t\t<section class=\"elementor-section elementor-top-section elementor-element elementor-element-202d2105 elementor-section-boxed elementor-section-height-default elementor-section-height-default wpr-particle-no wpr-jarallax-no wpr-parallax-no wpr-sticky-section-no\" data-id=\"202d2105\" data-element_type=\"section\" data-e-type=\"section\">\n\t\t\t\t\t\t<div class=\"elementor-container elementor-column-gap-default\">\n\t\t\t\t\t<div class=\"elementor-column elementor-col-100 elementor-top-column elementor-element elementor-element-6f30d836\" data-id=\"6f30d836\" data-element_type=\"column\" data-e-type=\"column\">\n\t\t\t<div class=\"elementor-widget-wrap elementor-element-populated\">\n\t\t\t\t\t\t<div class=\"elementor-element elementor-element-44688a09 elementor-widget elementor-widget-text-editor\" data-id=\"44688a09\" data-element_type=\"widget\" data-e-type=\"widget\" data-widget_type=\"text-editor.default\">\n\t\t\t\t<div class=\"elementor-widget-container\">\n\t\t\t\t\t\t\t\t\t<h1 style=\"text-align: center;\"><strong>ROK 2025<\/strong><\/h1>\n<h3 style=\"text-align: center;\"><strong>KWIECIE\u0143 2025<\/strong><\/h3>\n<h3 style=\"text-align: center;\"><strong><span style=\"text-decoration: underline; color: #ff0095;\">15-04-2025 <\/span><\/strong><\/h3>\n<h4><strong>ZAPOMNIANE DZIECKO I ~ UZDRAWIAJ\u0104CA MI\u0141O\u015a\u0106 ~<\/strong> <span style=\"color: #ff9900;\">USTAWIENIA RODZINNE INACZEJ<\/span> &#8211; informacje i zapisy <a href=\"https:\/\/skuteczna-terapia.eu\/?p=3082\u2197\">TUTAJ\u00a0<\/a><\/h4>\n<h3 style=\"text-align: center;\"><span style=\"color: #ff0095;\"><strong><span style=\"text-decoration: underline;\">22-04-2025<\/span><\/strong><\/span><\/h3>\n<h4><strong>ZAPOMNIANE DZIECKO II ~ UZDRAWIAJ\u0104CA MI\u0141O\u015a\u0106<\/strong> ~ <span style=\"color: #ff9900;\">USTAWIENIA RODZINNE INACZEJ<\/span> &#8211; informacje i zapisy<a href=\"https:\/\/skuteczna-terapia.eu\/?p=3082\u2197\"> TUTAJ\u00a0<\/a><\/h4>\n<h3 style=\"text-align: center;\"><span style=\"text-decoration: underline; color: #ff4a95;\"><strong>29-04-2025<\/strong><\/span><\/h3>\n<h4 style=\"text-align: left;\"><strong>ZAPOMNIANE DZIECKO III ~ UZDRAWIAJ\u0104CA <\/strong><strong>MI\u0141O\u015a\u0106<\/strong>\u00a0~<span style=\"color: #ff9900;\"> USTAWIENIA RODZINNE INACZEJ <span style=\"color: #000000;\">&#8211; <\/span><\/span>informacje i zapisy <a href=\"https:\/\/skuteczna-terapia.eu\/?p=3082\u2197\">TUTAJ\u00a0<\/a><\/h4>\n<h4 style=\"text-align: left;\"><span style=\"color: #ff9900;\">\u00a0<\/span><\/h4>\n<h5 style=\"text-align: center;\">USTAWIENIA b\u0119d\u0105 si\u0119 odbywa\u0107 ONLINE przez platform\u0119 ZOOM,<\/h5>\n<h5 style=\"text-align: center;\">co tydzie\u0144, we WTORKI, w godzinach 19:00-22:00, czasu polskiego.\u00a0<\/h5>\n<h4 style=\"text-align: center;\">\u00a0<\/h4>\n<p>\u00a0<\/p>\n<h4><span style=\"letter-spacing: 0px; caret-color: #464646; color: #464646; font-family: 'Open Sans'; font-size: 15px; font-weight: 400;\">\u274a\u00a0<\/span><strong style=\"letter-spacing: 0px; caret-color: #464646; color: #464646; font-family: 'Open Sans'; font-size: 15px;\">\u2022<\/strong><span style=\"letter-spacing: 0px; caret-color: #464646; color: #464646; font-family: 'Open Sans'; font-size: 15px; font-weight: 400;\">\u00a0\u274a\u00a0<\/span><strong style=\"letter-spacing: 0px; caret-color: #464646; color: #464646; font-family: 'Open Sans'; font-size: 15px;\">\u2022<\/strong><span style=\"letter-spacing: 0px; caret-color: #464646; color: #464646; font-family: 'Open Sans'; font-size: 15px; font-weight: 400;\">\u00a0\u274a\u00a0<\/span><strong style=\"letter-spacing: 0px; caret-color: #464646; color: #464646; font-family: 'Open Sans'; font-size: 15px;\">\u2022<\/strong><span style=\"letter-spacing: 0px; caret-color: #464646; color: #464646; font-family: 'Open Sans'; font-size: 15px; font-weight: 400;\">\u00a0\u274a\u00a0<\/span><strong style=\"letter-spacing: 0px; caret-color: #464646; color: #464646; font-family: 'Open Sans'; font-size: 15px;\">\u2022<\/strong><span style=\"letter-spacing: 0px; caret-color: #464646; color: #464646; font-family: 'Open Sans'; font-size: 15px; font-weight: 400;\">\u00a0\u274a\u00a0<\/span><strong style=\"letter-spacing: 0px; caret-color: #464646; color: #464646; font-family: 'Open Sans'; font-size: 15px;\">\u2022<\/strong><span style=\"letter-spacing: 0px; caret-color: #464646; color: #464646; font-family: 'Open Sans'; font-size: 15px; font-weight: 400;\">\u00a0\u274a\u00a0<\/span><strong style=\"letter-spacing: 0px; caret-color: #464646; color: #464646; font-family: 'Open Sans'; font-size: 15px;\">\u2022<\/strong><span style=\"letter-spacing: 0px; caret-color: #464646; color: #464646; font-family: 'Open Sans'; font-size: 15px; font-weight: 400;\">\u00a0\u274a\u00a0<\/span><strong style=\"letter-spacing: 0px; caret-color: #464646; color: #464646; font-family: 'Open Sans'; font-size: 15px;\">\u2022<\/strong><span style=\"letter-spacing: 0px; caret-color: #464646; color: #464646; font-family: 'Open Sans'; font-size: 15px; font-weight: 400;\">\u00a0\u274a\u00a0<\/span><strong style=\"letter-spacing: 0px; caret-color: #464646; color: #464646; font-family: 'Open Sans'; font-size: 15px;\">\u2022<\/strong><span style=\"letter-spacing: 0px; caret-color: #464646; color: #464646; font-family: 'Open Sans'; font-size: 15px; font-weight: 400;\">\u00a0\u274a\u00a0<\/span><strong style=\"letter-spacing: 0px; caret-color: #464646; color: #464646; font-family: 'Open Sans'; font-size: 15px;\">\u2022<\/strong><span style=\"letter-spacing: 0px; caret-color: #464646; color: #464646; font-family: 'Open Sans'; font-size: 15px; font-weight: 400;\">\u00a0\u274a\u00a0<\/span><strong style=\"letter-spacing: 0px; caret-color: #464646; color: #464646; font-family: 'Open Sans'; font-size: 15px;\">\u2022<\/strong><span style=\"letter-spacing: 0px; caret-color: #464646; color: #464646; font-family: 'Open Sans'; font-size: 15px; font-weight: 400;\">\u00a0\u274a\u00a0<\/span><strong style=\"letter-spacing: 0px; caret-color: #464646; color: #464646; font-family: 'Open Sans'; font-size: 15px;\">\u2022<\/strong><span style=\"letter-spacing: 0px; caret-color: #464646; color: #464646; font-family: 'Open Sans'; font-size: 15px; font-weight: 400;\"> \u274a\u00a0<\/span><strong style=\"letter-spacing: 0px; caret-color: #464646; color: #464646; font-family: 'Open Sans'; font-size: 15px;\">\u2022 <\/strong><span style=\"letter-spacing: 0px; caret-color: #464646; color: #464646; font-family: 'Open Sans'; font-size: 15px; font-weight: 400;\">\u274a\u00a0<\/span><strong style=\"letter-spacing: 0px; caret-color: #464646; color: #464646; font-family: 'Open Sans'; font-size: 15px;\">\u2022<\/strong><span style=\"letter-spacing: 0px; caret-color: #464646; color: #464646; font-family: 'Open Sans'; font-size: 15px; font-weight: 400;\">\u00a0\u274a\u00a0<\/span><strong style=\"letter-spacing: 0px; caret-color: #464646; color: #464646; font-family: 'Open Sans'; font-size: 15px;\">\u2022<\/strong><span style=\"letter-spacing: 0px; caret-color: #464646; color: #464646; font-family: 'Open Sans'; font-size: 15px; font-weight: 400;\">\u00a0\u274a\u00a0<\/span><strong style=\"letter-spacing: 0px; caret-color: #464646; color: #464646; font-family: 'Open Sans'; font-size: 15px;\">\u2022<\/strong><span style=\"letter-spacing: 0px; caret-color: #464646; color: #464646; font-family: 'Open Sans'; font-size: 15px; font-weight: 400;\">\u00a0\u274a\u00a0<\/span><strong style=\"letter-spacing: 0px; caret-color: #464646; color: #464646; font-family: 'Open Sans'; font-size: 15px;\">\u2022<\/strong><span style=\"letter-spacing: 0px; caret-color: #464646; color: #464646; font-family: 'Open Sans'; font-size: 15px; font-weight: 400;\">\u00a0\u274a\u00a0<\/span><strong style=\"letter-spacing: 0px; caret-color: #464646; color: #464646; font-family: 'Open Sans'; font-size: 15px;\">\u2022<\/strong><span style=\"letter-spacing: 0px; caret-color: #464646; color: #464646; font-family: 'Open Sans'; font-size: 15px; font-weight: 400;\">\u00a0\u274a\u00a0<\/span><strong style=\"letter-spacing: 0px; caret-color: #464646; color: #464646; font-family: 'Open Sans'; font-size: 15px;\">\u2022<\/strong><span style=\"letter-spacing: 0px; caret-color: #464646; color: #464646; font-family: 'Open Sans'; font-size: 15px; font-weight: 400;\">\u00a0\u274a\u00a0<\/span><strong style=\"letter-spacing: 0px; caret-color: #464646; color: #464646; font-family: 'Open Sans'; font-size: 15px;\">\u2022<\/strong><span style=\"letter-spacing: 0px; caret-color: #464646; color: #464646; font-family: 'Open Sans'; font-size: 15px; font-weight: 400;\">\u00a0\u274a\u00a0<\/span><strong style=\"letter-spacing: 0px; caret-color: #464646; color: #464646; font-family: 'Open Sans'; font-size: 15px;\">\u2022<\/strong><span style=\"letter-spacing: 0px; caret-color: #464646; color: #464646; font-family: 'Open Sans'; font-size: 15px; font-weight: 400;\">\u00a0\u274a\u00a0<\/span><strong style=\"letter-spacing: 0px; caret-color: #464646; color: #464646; font-family: 'Open Sans'; font-size: 15px;\">\u2022<\/strong><span style=\"letter-spacing: 0px; caret-color: #464646; color: #464646; font-family: 'Open Sans'; font-size: 15px; font-weight: 400;\">\u00a0\u274a\u00a0<\/span><strong style=\"letter-spacing: 0px; caret-color: #464646; color: #464646; font-family: 'Open Sans'; font-size: 15px;\">\u2022<\/strong><span style=\"letter-spacing: 0px; caret-color: #464646; color: #464646; font-family: 'Open Sans'; font-size: 15px; font-weight: 400;\">\u00a0\u274a\u00a0<\/span><strong style=\"letter-spacing: 0px; caret-color: #464646; color: #464646; font-family: 'Open Sans'; font-size: 15px;\">\u2022<\/strong><span style=\"letter-spacing: 0px; caret-color: #464646; color: #464646; font-family: 'Open Sans'; font-size: 15px; font-weight: 400;\">\u00a0\u274a<\/span><\/h4>\n<h4>CZERWIEC 2024\u00a0<\/h4>\n<h4>11\/06\/2024 &#8211; RELACJE &#8211; EDYCJA II &#8211; webninar online metod\u0105 The Compassion Key<span style=\"font-size: 22px; letter-spacing: 0px;\">\u00ae\ufe0f &#8211; dowiedz si\u0119 wi\u0119cej TUTAJ.<\/span><\/h4>\n<h4><span style=\"letter-spacing: 0px; caret-color: #464646; color: #464646; font-family: 'Open Sans'; font-size: 15px; font-weight: 400;\">\u274a\u00a0<\/span><strong style=\"letter-spacing: 0px; caret-color: #464646; color: #464646; font-family: 'Open Sans'; font-size: 15px;\">\u2022<\/strong><span style=\"letter-spacing: 0px; caret-color: #464646; color: #464646; font-family: 'Open Sans'; font-size: 15px; font-weight: 400;\">\u00a0\u274a\u00a0<\/span><strong style=\"letter-spacing: 0px; caret-color: #464646; color: #464646; font-family: 'Open Sans'; font-size: 15px;\">\u2022<\/strong><span style=\"letter-spacing: 0px; caret-color: #464646; color: #464646; font-family: 'Open Sans'; font-size: 15px; font-weight: 400;\">\u00a0\u274a\u00a0<\/span><strong style=\"letter-spacing: 0px; caret-color: #464646; color: #464646; font-family: 'Open Sans'; font-size: 15px;\">\u2022<\/strong><span style=\"letter-spacing: 0px; caret-color: #464646; color: #464646; font-family: 'Open Sans'; font-size: 15px; font-weight: 400;\">\u00a0\u274a\u00a0<\/span><strong style=\"letter-spacing: 0px; caret-color: #464646; color: #464646; font-family: 'Open Sans'; font-size: 15px;\">\u2022<\/strong><span style=\"letter-spacing: 0px; caret-color: #464646; color: #464646; font-family: 'Open Sans'; font-size: 15px; font-weight: 400;\">\u00a0\u274a\u00a0<\/span><strong style=\"letter-spacing: 0px; caret-color: #464646; color: #464646; font-family: 'Open Sans'; font-size: 15px;\">\u2022<\/strong><span style=\"letter-spacing: 0px; caret-color: #464646; color: #464646; font-family: 'Open Sans'; font-size: 15px; font-weight: 400;\">\u00a0\u274a\u00a0<\/span><strong style=\"letter-spacing: 0px; caret-color: #464646; color: #464646; font-family: 'Open Sans'; font-size: 15px;\">\u2022<\/strong><span style=\"letter-spacing: 0px; caret-color: #464646; color: #464646; font-family: 'Open Sans'; font-size: 15px; font-weight: 400;\">\u00a0\u274a\u00a0<\/span><strong style=\"letter-spacing: 0px; caret-color: #464646; color: #464646; font-family: 'Open Sans'; font-size: 15px;\">\u2022<\/strong><span style=\"letter-spacing: 0px; caret-color: #464646; color: #464646; font-family: 'Open Sans'; font-size: 15px; font-weight: 400;\">\u00a0\u274a\u00a0<\/span><strong style=\"letter-spacing: 0px; caret-color: #464646; color: #464646; font-family: 'Open Sans'; font-size: 15px;\">\u2022<\/strong><span style=\"letter-spacing: 0px; caret-color: #464646; color: #464646; font-family: 'Open Sans'; font-size: 15px; font-weight: 400;\">\u00a0\u274a\u00a0<\/span><strong style=\"letter-spacing: 0px; caret-color: #464646; color: #464646; font-family: 'Open Sans'; font-size: 15px;\">\u2022<\/strong><span style=\"letter-spacing: 0px; caret-color: #464646; color: #464646; font-family: 'Open Sans'; font-size: 15px; font-weight: 400;\">\u00a0\u274a\u00a0<\/span><strong style=\"letter-spacing: 0px; caret-color: #464646; color: #464646; font-family: 'Open Sans'; font-size: 15px;\">\u2022<\/strong><span style=\"letter-spacing: 0px; caret-color: #464646; color: #464646; font-family: 'Open Sans'; font-size: 15px; font-weight: 400;\">\u00a0\u274a\u00a0<\/span><strong style=\"letter-spacing: 0px; caret-color: #464646; color: #464646; font-family: 'Open Sans'; font-size: 15px;\">\u2022<\/strong><span style=\"letter-spacing: 0px; caret-color: #464646; color: #464646; font-family: 'Open Sans'; font-size: 15px; font-weight: 400;\">\u00a0\u274a<\/span><\/h4>\n<h4>LISTOPAD 2023<\/h4>\n<p><!-- \/wp:heading --><\/p>\n<p><!-- wp:heading {\"level\":4,\"fontSize\":\"medium\"} --><\/p>\n<h4>26-11-23 &#8211; Z CYKLU KLUCZOWE RELACJE &#8211; MAMA &#8211; webinar online z metod\u0105 The Compassion Key\u00ae\ufe0f- <a href=\"https:\/\/skuteczna-terapia.eu\/?p=1941\" data-type=\"post\" data-id=\"1941\">dowiedz si\u0119 wi\u0119cej TUTAJ<\/a><\/h4>\n<p><!-- \/wp:heading --><\/p>\n<p><!-- wp:paragraph --><\/p>\n<p>\u274a <strong>\u2022<\/strong> \u274a <strong>\u2022<\/strong> \u274a <strong>\u2022<\/strong> \u274a <strong>\u2022<\/strong> \u274a <strong>\u2022<\/strong> \u274a <strong>\u2022<\/strong> \u274a <strong>\u2022<\/strong> \u274a <strong>\u2022<\/strong> \u274a <strong>\u2022<\/strong> \u274a <strong>\u2022<\/strong> \u274a <strong>\u2022<\/strong> \u274a<\/p>\n<p><!-- \/wp:paragraph --><\/p>\n<p><!-- wp:heading {\"level\":4} --><\/p>\n<h4>GRUDZIE\u0143 2023<\/h4>\n<p><!-- \/wp:heading --><\/p>\n<p><!-- wp:heading {\"level\":5,\"fontSize\":\"medium\"} --><\/p>\n<h5>03-12-23 &#8211; Z CYKLU KLUCZOWE RELACJE &#8211; TATA &#8211; webinar online z metod\u0105 The Compassion Key\u00ae\ufe0f- <a href=\"https:\/\/skuteczna-terapia.eu\/?p=2003\" data-type=\"post\" data-id=\"2003\">dowiedz si\u0119 wi\u0119cej TUTAJ<\/a><\/h5>\n<p><!-- \/wp:heading --><\/p>\n<p><!-- wp:paragraph --><\/p>\n<p>\u274a <strong>\u2022<\/strong> \u274a <strong>\u2022<\/strong> \u274a <strong>\u2022<\/strong> \u274a <strong>\u2022<\/strong> \u274a <strong>\u2022<\/strong> \u274a <strong>\u2022<\/strong> \u274a <strong>\u2022<\/strong> \u274a <strong>\u2022<\/strong> \u274a <strong>\u2022<\/strong> \u274a <strong>\u2022<\/strong> \u274a <strong>\u2022<\/strong> \u274a<\/p>\n<p><!-- \/wp:paragraph --><\/p>\n<p><!-- wp:heading {\"level\":5,\"fontSize\":\"medium\"} --><\/p>\n<h5>10-12-23 &#8211; Z CYKLU KLUCZOWE RELACJE &#8211; PRAWDZIWE JA &#8211; webinar online z metod\u0105 The Compassion Key\u00ae\ufe0f- <a href=\"https:\/\/skuteczna-terapia.eu\/?p=1941\" data-type=\"post\" data-id=\"1941\">dowiedz si\u0119 wi\u0119cej TUTAJ<\/a><\/h5>\n<p><!-- \/wp:heading --><\/p>\n<p><!-- wp:paragraph --><\/p>\n<p>\u274a <strong>\u2022<\/strong> \u274a <strong>\u2022<\/strong> \u274a <strong>\u2022<\/strong> \u274a <strong>\u2022<\/strong> \u274a <strong>\u2022<\/strong> \u274a <strong>\u2022<\/strong> \u274a <strong>\u2022<\/strong> \u274a <strong>\u2022<\/strong> \u274a <strong>\u2022<\/strong> \u274a <strong>\u2022<\/strong> \u274a <strong>\u2022<\/strong> \u274a<\/p>\n<p><!-- \/wp:paragraph --><\/p>\n<p><!-- wp:paragraph --><\/p>\n<p><strong>Je\u015bli chcesz otrzymywa\u0107 powiadomienia<\/strong> w sprawie wydarze\u0144, kt\u00f3re b\u0119d\u0119 organizowa\u0107 lub artyku\u0142\u00f3w, kt\u00f3re b\u0119d\u0119 tu zamieszcza\u0107, to zapraszam zapisz si\u0119 do mojego Newslettera. Mo\u017cesz to zrobi\u0107 wype\u0142niaj\u0105c formularz <strong>DO\u0141\u0104CZ DO NAS<\/strong>, kt\u00f3ry powinien automatycznie wysun\u0105\u0107 si\u0119 w ma\u0142ym okienku, po otwarciu tej strony. Je\u015bli tak si\u0119 nie sta\u0142o, to jest te\u017c zamieszczony po prawej stronie tekstu, kt\u00f3ry w\u0142a\u015bnie czytasz, je\u015bli u\u017cywasz komputera lub pod tym artyku\u0142em, je\u015bli korzystasz z kom\u00f3rki.<\/p>\n<p><!-- \/wp:paragraph --><\/p>\n<p><!-- wp:paragraph --><\/p>\n<p>Aby powr\u00f3ci\u0107 do<mark style=\"background-color: #ffffff;\"> <\/mark><strong><mark><mark style=\"background-color: #ffffff; color: #dd4d71;\">STRONY\u00a0G\u0141\u00d3WNEJ<\/mark><\/mark> <\/strong>kliknij napis <strong><mark><mark style=\"background-color: #ffffff; color: #e35478;\">Skuteczna Terapia<\/mark><\/mark><\/strong>\u00a0na zdj\u0119ciu, na samej g\u00f3rze tej witryny.<\/p>\n<p><!-- \/wp:paragraph --><\/p>\t\t\t\t\t\t\t\t<\/div>\n\t\t\t\t<\/div>\n\t\t\t\t\t<\/div>\n\t\t<\/div>\n\t\t\t\t\t<\/div>\n\t\t<\/section>\n\t\t\t\t<\/div>\n\t\t","protected":false},"excerpt":{"rendered":"<p>ROK 2025 KWIECIE\u0143 2025 15-04-2025 ZAPOMNIANE DZIECKO I ~ UZDRAWIAJ\u0104CA MI\u0141O\u015a\u0106 ~ USTAWIENIA RODZINNE INACZEJ &#8211; informacje i zapisy TUTAJ\u00a0 22-04-2025 ZAPOMNIANE DZIECKO II ~ UZDRAWIAJ\u0104CA MI\u0141O\u015a\u0106 ~ USTAWIENIA RODZINNE INACZEJ &#8211; informacje i zapisy TUTAJ\u00a0 29-04-2025 ZAPOMNIANE DZIECKO III ~ UZDRAWIAJ\u0104CA MI\u0141O\u015a\u0106\u00a0~ USTAWIENIA RODZINNE INACZEJ &#8211; informacje i zapisy TUTAJ\u00a0 \u00a0 USTAWIENIA b\u0119d\u0105 si\u0119 odbywa\u0107 ONLINE przez platform\u0119 ZOOM, co tydzie\u0144, we WTORKI, w godzinach 19:00-22:00, czasu polskiego.\u00a0 \u00a0 \u00a0 \u274a\u00a0\u2022\u00a0\u274a\u00a0\u2022\u00a0\u274a\u00a0\u2022\u00a0\u274a\u00a0\u2022\u00a0\u274a\u00a0\u2022\u00a0\u274a\u00a0\u2022\u00a0\u274a\u00a0\u2022\u00a0\u274a\u00a0\u2022\u00a0\u274a\u00a0\u2022\u00a0\u274a\u00a0\u2022\u00a0\u274a\u00a0\u2022 \u274a\u00a0\u2022 \u274a\u00a0\u2022\u00a0\u274a\u00a0\u2022\u00a0\u274a\u00a0\u2022\u00a0\u274a\u00a0\u2022\u00a0\u274a\u00a0\u2022\u00a0\u274a\u00a0\u2022\u00a0\u274a\u00a0\u2022\u00a0\u274a\u00a0\u2022\u00a0\u274a\u00a0\u2022\u00a0\u274a\u00a0\u2022\u00a0\u274a\u00a0\u2022\u00a0\u274a CZERWIEC 2024\u00a0 11\/06\/2024 &#8211; RELACJE &#8211; EDYCJA II &#8211; webninar online metod\u0105 The Compassion Key\u00ae\ufe0f &#8211; dowiedz si\u0119 wi\u0119cej TUTAJ. \u274a\u00a0\u2022\u00a0\u274a\u00a0\u2022\u00a0\u274a\u00a0\u2022\u00a0\u274a\u00a0\u2022\u00a0\u274a\u00a0\u2022\u00a0\u274a\u00a0\u2022\u00a0\u274a\u00a0\u2022\u00a0\u274a\u00a0\u2022\u00a0\u274a\u00a0\u2022\u00a0\u274a\u00a0\u2022\u00a0\u274a\u00a0\u2022\u00a0\u274a LISTOPAD 2023 26-11-23 &#8211; Z CYKLU KLUCZOWE RELACJE &#8211; MAMA &#8211; webinar online z metod\u0105 The Compassion Key\u00ae\ufe0f- dowiedz si\u0119 wi\u0119cej TUTAJ \u274a \u2022 \u274a \u2022 \u274a \u2022 \u274a \u2022 \u274a \u2022 \u274a \u2022 \u274a \u2022 \u274a \u2022 \u274a \u2022 \u274a \u2022 \u274a \u2022 \u274a GRUDZIE\u0143 2023 03-12-23 &#8211; Z CYKLU KLUCZOWE RELACJE &#8211; TATA &#8211; webinar online z metod\u0105 The Compassion Key\u00ae\ufe0f- dowiedz si\u0119 wi\u0119cej TUTAJ \u274a \u2022 \u274a \u2022 \u274a \u2022 \u274a \u2022 \u274a \u2022 \u274a \u2022 \u274a \u2022 \u274a \u2022 \u274a \u2022 \u274a \u2022 \u274a \u2022 \u274a 10-12-23 &#8211; Z CYKLU KLUCZOWE RELACJE &#8211; PRAWDZIWE JA &#8211; webinar online z metod\u0105 The Compassion Key\u00ae\ufe0f- dowiedz si\u0119 wi\u0119cej TUTAJ \u274a \u2022 \u274a \u2022 \u274a \u2022 \u274a \u2022 \u274a \u2022 \u274a \u2022 \u274a \u2022 \u274a \u2022 \u274a \u2022 \u274a \u2022 \u274a \u2022 \u274a Je\u015bli chcesz otrzymywa\u0107 powiadomienia w sprawie wydarze\u0144, kt\u00f3re b\u0119d\u0119 organizowa\u0107 lub artyku\u0142\u00f3w, kt\u00f3re b\u0119d\u0119 tu zamieszcza\u0107, to zapraszam zapisz si\u0119 do mojego Newslettera. Mo\u017cesz to zrobi\u0107 wype\u0142niaj\u0105c formularz DO\u0141\u0104CZ DO NAS, kt\u00f3ry powinien automatycznie wysun\u0105\u0107 si\u0119 w ma\u0142ym okienku, po otwarciu tej strony. Je\u015bli tak si\u0119 nie sta\u0142o, to jest te\u017c zamieszczony po prawej stronie tekstu, kt\u00f3ry w\u0142a\u015bnie czytasz, je\u015bli u\u017cywasz komputera lub pod tym artyku\u0142em, je\u015bli korzystasz z kom\u00f3rki. Aby powr\u00f3ci\u0107 do STRONY\u00a0G\u0141\u00d3WNEJ kliknij napis Skuteczna Terapia\u00a0na zdj\u0119ciu, na samej g\u00f3rze tej witryny.<\/p>\n","protected":false},"author":1,"featured_media":0,"parent":0,"menu_order":0,"comment_status":"closed","ping_status":"closed","template":"","meta":{"footnotes":""},"class_list":["post-1152","page","type-page","status-publish","hentry"],"_links":{"self":[{"href":"https:\/\/skuteczna-terapia.eu\/index.php?rest_route=\/wp\/v2\/pages\/1152","targetHints":{"allow":["GET"]}}],"collection":[{"href":"https:\/\/skuteczna-terapia.eu\/index.php?rest_route=\/wp\/v2\/pages"}],"about":[{"href":"https:\/\/skuteczna-terapia.eu\/index.php?rest_route=\/wp\/v2\/types\/page"}],"author":[{"embeddable":true,"href":"https:\/\/skuteczna-terapia.eu\/index.php?rest_route=\/wp\/v2\/users\/1"}],"replies":[{"embeddable":true,"href":"https:\/\/skuteczna-terapia.eu\/index.php?rest_route=%2Fwp%2Fv2%2Fcomments&post=1152"}],"version-history":[{"count":58,"href":"https:\/\/skuteczna-terapia.eu\/index.php?rest_route=\/wp\/v2\/pages\/1152\/revisions"}],"predecessor-version":[{"id":3375,"href":"https:\/\/skuteczna-terapia.eu\/index.php?rest_route=\/wp\/v2\/pages\/1152\/revisions\/3375"}],"wp:attachment":[{"href":"https:\/\/skuteczna-terapia.eu\/index.php?rest_route=%2Fwp%2Fv2%2Fmedia&parent=1152"}],"curies":[{"name":"wp","href":"https:\/\/api.w.org\/{rel}","templated":true}]}}